{"id":4027,"date":"2022-06-16T13:05:36","date_gmt":"2022-06-16T13:05:36","guid":{"rendered":"https:\/\/mousasky.com\/?post_type=product&#038;p=4027"},"modified":"2024-07-23T15:46:04","modified_gmt":"2024-07-23T15:46:04","slug":"4027","status":"publish","type":"product","link":"https:\/\/mousasky.com\/ru\/\u043f\u0440\u043e\u0434\u0443\u043a\u0442\/9-2\/","title":{"rendered":"\u041f\u043e\u0435\u0437\u0434\u043a\u0430 \u0432 \u0411\u0430\u0442\u0443\u043c\u0438 \u0438\u0437 \u0422\u0440\u0430\u0431\u0437\u043e\u043d\u0430"},"content":{"rendered":"<p>\ud83d\udca2 \u041f\u043e\u0434\u0440\u043e\u0431\u043d\u043e\u0441\u0442\u0438 \u043e \u043f\u043e\u0435\u0437\u0434\u043a\u0435:<br \/>\n\ud83d\udd39\u0632\u064a\u0640\u0627\u0631\u0629 \u0628\u0648\u0627\u0628\u0629 \u0633\u0627\u0631\u0628 \u0627\u0644\u062d\u062f\u0648\u062f\u064a\u0629 sarp s\u0131n\u0131r kap\u0131s\u0131<br \/>\n\ud83d\udd39 \u0632\u064a\u0640\u0627\u0631\u0629 \u0642\u0644\u0639\u0629 \u063a\u0648\u0646\u064a\u0648 gonio kalesi<br \/>\n\ud83d\udd39 \u0632\u064a\u0640\u0627\u0631\u0629 \u0627\u0644\u062d\u062f\u064a\u0642\u0629 \u0627\u0644\u0646\u0628\u0627\u062a\u064a\u0629 botanik bah\u00e7e<br \/>\n\ud83d\udd39 \u0632\u064a\u0640\u0627\u0631\u0629 \u0643\u0627\u062a\u062f\u0631\u0627\u0626\u064a\u0629 sanat m\u00fczesi<br \/>\n\ud83d\udd39 \u0632\u064a\u0640\u0627\u0631\u0629 \u0633\u0627\u062d\u0629 \u0627\u0648\u0631\u0628\u0627 avrupa meydan\u0131<br \/>\n\ud83d\udd39 \u0632\u064a\u0640\u0627\u0631\u0629 \u0627\u0644\u0645\u062f\u064a\u0629 \u0627\u0644\u0646\u062d\u062a medea heykeli<br \/>\n\ud83d\udd34 \u0418\u043d\u0444\u043e\u0440\u043c\u0430\u0446\u0438\u044f \u043e \u043f\u043e\u0435\u0437\u0434\u043a\u0435<br \/>\n\u062a\u0639\u062f \u0645\u062f\u064a\u0646\u0629 \u0628\u0627\u062a\u0648\u0645\u064a \u0641\u064a \u062c\u0648\u0631\u062c\u064a\u0627 \u0628\u0644\u0624\u0644\u0624\u0629 \u0627\u0644\u0628\u062d\u0631 \u0627\u0644\u0623\u0633\u0648\u062f\u060c \u0646\u0638\u0631\u064b\u0627 \u0644\u0637\u0628\u064a\u0639\u062a\u0647\u0627 \u0627\u0644\u062e\u0636\u0631\u0627\u0621 \u0648\u0645\u0646\u0627\u062e\u0647\u0627 \u0627\u0644\u0634\u0628\u0647 \u0625\u0633\u062a\u0648\u0627\u0626\u064a\u060c \u0648\u0642\u062f \u062d\u0627\u0632\u062a \u0639\u0644\u0649 \u0627\u0644\u0639\u062f\u064a\u062f \u0645\u0646 \u0627\u0644\u062c\u0648\u0627\u0626\u0632 \u0645\u0646 \u0636\u0645\u0646\u0647\u0627 \u062c\u0627\u0626\u0632\u0629 \u0627\u0644\u0633\u0641\u0631 \u0627\u0644\u0639\u0627\u0644\u0645\u064a\u0629 \u0628\u0627\u0639\u062a\u0628\u0627\u0631 \u0628\u0627\u062a\u0648\u0645\u064a &#8220;\u0627\u0644\u0648\u062c\u0647\u0629 \u0627\u0644\u0633\u064a\u0627\u062d\u064a\u0629 \u0627\u0644\u0646\u0627\u0634\u0626\u0629 \u0627\u0644\u0631\u0627\u0626\u062f\u0629 \u0641\u064a \u0623\u0648\u0631\u0648\u0628\u0627&#8221;\u060c \u0641\u064a \u062a\u062c\u0631\u0628\u0629 \u0633\u064a\u0627\u062d\u064a\u0629 \u0645\u0645\u064a\u0632\u0629 \u0646\u0623\u062e\u0630\u0643\u0645 \u0641\u064a \u0631\u062d\u0644\u0629 \u0625\u0644\u0649 \u0628\u0627\u062a\u0648\u0645\u064a \u0644\u062a\u062a\u0639\u0631\u0641 \u0639\u0644\u0649 \u0623\u062c\u0645\u0644 \u0627\u0644\u0623\u0645\u0627\u0643\u0646 \u0627\u0644\u0633\u064a\u0627\u062d\u064a\u0629 \u0627\u0644\u0645\u0648\u062c\u0648\u062f\u0629 \u0628\u0647\u0627.<\/p>","protected":false},"excerpt":{"rendered":"<p>\ud83d\udd36 \u0412 \u0441\u0442\u043e\u0438\u043c\u043e\u0441\u0442\u044c \u0432\u0445\u043e\u0434\u0438\u0442:<br \/>\n\ud83d\udd38 \u0432\u043a\u043b\u044e\u0447\u0430\u044f \u044d\u043a\u0441\u043a\u0443\u0440\u0441\u043e\u0432\u043e\u0434\u0430<br \/>\n\ud83d\udd38 \u0412\u043a\u043b\u044e\u0447\u0430\u044f \u0442\u0440\u0430\u043d\u0441\u043f\u043e\u0440\u0442 \u0434\u043e \u043e\u0442\u0435\u043b\u044f \u0438 \u043e\u0431\u0440\u0430\u0442\u043d\u043e<\/p>\n<p><span","protected":false},"featured_media":4033,"comment_status":"open","ping_status":"closed","template":"","meta":[],"product_cat":[79],"product_tag":[],"class_list":{"0":"post-4027","1":"product","2":"type-product","3":"status-publish","4":"has-post-thumbnail","6":"product_cat-79","8":"first","9":"instock","10":"shipping-taxable","11":"purchasable","12":"product-type-simple"},"_links":{"self":[{"href":"https:\/\/mousasky.com\/ru\/wp-json\/wp\/v2\/product\/4027","targetHints":{"allow":["GET"]}}],"collection":[{"href":"https:\/\/mousasky.com\/ru\/wp-json\/wp\/v2\/product"}],"about":[{"href":"https:\/\/mousasky.com\/ru\/wp-json\/wp\/v2\/types\/product"}],"replies":[{"embeddable":true,"href":"https:\/\/mousasky.com\/ru\/wp-json\/wp\/v2\/comments?post=4027"}],"wp:featuredmedia":[{"embeddable":true,"href":"https:\/\/mousasky.com\/ru\/wp-json\/wp\/v2\/media\/4033"}],"wp:attachment":[{"href":"https:\/\/mousasky.com\/ru\/wp-json\/wp\/v2\/media?parent=4027"}],"wp:term":[{"taxonomy":"product_cat","embeddable":true,"href":"https:\/\/mousasky.com\/ru\/wp-json\/wp\/v2\/product_cat?post=4027"},{"taxonomy":"product_tag","embeddable":true,"href":"https:\/\/mousasky.com\/ru\/wp-json\/wp\/v2\/product_tag?post=4027"}],"curies":[{"name":"wp","href":"https:\/\/api.w.org\/{rel}","templated":true}]}}