{"id":5005,"date":"2024-11-23T17:44:06","date_gmt":"2024-11-23T17:44:06","guid":{"rendered":"https:\/\/mousasky.com\/?post_type=product&#038;p=5005"},"modified":"2024-11-23T17:44:06","modified_gmt":"2024-11-23T17:44:06","slug":"209%d8%a8%d8%b1%d9%86%d8%a7%d9%85%d8%ac-%d8%a7%d8%b3%d8%b7%d9%86%d8%a8%d9%88%d9%84-6-%d9%84%d9%8a%d8%a7%d9%84%d9%8a-%d9%88-7-%d8%a7%d9%8a%d8%a7%d9%85","status":"publish","type":"product","link":"https:\/\/mousasky.com\/en\/product\/209\u0628\u0631\u0646\u0627\u0645\u062c-\u0627\u0633\u0637\u0646\u0628\u0648\u0644-6-\u0644\u064a\u0627\u0644\u064a-\u0648-7-\u0627\u064a\u0627\u0645\/","title":{"rendered":"209\u0628\u0631\u0646\u0627\u0645\u062c \u0627\u0633\u0637\u0646\u0628\u0648\u0644 6 \u0644\u064a\u0627\u0644\u064a \u0648 7 \u0627\u064a\u0627\u0645"},"content":{"rendered":"","protected":false},"excerpt":{"rendered":"<p>\u0627\u0644\u0633\u0639\u0631 \u064a\u0634\u0645\u0644:<\/p>\n<p>\ud83c\udf1f\ud83c\udf1f\ud83c\udf1f\ud83c\udf1f\ud83c\udfe8 \u0641\u0646\u062f\u0642 \u0627\u0633\u0637\u0646\u0628\u0648\u0644: TRYP BY W\u0130NDHAM \u015e\u0130\u015eL\u0130<\/p>\n<p>\ud83d\ude97 \u0627\u0633\u062a\u0642\u0628\u0627\u0644 \u0648\u062a\u0648\u062f\u064a\u0639 \u0641\u064a &#8230; <\/p>","protected":false},"featured_media":5006,"comment_status":"open","ping_status":"closed","template":"","meta":[],"product_cat":[80],"product_tag":[],"class_list":{"0":"post-5005","1":"product","2":"type-product","3":"status-publish","4":"has-post-thumbnail","6":"product_cat-80","8":"first","9":"instock","10":"shipping-taxable","11":"purchasable","12":"product-type-simple"},"_links":{"self":[{"href":"https:\/\/mousasky.com\/en\/wp-json\/wp\/v2\/product\/5005","targetHints":{"allow":["GET"]}}],"collection":[{"href":"https:\/\/mousasky.com\/en\/wp-json\/wp\/v2\/product"}],"about":[{"href":"https:\/\/mousasky.com\/en\/wp-json\/wp\/v2\/types\/product"}],"replies":[{"embeddable":true,"href":"https:\/\/mousasky.com\/en\/wp-json\/wp\/v2\/comments?post=5005"}],"wp:featuredmedia":[{"embeddable":true,"href":"https:\/\/mousasky.com\/en\/wp-json\/wp\/v2\/media\/5006"}],"wp:attachment":[{"href":"https:\/\/mousasky.com\/en\/wp-json\/wp\/v2\/media?parent=5005"}],"wp:term":[{"taxonomy":"product_cat","embeddable":true,"href":"https:\/\/mousasky.com\/en\/wp-json\/wp\/v2\/product_cat?post=5005"},{"taxonomy":"product_tag","embeddable":true,"href":"https:\/\/mousasky.com\/en\/wp-json\/wp\/v2\/product_tag?post=5005"}],"curies":[{"name":"wp","href":"https:\/\/api.w.org\/{rel}","templated":true}]}}