{"id":4619,"date":"2024-01-19T07:55:03","date_gmt":"2024-01-19T07:55:03","guid":{"rendered":"https:\/\/mousasky.com\/?post_type=product&#038;p=4619"},"modified":"2024-07-23T15:55:29","modified_gmt":"2024-07-23T15:55:29","slug":"%d8%ac%d9%88%d9%84%d8%a9-%d8%a7%d8%b3%d8%b7%d9%86%d8%a8%d9%88%d9%84-%d8%a7%d9%84%d8%a7%d8%b3%d9%8a%d9%88%d9%8a%d8%a9-vip-%d8%b1%d9%82%d9%85-7","status":"publish","type":"product","link":"https:\/\/mousasky.com\/en\/product\/\u062c\u0648\u0644\u0629-\u0627\u0633\u0637\u0646\u0628\u0648\u0644-\u0627\u0644\u0627\u0633\u064a\u0648\u064a\u0629-vip-\u0631\u0642\u0645-7\/","title":{"rendered":"Istanbul Asian Tour VIP No. 7"},"content":{"rendered":"<p>\ud83d\udd39 Visit Uskudar coast<br \/>\nA waterfront for Asian Istanbul on the Bosphorus, and an important tourist area, and it witnesses many vital projects that increase the chances of prosperity in life, and make it an important vital center.<\/p>\n<p>\ud83d\udd39 Visiting the Girl&#039;s Tower: Between myth and reality, the Girl&#039;s Tower shines and is distinguished by a balcony surrounding its top, which has a unique view.<\/p>\n<p>\ud83d\udd39 Visiting the Bride&#039;s Hill: distinguishes the area with its unique and wonderful view of the Asian and European sides of the city.<\/p>\n<p>\ud83d\udd39 Visiting the \u00c7aml\u0131ca Mosque: The \u00c7aml\u0131ca Mosque is considered the largest mosque to be built in the history of the Turkish Republic. It took 6 years to build, as work began on March 29, 2013, to be completed and inaugurated on March 7, 2019. The mosque was built on an area of 15 thousand square meters, and it can accommodate about sixty thousand A prayer hall, consisting of 10 closed buildings and five open places in the courtyard of the mosque for worshipers. It includes a conference hall, a museum of Turkish Islamic antiquities, a public library and an art gallery.<\/p>\n<p>\ud83d\udd39 Visiting Baghdad Street: Enjoy the shopping experience in Baghdad Street, as the street is called \u201cfashion street\u201d, as a group of high-end Istanbul markets, famous brands and shopping centers that provide you with everything that comes to mind of clothes, shoes, souvenirs, antiques lined the street. and many more.<\/p>","protected":false},"excerpt":{"rendered":"<p>\ud83d\udca2\u0627\u0644\u0633\u0639\u0631 \u064a\u0634\u0640\u0640\u0645\u0644 :<br \/>\n\u0633\u064a\u0627\u0631\u0629 \u0645\u0639 \u0633\u0627\u0626\u0642 \u064a\u062a\u0643\u0644\u0645 \u0639\u0631\u0628\u064a \u062a\u0631\u0643\u064a<br \/>\n\u062c\u0648\u0644\u0629 \u0644\u0645\u062f\u0629 \u0639\u0634\u0631 \u0633\u0627\u0639\u0627\u062a &#8230; <\/p>","protected":false},"featured_media":4645,"comment_status":"open","ping_status":"closed","template":"","meta":[],"product_cat":[87],"product_tag":[],"class_list":{"0":"post-4619","1":"product","2":"type-product","3":"status-publish","4":"has-post-thumbnail","6":"product_cat--vip-","8":"first","9":"instock","10":"shipping-taxable","11":"purchasable","12":"product-type-simple"},"_links":{"self":[{"href":"https:\/\/mousasky.com\/en\/wp-json\/wp\/v2\/product\/4619","targetHints":{"allow":["GET"]}}],"collection":[{"href":"https:\/\/mousasky.com\/en\/wp-json\/wp\/v2\/product"}],"about":[{"href":"https:\/\/mousasky.com\/en\/wp-json\/wp\/v2\/types\/product"}],"replies":[{"embeddable":true,"href":"https:\/\/mousasky.com\/en\/wp-json\/wp\/v2\/comments?post=4619"}],"wp:featuredmedia":[{"embeddable":true,"href":"https:\/\/mousasky.com\/en\/wp-json\/wp\/v2\/media\/4645"}],"wp:attachment":[{"href":"https:\/\/mousasky.com\/en\/wp-json\/wp\/v2\/media?parent=4619"}],"wp:term":[{"taxonomy":"product_cat","embeddable":true,"href":"https:\/\/mousasky.com\/en\/wp-json\/wp\/v2\/product_cat?post=4619"},{"taxonomy":"product_tag","embeddable":true,"href":"https:\/\/mousasky.com\/en\/wp-json\/wp\/v2\/product_tag?post=4619"}],"curies":[{"name":"wp","href":"https:\/\/api.w.org\/{rel}","templated":true}]}}