{"id":4027,"date":"2022-06-16T13:05:36","date_gmt":"2022-06-16T13:05:36","guid":{"rendered":"https:\/\/mousasky.com\/?post_type=product&#038;p=4027"},"modified":"2024-07-23T15:46:04","modified_gmt":"2024-07-23T15:46:04","slug":"4027","status":"publish","type":"product","link":"https:\/\/mousasky.com\/en\/product\/4027\/","title":{"rendered":"Batumi trip from Trabzon"},"content":{"rendered":"<p>\ud83d\udca2 Details about the trip:<br \/>\n\ud83d\udd39 Visit the Sarp border gate sarp s\u0131n\u0131r kap\u0131s\u0131<br \/>\n\ud83d\udd39 Visit gonio kalesi castle<br \/>\n\ud83d\udd39 visit the botanic garden bah\u00e7e<br \/>\n\ud83d\udd39 visit sanat m\u00fczesi cathedral<br \/>\n\ud83d\udd39 Visiting Europe Square avrupa meydan\u0131<br \/>\n\ud83d\udd39 Visiting the sculpture medea heykeli<br \/>\n\ud83d\udd34 Information about the trip<br \/>\nThe city of Batumi in Georgia is considered the pearl of the Black Sea, due to its green nature and subtropical climate, and it has won many awards, including the World Travel Award, considering Batumi \u201cthe leading emerging tourist destination in Europe.\u201d In a unique tourist experience, we take you on a trip to Batumi to get to know the most beautiful The tourist places in it.<\/p>","protected":false},"excerpt":{"rendered":"<p>\ud83d\udd36 The price includes:<br \/>\n\ud83d\udd38 including a tour guide<br \/>\n\ud83d\udd38 Including transportation to and from the hotel<\/p>\n<p><span","protected":false},"featured_media":4033,"comment_status":"open","ping_status":"closed","template":"","meta":[],"product_cat":[79],"product_tag":[],"class_list":{"0":"post-4027","1":"product","2":"type-product","3":"status-publish","4":"has-post-thumbnail","6":"product_cat-79","8":"first","9":"instock","10":"shipping-taxable","11":"purchasable","12":"product-type-simple"},"_links":{"self":[{"href":"https:\/\/mousasky.com\/en\/wp-json\/wp\/v2\/product\/4027","targetHints":{"allow":["GET"]}}],"collection":[{"href":"https:\/\/mousasky.com\/en\/wp-json\/wp\/v2\/product"}],"about":[{"href":"https:\/\/mousasky.com\/en\/wp-json\/wp\/v2\/types\/product"}],"replies":[{"embeddable":true,"href":"https:\/\/mousasky.com\/en\/wp-json\/wp\/v2\/comments?post=4027"}],"wp:featuredmedia":[{"embeddable":true,"href":"https:\/\/mousasky.com\/en\/wp-json\/wp\/v2\/media\/4033"}],"wp:attachment":[{"href":"https:\/\/mousasky.com\/en\/wp-json\/wp\/v2\/media?parent=4027"}],"wp:term":[{"taxonomy":"product_cat","embeddable":true,"href":"https:\/\/mousasky.com\/en\/wp-json\/wp\/v2\/product_cat?post=4027"},{"taxonomy":"product_tag","embeddable":true,"href":"https:\/\/mousasky.com\/en\/wp-json\/wp\/v2\/product_tag?post=4027"}],"curies":[{"name":"wp","href":"https:\/\/api.w.org\/{rel}","templated":true}]}}