{"id":2716,"date":"2023-01-14T14:32:32","date_gmt":"2023-01-14T14:32:32","guid":{"rendered":"https:\/\/mousasky.com\/?post_type=product&#038;p=2716"},"modified":"2023-06-23T14:11:13","modified_gmt":"2023-06-23T14:11:13","slug":"%d8%b1%d8%ad%d9%80%d9%80%d9%80%d9%84%d8%a9-%d9%83%d8%a8%d8%a7%d8%af%d9%88%d9%83%d9%8a%d8%a7-%d8%a7%d9%84%d8%ad%d9%85%d8%b1%d8%a7%d8%a1-%d9%81%d9%8a-%d9%83%d8%a8%d8%a7%d8%af%d9%88%d9%83%d9%8a%d8%a7","status":"publish","type":"product","link":"https:\/\/mousasky.com\/en\/product\/\u0631\u062d\u0640\u0640\u0640\u0644\u0629-\u0643\u0628\u0627\u062f\u0648\u0643\u064a\u0627-\u0627\u0644\u062d\u0645\u0631\u0627\u0621-\u0641\u064a-\u0643\u0628\u0627\u062f\u0648\u0643\u064a\u0627\/","title":{"rendered":"Red Cappadocia Tour in Cappadocia"},"content":{"rendered":"<div class=\"wpb-content-wrapper\"><div class=\"vc_row wpb_row vc_row-fluid\"><div class=\"wpb_column vc_column_container vc_col-sm-12\"><div class=\"vc_column-inner\"><div class=\"wpb_wrapper\">\n\t<div class=\"wpb_text_column wpb_content_element\" >\n\t\t<div class=\"wpb_wrapper\">\n\t\t\t<p>\ud83d\udca2 Details about the trip:<br \/>\nCappadocia red day tour<br \/>\nWhen you choose the Red Cappadocia One Day Tour, you will come across a program for visiting the north of the region. As mentioned before, there is such a richness in this geography that no matter how you look at it, no matter which way you go, you will see different beauties on your way every moment. Cappadocia is one of the most popular tourist destinations in T\u00fcrkiye. The fairy chimneys, which were formed naturally by the volcanic eruptions here, astonish those who see them with the clay soil structure of the area. While viewing these natural formations, you will witness the chaotic simplicity of the current life in the past when you see the towns, churches, and many different historical buildings built inside.<br \/>\n\ud83d\udff0\ud83d\udff0\ud83d\udff0\ud83d\udff0\ud83d\udff0\ud83d\udff0<br \/>\n\ud83d\udca2 Places to visit:<br \/>\nGoreme Open Air Museum<br \/>\nUchisar Castle<br \/>\nValley of Love \/ Baglidere<br \/>\nPasabag Valley \/ Valley of the Priests<br \/>\nAvanos<br \/>\nLunch<br \/>\nDifferent Valley \/ Dream Valley \/ Pink Valley<br \/>\nVisit the pottery workshop<br \/>\nG\u00f6reme A\u00e7\u0131k Hava Music<br \/>\nUchisar Kalesi<br \/>\nA\u015fk Vadisi \/ Ba\u011fl\u0131dere<br \/>\nPa\u015faba\u011f Vadisi \/ Rahipler Vadisi<br \/>\nAvanos<br \/>\n\u00d6\u011fle Yeme\u011fi<br \/>\nDevrent Vadisi \/ Hayal Vadisi \/ Pembe Vadi<br \/>\n\u00c7\u00f6mlek At\u00f6lyesi Ziyareti<\/p>\n\n\t\t<\/div>\n\t<\/div>\n\n\t<div class=\"wpb_raw_code wpb_raw_html wpb_content_element\" >\n\t\t<div class=\"wpb_wrapper\">\n\t\t\t<a href=\"\/en\/mustafa\/\" class=\"btn-whatsapp-pulse1 btn-whatsapp-pulse-border1\" target=\"_blank\">\n\t<i class=\"fab fa-whatsapp\"><\/i>\n<\/a>\n\n\n\n<style>\n.btn-whatsapp-pulse1 {\n\tz-index:9999;\n\tbackground: #25d366;\n\tcolor: white;\n\tposition: fixed;\n\n\tbottom: 100px;\n\tright: 20px;\n\tfont-size: 40px;\n\tdisplay: flex;\n\tjustify-content: center;\n\talign-items: center;\n\twidth: 0;\n\theight: 0;\n\tpadding: 35px;\n\ttext-decoration: none;\n\tborder-radius: 50%;\n\tanimation-name: pulse;\n\tanimation-duration: 1.5s;\n\tanimation-timing-function: ease-out;\n\tanimation-iteration-count: infinite;\n}\n\n<\/style>\n\n\t\t<\/div>\n\t<\/div>\n<\/div><\/div><\/div><\/div>\n<\/div>","protected":false},"excerpt":{"rendered":"<p>\ud83d\udd36 The price includes:<br \/>\n\ud83d\udd38 including a tour guide<br \/>\n\ud83d\udd38 including lunch<br \/>\n\ud83d\udd38\u0634\u0627\u0645\u0644 \u0645\u0648\u0627\u0635\u0644\u0627\u062a \u0645\u0646 \u0648\u0627\u0644\u0649 &#8230; <\/p>","protected":false},"featured_media":2721,"comment_status":"open","ping_status":"closed","template":"","meta":[],"product_cat":[85],"product_tag":[],"class_list":{"0":"post-2716","1":"product","2":"type-product","3":"status-publish","4":"has-post-thumbnail","6":"product_cat-85","8":"first","9":"instock","10":"shipping-taxable","11":"purchasable","12":"product-type-simple"},"_links":{"self":[{"href":"https:\/\/mousasky.com\/en\/wp-json\/wp\/v2\/product\/2716","targetHints":{"allow":["GET"]}}],"collection":[{"href":"https:\/\/mousasky.com\/en\/wp-json\/wp\/v2\/product"}],"about":[{"href":"https:\/\/mousasky.com\/en\/wp-json\/wp\/v2\/types\/product"}],"replies":[{"embeddable":true,"href":"https:\/\/mousasky.com\/en\/wp-json\/wp\/v2\/comments?post=2716"}],"wp:featuredmedia":[{"embeddable":true,"href":"https:\/\/mousasky.com\/en\/wp-json\/wp\/v2\/media\/2721"}],"wp:attachment":[{"href":"https:\/\/mousasky.com\/en\/wp-json\/wp\/v2\/media?parent=2716"}],"wp:term":[{"taxonomy":"product_cat","embeddable":true,"href":"https:\/\/mousasky.com\/en\/wp-json\/wp\/v2\/product_cat?post=2716"},{"taxonomy":"product_tag","embeddable":true,"href":"https:\/\/mousasky.com\/en\/wp-json\/wp\/v2\/product_tag?post=2716"}],"curies":[{"name":"wp","href":"https:\/\/api.w.org\/{rel}","templated":true}]}}