{"id":2689,"date":"2023-01-14T14:17:45","date_gmt":"2023-01-14T14:17:45","guid":{"rendered":"https:\/\/mousasky.com\/?post_type=product&#038;p=2689"},"modified":"2023-06-23T14:11:22","modified_gmt":"2023-06-23T14:11:22","slug":"%d8%b1%d8%ad%d9%80%d9%80%d9%80%d9%84%d8%a9-%d9%83%d8%a8%d8%a7%d8%af%d9%88%d9%83%d9%8a%d8%a7-%d8%a7%d9%84%d8%ae%d8%b6%d8%b1%d8%a7%d8%a1-%d9%81%d9%8a-%d9%83%d8%a8%d8%a7%d8%af%d9%88%d9%83%d9%8a%d8%a7","status":"publish","type":"product","link":"https:\/\/mousasky.com\/en\/product\/\u0631\u062d\u0640\u0640\u0640\u0644\u0629-\u0643\u0628\u0627\u062f\u0648\u0643\u064a\u0627-\u0627\u0644\u062e\u0636\u0631\u0627\u0621-\u0641\u064a-\u0643\u0628\u0627\u062f\u0648\u0643\u064a\u0627\/","title":{"rendered":"Cappadocia green tour in Cappadocia"},"content":{"rendered":"<div class=\"wpb-content-wrapper\"><div class=\"vc_row wpb_row vc_row-fluid\"><div class=\"wpb_column vc_column_container vc_col-sm-12\"><div class=\"vc_column-inner\"><div class=\"wpb_wrapper\">\n\t<div class=\"wpb_text_column wpb_content_element\" >\n\t\t<div class=\"wpb_wrapper\">\n\t\t\t<p>\ud83d\udca2 Details about the trip:<\/p>\n<p>KAPADOKYA YE\u015e\u0130L TURU<br \/>\nGreen Cappadocia Day Trip You will visit the greenest places in Cappadocia and witness the lush nature that finds its place in the brown-dominated geography. While standing in the landscapes that you will see from different locations during the green tour, you will breathe in the geography where the magnetic field is the least and you will feel the awareness of staying in the moment. We also say that the locals who live in this geography, which is overflowing with local and foreign tourists every year, They prefer the lush green areas formed in the places where the K\u0131z\u0131l\u0131rmak River passes. During a tour, you will see every corner of Cappadocia from the top of the panoramic hills, each more beautiful than the other, and you will be enchanted in Derinkuyu Underground City, the most elaborate underground city in the past, And experience an unforgettable journey in the depths of Ihlara Valley.<br \/>\n\ud83d\udff0\ud83d\udff0\ud83d\udff0\ud83d\udff0\ud83d\udff0\ud83d\udff0<br \/>\n\ud83d\udca2 Places to visit:<br \/>\nGoreme panorama<br \/>\nDerinkuyu Underground City<br \/>\nIhlara Valley<br \/>\nLunch<br \/>\nDeir Selim<br \/>\nPanorama Yabra Hisar<br \/>\nPigeon Valley<br \/>\nOnyx production facility tour<br \/>\nG\u00f6reme Panorama<br \/>\nDerinkuyu Yeralt\u0131 \u015eehri<br \/>\nIhlara Vadisi<br \/>\n\u00d6\u011fle Yeme\u011fi<br \/>\nSelime Manast\u0131r\u0131<br \/>\nYaprakhisar Panorama<br \/>\nG\u00fcvercinlik Vadisi<br \/>\nOniks \u00dcretim Tesisi Gezisi<\/p>\n\n\t\t<\/div>\n\t<\/div>\n\n\t<div class=\"wpb_raw_code wpb_raw_html wpb_content_element\" >\n\t\t<div class=\"wpb_wrapper\">\n\t\t\t<a href=\"\/en\/mustafa\/\" class=\"btn-whatsapp-pulse1 btn-whatsapp-pulse-border1\" target=\"_blank\">\n\t<i class=\"fab fa-whatsapp\"><\/i>\n<\/a>\n\n\n\n<style>\n.btn-whatsapp-pulse1 {\n\tz-index:9999;\n\tbackground: #25d366;\n\tcolor: white;\n\tposition: fixed;\n\n\tbottom: 100px;\n\tright: 20px;\n\tfont-size: 40px;\n\tdisplay: flex;\n\tjustify-content: center;\n\talign-items: center;\n\twidth: 0;\n\theight: 0;\n\tpadding: 35px;\n\ttext-decoration: none;\n\tborder-radius: 50%;\n\tanimation-name: pulse;\n\tanimation-duration: 1.5s;\n\tanimation-timing-function: ease-out;\n\tanimation-iteration-count: infinite;\n}\n\n<\/style>\n\n\t\t<\/div>\n\t<\/div>\n<\/div><\/div><\/div><\/div>\n<\/div>","protected":false},"excerpt":{"rendered":"<p>\ud83d\udd36 The price includes:<\/p>\n<p>\ud83d\udd38 including a tour guide<br \/>\n\ud83d\udd38 including lunch<br \/>\n\ud83d\udd38\u0634\u0627\u0645\u0644 \u0645\u0648\u0627\u0635\u0644\u0627\u062a \u0645\u0646 \u0648\u0627\u0644\u0649 &#8230; <\/p>","protected":false},"featured_media":2690,"comment_status":"open","ping_status":"closed","template":"","meta":[],"product_cat":[85],"product_tag":[],"class_list":{"0":"post-2689","1":"product","2":"type-product","3":"status-publish","4":"has-post-thumbnail","6":"product_cat-85","8":"first","9":"instock","10":"shipping-taxable","11":"purchasable","12":"product-type-simple"},"_links":{"self":[{"href":"https:\/\/mousasky.com\/en\/wp-json\/wp\/v2\/product\/2689","targetHints":{"allow":["GET"]}}],"collection":[{"href":"https:\/\/mousasky.com\/en\/wp-json\/wp\/v2\/product"}],"about":[{"href":"https:\/\/mousasky.com\/en\/wp-json\/wp\/v2\/types\/product"}],"replies":[{"embeddable":true,"href":"https:\/\/mousasky.com\/en\/wp-json\/wp\/v2\/comments?post=2689"}],"wp:featuredmedia":[{"embeddable":true,"href":"https:\/\/mousasky.com\/en\/wp-json\/wp\/v2\/media\/2690"}],"wp:attachment":[{"href":"https:\/\/mousasky.com\/en\/wp-json\/wp\/v2\/media?parent=2689"}],"wp:term":[{"taxonomy":"product_cat","embeddable":true,"href":"https:\/\/mousasky.com\/en\/wp-json\/wp\/v2\/product_cat?post=2689"},{"taxonomy":"product_tag","embeddable":true,"href":"https:\/\/mousasky.com\/en\/wp-json\/wp\/v2\/product_tag?post=2689"}],"curies":[{"name":"wp","href":"https:\/\/api.w.org\/{rel}","templated":true}]}}