{"id":2671,"date":"2023-01-14T11:44:09","date_gmt":"2023-01-14T11:44:09","guid":{"rendered":"https:\/\/mousasky.com\/?post_type=product&#038;p=2671"},"modified":"2023-06-23T14:08:36","modified_gmt":"2023-06-23T14:08:36","slug":"%d8%b1%d8%ad%d9%80%d9%80%d9%80%d9%84%d9%80%d8%a9-%d8%a7%d9%84%d8%a8%d8%ad%d8%b1-%d8%a7%d9%84%d9%85%d9%8a%d8%aa-%d9%81%d9%8a-%d9%81%d8%aa%d8%ad%d9%8a%d8%a9","status":"publish","type":"product","link":"https:\/\/mousasky.com\/en\/product\/\u0631\u062d\u0640\u0640\u0640\u0644\u0640\u0629-\u0627\u0644\u0628\u062d\u0631-\u0627\u0644\u0645\u064a\u062a-\u0641\u064a-\u0641\u062a\u062d\u064a\u0629\/","title":{"rendered":"Dead Sea cruise in Fethiye"},"content":{"rendered":"<div class=\"wpb-content-wrapper\"><div class=\"vc_row wpb_row vc_row-fluid\"><div class=\"wpb_column vc_column_container vc_col-sm-12\"><div class=\"vc_column-inner\"><div class=\"wpb_wrapper\">\n\t<div class=\"wpb_text_column wpb_content_element\" >\n\t\t<div class=\"wpb_wrapper\">\n\t\t\t<p>\ud83d\udca2 Details about the trip:<br \/>\nNicholas Island: The first stop on a boat tour visiting Nicholas Island due to the name of the church at the highest point of the island. One of the islands with wonderful bays in Fethiye<\/p>\n<p>Cold Water Bay: When we reach Cold Water Bay, the second stop on the Fethiye Sunerso boat tour in an area surrounded by cliffs, where fresh water cools This area, which has the coldest water around the Dead Sea, is located when you jump from the boat into the sea, you will feel a slight coldness in The start swims towards the small cave<\/p>\n<p>Blue Cave: We will moor near the cave where the small boats are accommodated, and we will let you spend some time here to the fullest. Since you will feel hungry after visiting the interesting coves of \u00d6l\u00fcdeniz Boat Tour, we will have delicious meals prepared by our staff together and continue the \u00d6l\u00fcdeniz Boat Tour after lunch.<\/p>\n<p>Butterfly Valley: Butterfly Valley is one of the rarest bays on a boat tour. Although Fethiye is one of the places visited by tourists the most, these visits are usually done by boat tours.<\/p>\n<p>Aquarium Cove: Aquarium Bay, the last itinerary of our Fethiye tours, is located in a unique location with its clean sea and diversity of living creatures due to its clarity. When we dock our boat in this area, you will want to throw yourself into the water right away. Our recommendation is that you come with snorkels and goggles for health reasons, and see this diversity under the sea with your own eyes.<br \/>\n\ud83d\udff0\ud83d\udff0\ud83d\udff0\ud83d\udff0\ud83d\udff0\ud83d\udff0\ud83d\udff0<br \/>\n\ud83d\udca2 Info &amp; Tips<br \/>\nWe ask those who cannot swim to inform our staff. Guaranteed to take photos and videos. So, don&#039;t forget to bring spare chargers with you. It will be a long day.<\/p>\n\n\t\t<\/div>\n\t<\/div>\n\n\t<div class=\"wpb_raw_code wpb_raw_html wpb_content_element\" >\n\t\t<div class=\"wpb_wrapper\">\n\t\t\t<a href=\"\/en\/mustafa\/\" class=\"btn-whatsapp-pulse1 btn-whatsapp-pulse-border1\" target=\"_blank\">\n\t<i class=\"fab fa-whatsapp\"><\/i>\n<\/a>\n\n\n\n<style>\n.btn-whatsapp-pulse1 {\n\tz-index:9999;\n\tbackground: #25d366;\n\tcolor: white;\n\tposition: fixed;\n\n\tbottom: 100px;\n\tright: 20px;\n\tfont-size: 40px;\n\tdisplay: flex;\n\tjustify-content: center;\n\talign-items: center;\n\twidth: 0;\n\theight: 0;\n\tpadding: 35px;\n\ttext-decoration: none;\n\tborder-radius: 50%;\n\tanimation-name: pulse;\n\tanimation-duration: 1.5s;\n\tanimation-timing-function: ease-out;\n\tanimation-iteration-count: infinite;\n}\n\n<\/style>\n\n\t\t<\/div>\n\t<\/div>\n<\/div><\/div><\/div><\/div>\n<\/div>","protected":false},"excerpt":{"rendered":"<p>\ud83d\udd36 The price includes:<\/p>\n<p>\ud83d\udd38 Including transportation to and from the hotel<br \/>\n\ud83d\udd38 including a tour guide<br \/>\n\ud83d\udd38\u0634\u0627\u0645\u0644 \u0648\u062c\u0628\u0629 &#8230; <\/p>","protected":false},"featured_media":2678,"comment_status":"open","ping_status":"closed","template":"","meta":[],"product_cat":[84],"product_tag":[],"class_list":{"0":"post-2671","1":"product","2":"type-product","3":"status-publish","4":"has-post-thumbnail","6":"product_cat-84","8":"first","9":"instock","10":"shipping-taxable","11":"purchasable","12":"product-type-simple"},"_links":{"self":[{"href":"https:\/\/mousasky.com\/en\/wp-json\/wp\/v2\/product\/2671","targetHints":{"allow":["GET"]}}],"collection":[{"href":"https:\/\/mousasky.com\/en\/wp-json\/wp\/v2\/product"}],"about":[{"href":"https:\/\/mousasky.com\/en\/wp-json\/wp\/v2\/types\/product"}],"replies":[{"embeddable":true,"href":"https:\/\/mousasky.com\/en\/wp-json\/wp\/v2\/comments?post=2671"}],"wp:featuredmedia":[{"embeddable":true,"href":"https:\/\/mousasky.com\/en\/wp-json\/wp\/v2\/media\/2678"}],"wp:attachment":[{"href":"https:\/\/mousasky.com\/en\/wp-json\/wp\/v2\/media?parent=2671"}],"wp:term":[{"taxonomy":"product_cat","embeddable":true,"href":"https:\/\/mousasky.com\/en\/wp-json\/wp\/v2\/product_cat?post=2671"},{"taxonomy":"product_tag","embeddable":true,"href":"https:\/\/mousasky.com\/en\/wp-json\/wp\/v2\/product_tag?post=2671"}],"curies":[{"name":"wp","href":"https:\/\/api.w.org\/{rel}","templated":true}]}}