{"id":2662,"date":"2023-01-14T11:41:00","date_gmt":"2023-01-14T11:41:00","guid":{"rendered":"https:\/\/mousasky.com\/?post_type=product&#038;p=2662"},"modified":"2023-06-23T14:08:41","modified_gmt":"2023-06-23T14:08:41","slug":"%d8%b1%d8%ad%d9%80%d9%80%d9%84%d8%a9-12-%d8%ac%d8%b2%d9%8a%d8%b1%d8%a9-%d9%81%d9%8a-%d9%81%d8%aa%d8%ad%d9%8a%d8%a9","status":"publish","type":"product","link":"https:\/\/mousasky.com\/en\/product\/\u0631\u062d\u0640\u0640\u0644\u0629-12-\u062c\u0632\u064a\u0631\u0629-\u0641\u064a-\u0641\u062a\u062d\u064a\u0629\/","title":{"rendered":"12 islands trip in Fethiye"},"content":{"rendered":"<div class=\"wpb-content-wrapper\"><div class=\"vc_row wpb_row vc_row-fluid\"><div class=\"wpb_column vc_column_container vc_col-sm-12\"><div class=\"vc_column-inner\"><div class=\"wpb_wrapper\">\n\t<div class=\"wpb_text_column wpb_content_element\" >\n\t\t<div class=\"wpb_wrapper\">\n\t\t\t<p>\ud83d\udca2 Details about the trip:<br \/>\nBoat tour of Fethiye 12 islands<br \/>\nYou will anchor in the most beautiful locations of 12 islands, and everything will be provided for you to spend a fairy tale day.<br \/>\nYou will have the opportunity to see many islands together. Where you can take a break and enjoy. On the upper deck of our two deck boats, there are cushions for sunbathing and seating areas for you to take in the view.<\/p>\n<p>Fares Island: Fethiye 12 Islands Boat Tour will start with Knight Island, the only settlement among the islands we will visit, which paints a long, thin bridge over the Gulf of Telmessos. you will swim on an island,<\/p>\n<p>Yassica Island - Yassikalar: It is Yassica Island, the pearl of Fethiye 12 Islands Boat Tour. Yass\u0131ca Island, one of the most beautiful places on our 12 islands boat route, is one of the most favorite places for day boat tours.<\/p>\n<p>G\u00f6b\u00fcn Bay: We get to the next G\u00f6b\u00fcn Bay. After passing through a narrow gorge into this bay adorned with pine and olive trees, you will come across a wide, calm and clear sea. When you see people jumping off the boat into the sea and having fun,<\/p>\n<p>Kizilada: Named after the sun that hits the island at sunset, turning all sides red. There is also a 19th century lighthouse which is one of the most frequented places for boat trips.<\/p>\n<p>Rabbit Island: We are sailing towards one of the big islands near Fethiye. Rabbit Island, one of the most beautiful bays<\/p>\n\n\t\t<\/div>\n\t<\/div>\n\n\t<div class=\"wpb_raw_code wpb_raw_html wpb_content_element\" >\n\t\t<div class=\"wpb_wrapper\">\n\t\t\t<a href=\"\/en\/mustafa\/\" class=\"btn-whatsapp-pulse1 btn-whatsapp-pulse-border1\" target=\"_blank\">\n\t<i class=\"fab fa-whatsapp\"><\/i>\n<\/a>\n\n\n\n<style>\n.btn-whatsapp-pulse1 {\n\tz-index:9999;\n\tbackground: #25d366;\n\tcolor: white;\n\tposition: fixed;\n\n\tbottom: 100px;\n\tright: 20px;\n\tfont-size: 40px;\n\tdisplay: flex;\n\tjustify-content: center;\n\talign-items: center;\n\twidth: 0;\n\theight: 0;\n\tpadding: 35px;\n\ttext-decoration: none;\n\tborder-radius: 50%;\n\tanimation-name: pulse;\n\tanimation-duration: 1.5s;\n\tanimation-timing-function: ease-out;\n\tanimation-iteration-count: infinite;\n}\n\n<\/style>\n\n\t\t<\/div>\n\t<\/div>\n<\/div><\/div><\/div><\/div>\n<\/div>","protected":false},"excerpt":{"rendered":"<p>\ud83d\udd36 The price includes:<\/p>\n<p>\ud83d\udd38 Including transportation to and from the hotel<br \/>\n\ud83d\udd38 inclusive and lunch<br \/>\n\ud83d\udd38\u0634\u0627\u0645\u0644 \u0645\u0631\u0634\u062f &#8230; <\/p>","protected":false},"featured_media":2663,"comment_status":"open","ping_status":"closed","template":"","meta":[],"product_cat":[84],"product_tag":[],"class_list":{"0":"post-2662","1":"product","2":"type-product","3":"status-publish","4":"has-post-thumbnail","6":"product_cat-84","8":"first","9":"instock","10":"shipping-taxable","11":"purchasable","12":"product-type-simple"},"_links":{"self":[{"href":"https:\/\/mousasky.com\/en\/wp-json\/wp\/v2\/product\/2662","targetHints":{"allow":["GET"]}}],"collection":[{"href":"https:\/\/mousasky.com\/en\/wp-json\/wp\/v2\/product"}],"about":[{"href":"https:\/\/mousasky.com\/en\/wp-json\/wp\/v2\/types\/product"}],"replies":[{"embeddable":true,"href":"https:\/\/mousasky.com\/en\/wp-json\/wp\/v2\/comments?post=2662"}],"wp:featuredmedia":[{"embeddable":true,"href":"https:\/\/mousasky.com\/en\/wp-json\/wp\/v2\/media\/2663"}],"wp:attachment":[{"href":"https:\/\/mousasky.com\/en\/wp-json\/wp\/v2\/media?parent=2662"}],"wp:term":[{"taxonomy":"product_cat","embeddable":true,"href":"https:\/\/mousasky.com\/en\/wp-json\/wp\/v2\/product_cat?post=2662"},{"taxonomy":"product_tag","embeddable":true,"href":"https:\/\/mousasky.com\/en\/wp-json\/wp\/v2\/product_tag?post=2662"}],"curies":[{"name":"wp","href":"https:\/\/api.w.org\/{rel}","templated":true}]}}