{"id":4658,"date":"2024-01-18T14:57:10","date_gmt":"2024-01-18T14:57:10","guid":{"rendered":"https:\/\/mousasky.com\/?post_type=product&#038;p=4658"},"modified":"2024-01-18T14:57:10","modified_gmt":"2024-01-18T14:57:10","slug":"%d8%ac%d9%88%d9%84%d8%a7%d8%aa-vip-%d9%83%d8%a8%d8%a7%d8%af%d9%88%d9%83%d9%8a%d8%a7","status":"publish","type":"product","link":"https:\/\/mousasky.com\/de\/produkt\/\u062c\u0648\u0644\u0627\u062a-vip-\u0643\u0628\u0627\u062f\u0648\u0643\u064a\u0627\/","title":{"rendered":"\u062c\u0648\u0644\u0627\u062a vip \u0643\u0628\u0627\u062f\u0648\u0643\u064a\u0627"},"content":{"rendered":"<p>VIP-Autoservice mit Chauffeur<br \/>\nKappadokien-Programm 4 Tage und 3 N\u00e4chte<\/p>\n<p>Ziel: Kappadokien, Hei\u00dfluftballon,<\/p>\n<p>\ud83d\udcc6\u00a0\u0639\u062f\u062f \u0627\u0644\u0623\u064a\u0627\u0645:4<br \/>\n\ud83d\udcc6\u00a0\u0639\u062f\u062f \u0627\u0644\u0644\u064a\u0627\u0644\u064a:3<\/p>\n<p>\ud83d\udd38Der Preis beinhaltet:<br \/>\nDie Dauer der t\u00e4glichen Tour mit einem privaten Fahrer betr\u00e4gt 8 Stunden<br \/>\nAlle Transfers und Ausfl\u00fcge erfolgen in einem modernen, klimatisierten Privatwagen<\/p>\n<p>\ud83d\udd38Der Preis beinhaltet nicht:<br \/>\nEintrittsgelder f\u00fcr touristische Orte und Aktivit\u00e4ten<\/p>\n<p>Programmpreis:<\/p>\n<p>\u2747\ufe0f\u00a0\u0645\u0644\u0627\u062d\u0638\u0629 : \u0627\u0644\u0628\u0631\u0646\u0627\u0645\u062c \u0642\u0627\u0628\u0644 \u0644\u0644\u062a\u0639\u062f\u064a\u0644 \u0639\u0644\u0649 \u062d\u0633\u0628 \u0627\u0644\u0637\u0644\u0628<\/p>\n<p>\ud83d\udff0\ud83d\udff0\ud83d\udff0\ud83d\udff0\ud83d\udff0\ud83d\udff0\ud83d\udff0\ud83d\udff0<\/p>\n<p>\u2b55\ufe0f\u00a0\u0627\u0644\u064a\u0648\u0645 \u0627\u0644\u0623\u0648\u0644:<br \/>\nWenn Sie am Flughafen ankommen, erwartet Sie der Fahrer und bringt Sie zum Hotel<\/p>\n<p>\ud83d\udff0\ud83d\udff0\ud83d\udff0\ud83d\udff0\ud83d\udff0\ud83d\udff0\ud83d\udff0\ud83d\udff0<\/p>\n<p>\u2b55\ufe0f\u00a0\u0627\u0644\u064a\u0648\u0645 \u0627\u0644\u062b\u0651\u0627\u0646\u064a: \u062c\u0648\u0644\u0629 \u0643\u0627\u0628\u0627\u062f\u0648\u0643\u064a\u0627<br \/>\n\ud83d\udd39 Avanos-Dorfausflug<br \/>\nAvanos liegt in der historischen und touristischen Region Kappadokien. Diese Region ist durch die T\u00f6pferindustrie gepr\u00e4gt. Avanos ist im ganzen Land und im Ausland f\u00fcr seine von den Einheimischen hergestellten Produkte aus rotem Ton bekannt. Die Wurzeln ihres Berufs liegen im nahegelegenen Roten Fluss, der durch die Stadt flie\u00dft. Kizilirmak (Roter Fluss) ist nach dem roten Schlamm benannt, der an seinen Ufern liegt.<\/p>\n<p>\ud83d\udd39 Devrent Valley-Ausflug<br \/>\nDivergent Valley ist eine der wichtigsten Touristenattraktionen in Kappadokien. Das als \u201eImagination Valley\u201c oder \u201ePink Valley\u201c bekannte Tal zieht Touristen aufgrund der Felsformationen an, die wie verschiedene Kreaturen aussehen.<\/p>\n<p>\ud83d\udd39 G\u00f6reme-Museumsausflug<br \/>\nDas G\u00f6reme-Freilichtmuseum ist einer der beliebtesten Orte in Kappadokien. Touristen freuen sich \u00fcber einige Felsenkirchen mit Fresken aus dem 10. Jahrhundert, die die besten Beispiele byzantinischer Kunst in Kappadokien sind. Das Gebiet bildet ein Tal mit Kirchen, Kapellen, Speises\u00e4len und Aufenthaltsr\u00e4umen in den Bergmassiven.<\/p>\n<p>\ud83d\udd39 Ausflug ins Pasabaji-Tal<br \/>\nDas Pasabagi-Tal, auch bekannt als \u201eTal der M\u00f6nche\u201c, ist der Ort, an dem M\u00f6nche mit Feenschornsteinen leben. Und die dreik\u00f6pfigen Gipfel symbolisieren die Heilige Dreifaltigkeit.<\/p>\n<p>\ud83d\udd39 Besuchen Sie die Burg Och Hisar<br \/>\nDie Burg befindet sich auf dem h\u00f6chsten Punkt Kappadokiens. Von der Spitze der Burg aus bietet sich ein herrlicher Panoramablick auf die Umgebung. Zahlreiche in den Fels gehauene Kammern sind durch Treppen, Tunnel und G\u00e4nge miteinander verbunden. An den Eing\u00e4ngen zu den Zimmern befinden sich Steint\u00fcren.<\/p>\n<p>\ud83d\udd39 Valley of Love-Reise<br \/>\nDas Tal der Liebe ist eines der sch\u00f6nsten T\u00e4ler Kappadokiens. Das Tal liegt zwischen Avanos und der G\u00f6reme-Stra\u00dfe und ist Ausgangspunkt f\u00fcr die ber\u00fchmten Hei\u00dfluftballonfahrten in Kappadokien. Das Tal ist bei Paaren beliebt, um Heiratsantr\u00e4ge zu machen. Der Boden der Region ist sehr reich an Mineralien, was sie zu einem idealen Ort f\u00fcr den Obst- und Gem\u00fcseanbau macht.<\/p>\n<p>\ud83d\udff0\ud83d\udff0\ud83d\udff0\ud83d\udff0\ud83d\udff0\ud83d\udff0\ud83d\udff0\ud83d\udff0<\/p>\n<p>\u2b55\ufe0f\u00a0\u0627\u0644\u064a\u0648\u0645 \u0627\u0644\u062b\u0651\u0627\u0644\u062b: \u062c\u0648\u0644\u0629 \u0643\u0627\u0628\u0627\u062f\u0648\u0643\u064a\u0627<br \/>\n\ud83d\udd39 Besuchen Sie Panorama G\u00f6reme<br \/>\nWie der Name des Ortes schon sagt, bietet sich hier ein Panoramablick auf G\u00f6reme. Obwohl es nichts anderes als die Aussicht gibt, ist die Aussicht selbst atemberaubend und Sie k\u00f6nnen von diesem Ort aus die Aussicht auf den Sonnenaufgang und den Sonnenuntergang genie\u00dfen.<\/p>\n<p>\ud83d\udd39Derinkuyu St\u00e4dtetrip<br \/>\nDerinkuyu ist mit einer Kapazit\u00e4t von 50.000 Einwohnern eine der erstaunlichsten Sehensw\u00fcrdigkeiten in Kappadokien. Die tiefste unterirdische Stadt der T\u00fcrkei soll 20.000 Menschen hinter massiven Steint\u00fcren beherbergen. Diese Stadt wurde mit gro\u00dfer Genialit\u00e4t entworfen und alles, was die Bewohner brauchen, ist darin vorhanden, einschlie\u00dflich Friedh\u00f6fe, Schulen, religi\u00f6se St\u00e4tten usw., und sie liegen alle unter der Erde.<\/p>\n<p>\ud83d\udd39 Ausflug ins Ihlara-Tal<br \/>\nDas Ihlara-Tal mit einem atemberaubenden Fluss, der 16 km lang durch das Herz des Tals in den Vulkangesteinen flie\u00dft. Es liegt in der N\u00e4he der Provinz Aksaray, gilt aber immer noch als Teil der Region S\u00fcdkappadokien. Es ist ein gro\u00dfartiger Ort zum Spazierengehen inmitten der friedlichen, \u00fcppigen Natur und ein Knotenpunkt f\u00fcr H\u00f6hlenkirchen, von denen Sie viele entlang des Weges finden.<\/p>\n<p>\ud83d\udd39 Zu Besuch im Tal der Tauben<br \/>\nDieses atemberaubende Tal verf\u00fcgt \u00fcber einzigartige Felsformationen, die wie Schornsteine aus dem Talboden ragen und an der Spitze mit Vogelh\u00e4uschen \u00fcbers\u00e4t sind. Einige von ihnen erreichen eine H\u00f6he von 40 Metern. Tauben wurden verwendet, um Nachrichten aus dieser abgelegenen Gegend zu \u00fcberbringen. Das Tal ist ein gro\u00dfartiger Ort zum Wandern.<\/p>\n<p>\ud83d\udd39 Besuch des Dorfes Deir Salma<br \/>\nAufgrund seiner einzigartigen Sch\u00f6nheit gilt es als einer der meistbesuchten Orte f\u00fcr Touristen. Genie\u00dfen Sie die stille Sch\u00f6nheit der Natur und die Erhabenheit ihrer Geschichte.<\/p>\n<p>Veranstaltungen in Kappadokien<br \/>\n\ud83d\udd39 Ballonfahrt<br \/>\nDie Ballonfahrt beginnt mit Sonnenaufgang, sodass die Passagiere die Magie und Sch\u00f6nheit des Sonnenaufgangs \u00fcber dieser Gegend genie\u00dfen k\u00f6nnen. Diese herrliche Aussicht erstreckt sich \u00fcber etwa 1.500 Fu\u00df und erm\u00f6glicht Orte, die zu Fu\u00df nicht erreichbar sind. Um mit dem Ballon fahren zu k\u00f6nnen, m\u00fcssen Sie ein Erwachsener \u00fcber 18 Jahre sein oder von einem Erwachsenen begleitet werden. Kinder unter 6 Jahren d\u00fcrfen nicht mitfahren.<\/p>\n<p>\ud83d\udd39 Jeep-Safari<br \/>\nW\u00e4hrend der dreist\u00fcndigen Reise erleben Touristen die interessantesten Abenteuer Kappadokiens, um seine Sch\u00f6nheit und die Sch\u00f6nheit seiner verborgenen Sch\u00e4tze kennenzulernen. Offroad-Jeeps werden von professionellen Fahrern ohne Einkaufspause gefahren.<\/p>\n<p>\ud83d\udd39 Pferdetour<br \/>\nDiese wundersch\u00f6ne Stadt k\u00fcmmert sich um Pferde und z\u00fcchtet sie auf privaten Bauernh\u00f6fen. Deshalb ist sie als das Land der Pferde bekannt, da sie als perfekter Ort zum Reiten gilt.<\/p>\n<p>\ud83d\udd39 ATV-Quad-Tour<br \/>\nEine der unterhaltsamen Aktivit\u00e4ten, die Sie in Kappadokien unternehmen k\u00f6nnen, ist das Fahren mit Quads unter Aufsicht von Experten, um diese Region zu erkunden und ihre Sch\u00f6nheit zu bewundern.<\/p>\n<p>\ud83d\udd39 Ein Kamelritt<br \/>\nTouristen kommen, um diese einzigartige l\u00e4ndliche Tour zu genie\u00dfen und die Landschaften und felsigen Konglomerate dieser Stadt zu erkunden.<\/p>\n<p>\ud83d\udff0\ud83d\udff0\ud83d\udff0\ud83d\udff0\ud83d\udff0\ud83d\udff0\ud83d\udff0\ud83d\udff0<\/p>\n<p>\u2b55\ufe0f\u00a0\u0627\u0644\u064a\u0648\u0645 \u0627\u0644\u0631\u0651\u0627\u0628\u0639:<br \/>\nMit der \u00dcbergabe des Zimmers und der Fahrt zum Flughafen zur Verabschiedung kehren Sie mit den sch\u00f6nsten Erinnerungen aus dem Land der Sultane in die Heimat zur\u00fcck.<\/p>","protected":false},"excerpt":{"rendered":"<p>VIP-Autoservice mit Chauffeur<br \/>\nKappadokien-Programm 4 Tage und 3 N\u00e4chte<\/p>\n<p>\u0627\u0644\u0648\u062c\u0647\u0629: &#8230; <\/p>","protected":false},"featured_media":2889,"comment_status":"open","ping_status":"closed","template":"","meta":[],"product_cat":[85],"product_tag":[],"class_list":{"0":"post-4658","1":"product","2":"type-product","3":"status-publish","4":"has-post-thumbnail","6":"product_cat-85","8":"first","9":"instock","10":"shipping-taxable","11":"product-type-simple"},"_links":{"self":[{"href":"https:\/\/mousasky.com\/de\/wp-json\/wp\/v2\/product\/4658","targetHints":{"allow":["GET"]}}],"collection":[{"href":"https:\/\/mousasky.com\/de\/wp-json\/wp\/v2\/product"}],"about":[{"href":"https:\/\/mousasky.com\/de\/wp-json\/wp\/v2\/types\/product"}],"replies":[{"embeddable":true,"href":"https:\/\/mousasky.com\/de\/wp-json\/wp\/v2\/comments?post=4658"}],"wp:featuredmedia":[{"embeddable":true,"href":"https:\/\/mousasky.com\/de\/wp-json\/wp\/v2\/media\/2889"}],"wp:attachment":[{"href":"https:\/\/mousasky.com\/de\/wp-json\/wp\/v2\/media?parent=4658"}],"wp:term":[{"taxonomy":"product_cat","embeddable":true,"href":"https:\/\/mousasky.com\/de\/wp-json\/wp\/v2\/product_cat?post=4658"},{"taxonomy":"product_tag","embeddable":true,"href":"https:\/\/mousasky.com\/de\/wp-json\/wp\/v2\/product_tag?post=4658"}],"curies":[{"name":"wp","href":"https:\/\/api.w.org\/{rel}","templated":true}]}}