{"id":4619,"date":"2024-01-19T07:55:03","date_gmt":"2024-01-19T07:55:03","guid":{"rendered":"https:\/\/mousasky.com\/?post_type=product&#038;p=4619"},"modified":"2024-07-23T15:55:29","modified_gmt":"2024-07-23T15:55:29","slug":"%d8%ac%d9%88%d9%84%d8%a9-%d8%a7%d8%b3%d8%b7%d9%86%d8%a8%d9%88%d9%84-%d8%a7%d9%84%d8%a7%d8%b3%d9%8a%d9%88%d9%8a%d8%a9-vip-%d8%b1%d9%82%d9%85-7","status":"publish","type":"product","link":"https:\/\/mousasky.com\/de\/produkt\/\u062c\u0648\u0644\u0629-\u0627\u0633\u0637\u0646\u0628\u0648\u0644-\u0627\u0644\u0627\u0633\u064a\u0648\u064a\u0629-vip-\u0631\u0642\u0645-7\/","title":{"rendered":"\u062c\u0648\u0644\u0629 \u0627\u0633\u0637\u0646\u0628\u0648\u0644 \u0627\u0644\u0627\u0633\u064a\u0648\u064a\u0629 V\u0130P \u0631\u0642\u0645 7"},"content":{"rendered":"<p>\ud83d\udd39 Besuchen Sie die K\u00fcste von \u00dcsk\u00fcdar<br \/>\nEine Uferpromenade f\u00fcr das asiatische Istanbul am Bosporus und ein wichtiges Touristengebiet. Hier gibt es viele lebenswichtige Projekte, die die Chancen auf Wohlstand im Leben erh\u00f6hen und es zu einem wichtigen Lebenszentrum machen.<\/p>\n<p>\ud83d\udd39 Besuch des M\u00e4dchenturms: Zwischen Mythos und Realit\u00e4t erstrahlt der M\u00e4dchenturm und zeichnet sich durch einen Balkon rund um seine Spitze aus, der eine einzigartige Aussicht bietet.<\/p>\n<p>\ud83d\udd39 Besuch des Bride&#039;s Hill: zeichnet die Gegend durch ihre einzigartige und wunderbare Aussicht auf die asiatische und europ\u00e4ische Seite der Stadt aus.<\/p>\n<p>\ud83d\udd39 Besuch der \u00c7aml\u0131ca-Moschee: Die \u00c7aml\u0131ca-Moschee gilt als die gr\u00f6\u00dfte Moschee, die in der Geschichte der T\u00fcrkischen Republik gebaut wurde. Der Bau dauerte 6 Jahre, da die Arbeiten am 29. M\u00e4rz 2013 begannen und am 7. M\u00e4rz abgeschlossen und eingeweiht wurden. 2019. Die Moschee wurde auf einer Fl\u00e4che von 15.000 Quadratmetern errichtet und bietet Platz f\u00fcr etwa sechzigtausend. Eine Gebetshalle, bestehend aus 10 geschlossenen Geb\u00e4uden und f\u00fcnf offenen Pl\u00e4tzen im Innenhof der Moschee f\u00fcr Gl\u00e4ubige. Sie umfasst ein Konferenzsaal, ein Museum f\u00fcr t\u00fcrkisch-islamische Altert\u00fcmer, eine \u00f6ffentliche Bibliothek und eine Kunstgalerie.<\/p>\n<p>\ud83d\udd39 Besuch der Bagdad-Stra\u00dfe: Genie\u00dfen Sie das Einkaufserlebnis in der Bagdad-Stra\u00dfe, da die Stra\u00dfe auch \u201eModestra\u00dfe\u201c genannt wird, als eine Ansammlung hochwertiger Istanbuler M\u00e4rkte, ber\u00fchmter Marken und Einkaufszentren, die Ihnen alles bieten, was Ihnen an Kleidung einf\u00e4llt. Schuhe, Souvenirs, Antiquit\u00e4ten s\u00e4umten die Stra\u00dfe und vieles mehr.<\/p>","protected":false},"excerpt":{"rendered":"<p>\ud83d\udca2\u0627\u0644\u0633\u0639\u0631 \u064a\u0634\u0640\u0640\u0645\u0644 :<br \/>\n\u0633\u064a\u0627\u0631\u0629 \u0645\u0639 \u0633\u0627\u0626\u0642 \u064a\u062a\u0643\u0644\u0645 \u0639\u0631\u0628\u064a \u062a\u0631\u0643\u064a<br \/>\n\u062c\u0648\u0644\u0629 \u0644\u0645\u062f\u0629 \u0639\u0634\u0631 \u0633\u0627\u0639\u0627\u062a &#8230; <\/p>","protected":false},"featured_media":4645,"comment_status":"open","ping_status":"closed","template":"","meta":[],"product_cat":[87],"product_tag":[],"class_list":{"0":"post-4619","1":"product","2":"type-product","3":"status-publish","4":"has-post-thumbnail","6":"product_cat--vip-","8":"first","9":"instock","10":"shipping-taxable","11":"purchasable","12":"product-type-simple"},"_links":{"self":[{"href":"https:\/\/mousasky.com\/de\/wp-json\/wp\/v2\/product\/4619","targetHints":{"allow":["GET"]}}],"collection":[{"href":"https:\/\/mousasky.com\/de\/wp-json\/wp\/v2\/product"}],"about":[{"href":"https:\/\/mousasky.com\/de\/wp-json\/wp\/v2\/types\/product"}],"replies":[{"embeddable":true,"href":"https:\/\/mousasky.com\/de\/wp-json\/wp\/v2\/comments?post=4619"}],"wp:featuredmedia":[{"embeddable":true,"href":"https:\/\/mousasky.com\/de\/wp-json\/wp\/v2\/media\/4645"}],"wp:attachment":[{"href":"https:\/\/mousasky.com\/de\/wp-json\/wp\/v2\/media?parent=4619"}],"wp:term":[{"taxonomy":"product_cat","embeddable":true,"href":"https:\/\/mousasky.com\/de\/wp-json\/wp\/v2\/product_cat?post=4619"},{"taxonomy":"product_tag","embeddable":true,"href":"https:\/\/mousasky.com\/de\/wp-json\/wp\/v2\/product_tag?post=4619"}],"curies":[{"name":"wp","href":"https:\/\/api.w.org\/{rel}","templated":true}]}}