{"id":4618,"date":"2024-01-19T07:54:02","date_gmt":"2024-01-19T07:54:02","guid":{"rendered":"https:\/\/mousasky.com\/?post_type=product&#038;p=4618"},"modified":"2024-07-23T15:52:40","modified_gmt":"2024-07-23T15:52:40","slug":"%d8%ac%d9%88%d9%84%d8%a9-%d8%a7%d8%b3%d8%b7%d9%86%d8%a8%d9%88%d9%84-%d8%a7%d9%84%d8%a7%d9%88%d8%b1%d8%a8%d9%8a%d8%a9-vip-%d8%b1%d9%82%d9%85-6-2","status":"publish","type":"product","link":"https:\/\/mousasky.com\/de\/produkt\/\u062c\u0648\u0644\u0629-\u0627\u0633\u0637\u0646\u0628\u0648\u0644-\u0627\u0644\u0627\u0648\u0631\u0628\u064a\u0629-vip-\u0631\u0642\u0645-6-2\/","title":{"rendered":"\u062c\u0648\u0644\u0629 \u0627\u0633\u0637\u0646\u0628\u0648\u0644 \u0627\u0644\u0627\u0648\u0631\u0628\u064a\u0629 V\u0130P \u0631\u0642\u0645 6"},"content":{"rendered":"<p>\ud83d\udd39Besichtigung des Palastes, Dolma Bahja<br \/>\nDer Dolmabah\u00e7e-Palast liegt auf der europ\u00e4ischen Seite des Bosporus im Istanbuler Stadtteil Besiktas. Der Palast kann nur von einem spezialisierten Reisef\u00fchrer besichtigt werden und das Fotografieren im Inneren ist nicht gestattet. Der Palast wurde w\u00e4hrend der Herrschaft von Sultan Abdul Majeed als Alternative zum klassischen Topkapi-Palast erbaut, da dieser weder zeitgen\u00f6ssischen noch luxuri\u00f6sen Stil aufweist. Der Dolmabah\u00e7e-Palast galt als Regierungszentrum und Residenz f\u00fcr sechs Sultane.<\/p>\n<p>\ud83d\udd39 Besuchen Sie den Yelz Park<br \/>\nDieser Garten unterscheidet sich von anderen durch die Vielfalt der darin vorkommenden Pflanzen, die aus verschiedenen L\u00e4ndern stammen und sich \u00fcber ein weites Gebiet voller B\u00e4ume und farbenfroher Blumen erstrecken, sodass Sie viele Stunden darin verbringen k\u00f6nnen, ohne sich zu langweilen.<\/p>\n<p>\ud83d\udd39 Besuchen Sie Ortak\u00f6y<br \/>\nOrtak\u00f6y ist eines der sch\u00f6nsten Viertel von Besiktas auf der europ\u00e4ischen Seite von Istanbul am Bosporus. Es ist ein charmantes Viertel mit vielen Bars, Gesch\u00e4ften und Restaurants. Sein Name bedeutet auf T\u00fcrkisch \u201emittleres Dorf\u201c, weil es mitten in der Meerenge lag. Dieses Gebiet ist nach wie vor ein beliebter Ort f\u00fcr Einheimische und ausl\u00e4ndische Besucher.<\/p>\n<p>\ud83d\udd39 Besuchen Sie Bebek Corniche<br \/>\nSie k\u00f6nnen Ihre Familie und Freunde mitbringen, um die ber\u00fchmtesten Touristenorte f\u00fcr alle Familienmitglieder zu erkunden. Kinder vergn\u00fcgen sich am Strand oder im f\u00fcr sie vorgesehenen Spielbereich.<\/p>\n<p>\ud83d\udd39 Besuchen Sie den Ulus Park<br \/>\nUlus Park Istanbul, mit einer bezaubernden Aussicht von der Spitze des H\u00fcgels, vom Abstieg \u00fcber Steinwege bis zum Ufer der Meerenge. Der Garten zeichnet sich durch eine gro\u00dfe Fl\u00e4che voller Pflanzen und Blumen sowie durch die vielen Seen, Quellen und Caf\u00e9s am Ufer des Bosporus aus, sodass Sie mehrere Ausblicke genie\u00dfen und Erinnerungsfotos von einem gro\u00dfen Teil der Stadt machen k\u00f6nnen .<\/p>","protected":false},"excerpt":{"rendered":"<p>\u062c\u0648\u0644\u0629 \u0627\u0633\u0637\u0646\u0628\u0648\u0644 \u0627\u0644\u0627\u0648\u0631\u0628\u064a\u0629 \u0633\u064a\u0627\u0631\u0629 \u062e\u0627\u0635\u0629 V\u0130P<br \/>\n\u0627\u0644\u0633\u0640\u0640\u0639\u0631 \u0634\u0640\u0640\u0640\u0627\u0645\u0644 :<br \/>\n\u0633\u064a\u0627\u0631\u0629 \u0645\u0639 \u0633\u0627\u0626\u0642\u064a\u062a\u0643\u0644\u0645 \u0639\u0631\u0628\u064a &#8230; <\/p>","protected":false},"featured_media":4649,"comment_status":"open","ping_status":"closed","template":"","meta":[],"product_cat":[87],"product_tag":[],"class_list":{"0":"post-4618","1":"product","2":"type-product","3":"status-publish","4":"has-post-thumbnail","6":"product_cat--vip-","8":"first","9":"instock","10":"shipping-taxable","11":"purchasable","12":"product-type-simple"},"_links":{"self":[{"href":"https:\/\/mousasky.com\/de\/wp-json\/wp\/v2\/product\/4618","targetHints":{"allow":["GET"]}}],"collection":[{"href":"https:\/\/mousasky.com\/de\/wp-json\/wp\/v2\/product"}],"about":[{"href":"https:\/\/mousasky.com\/de\/wp-json\/wp\/v2\/types\/product"}],"replies":[{"embeddable":true,"href":"https:\/\/mousasky.com\/de\/wp-json\/wp\/v2\/comments?post=4618"}],"wp:featuredmedia":[{"embeddable":true,"href":"https:\/\/mousasky.com\/de\/wp-json\/wp\/v2\/media\/4649"}],"wp:attachment":[{"href":"https:\/\/mousasky.com\/de\/wp-json\/wp\/v2\/media?parent=4618"}],"wp:term":[{"taxonomy":"product_cat","embeddable":true,"href":"https:\/\/mousasky.com\/de\/wp-json\/wp\/v2\/product_cat?post=4618"},{"taxonomy":"product_tag","embeddable":true,"href":"https:\/\/mousasky.com\/de\/wp-json\/wp\/v2\/product_tag?post=4618"}],"curies":[{"name":"wp","href":"https:\/\/api.w.org\/{rel}","templated":true}]}}