{"id":4617,"date":"2024-01-19T07:52:56","date_gmt":"2024-01-19T07:52:56","guid":{"rendered":"https:\/\/mousasky.com\/?post_type=product&#038;p=4617"},"modified":"2024-07-23T15:52:47","modified_gmt":"2024-07-23T15:52:47","slug":"%d8%ac%d9%88%d9%84%d8%a9-%d8%a7%d8%b3%d8%b7%d9%86%d8%a8%d9%88%d9%84-%d8%a7%d9%84%d8%a7%d9%88%d8%b1%d8%a8%d9%8a%d8%a9-vip-%d8%b1%d9%82%d9%85-5-2","status":"publish","type":"product","link":"https:\/\/mousasky.com\/de\/produkt\/\u062c\u0648\u0644\u0629-\u0627\u0633\u0637\u0646\u0628\u0648\u0644-\u0627\u0644\u0627\u0648\u0631\u0628\u064a\u0629-vip-\u0631\u0642\u0645-5-2\/","title":{"rendered":"\u062c\u0648\u0644\u0629 \u0627\u0633\u0637\u0646\u0628\u0648\u0644 \u0627\u0644\u0627\u0648\u0631\u0628\u064a\u0629 V\u0130P \u0631\u0642\u0645 5"},"content":{"rendered":"<p>\ud83d\udd39 Besuchen Sie das Schokoladenmuseum<br \/>\nWir segeln mit Ihnen zu einem wundersch\u00f6nen und wunderbaren Museum in der Stadt Istanbul und lernen das \u201eSchokoladenmuseum\u201c kennen, in dem alles, was Sie von fl\u00fcssigen Schokoladenbest\u00e4nden, Museen, Moscheen und historischen Pers\u00f6nlichkeiten erwarten, bis ins kleinste Detail gezeigt wird Erl\u00e4uterung der Besuchstermine und der Eintrittspreise.<\/p>\n<p>\ud83d\udd39 Besuchen Sie die Torium Mall<br \/>\nDas Torium Mall Istanbul ist mit vielen Schneespielen ausgestattet, mit denen Sie eine wundervolle Zeit verbringen und Spa\u00df haben k\u00f6nnen, zus\u00e4tzlich zu den riesigen schneebedeckten Gebieten, hohen Bergen aus Schnee, verschiedenen Werkzeugen und Kleidungsst\u00fccken sowie auf Skifahren spezialisierten Trainern All dies hat mir geholfen, diesen Sport auf unterhaltsame und sichere Weise auszu\u00fcben.<\/p>\n<p>\ud83d\udd39 Besuchen Sie Istanbul Aquarim<br \/>\nDas Florya Aquarium Istanbul nimmt aufgrund seiner Gr\u00f6\u00dfe und der Vielfalt an Fischen und Meeresorganismen, die es beherbergt, eine herausragende Stellung unter den Meereslebewesen der Welt ein.<\/p>\n<p>\ud83d\udd39 Besuch der K\u00fcste und G\u00e4rten von Avloria<br \/>\nEs ist einer der sch\u00f6nsten Touristen- und Unterhaltungsorte in Istanbul, die Touristen besuchen m\u00f6chten. Es liegt in der Region Florya und wird die Wasserstadt von Istanbul genannt, da es dort verschiedene Arten von Meereslebewesen gibt. Feiertage, aber w\u00e4hrend der Arbeitszeit , es ist ruhiger und sch\u00f6ner.<\/p>","protected":false},"excerpt":{"rendered":"<p>\u062c\u0648\u0644\u0629 \u0627\u0633\u0637\u0646\u0628\u0648\u0644 \u0627\u0644\u0627\u0648\u0631\u0628\u064a\u0629 \u0633\u064a\u0627\u0631\u0629 \u062e\u0627\u0635\u0629 V\u0130P<br \/>\n\u0627\u0644\u0633\u0640\u0640\u0639\u0631 \u0634\u0640\u0640\u0640\u0627\u0645\u0644 :<br \/>\n\u0633\u064a\u0627\u0631\u0629 \u0645\u0639 \u0633\u0627\u0626\u0642 \u064a\u062a\u0643\u0644\u0645 &#8230; <\/p>","protected":false},"featured_media":4650,"comment_status":"open","ping_status":"closed","template":"","meta":[],"product_cat":[87],"product_tag":[],"class_list":{"0":"post-4617","1":"product","2":"type-product","3":"status-publish","4":"has-post-thumbnail","6":"product_cat--vip-","8":"first","9":"instock","10":"shipping-taxable","11":"purchasable","12":"product-type-simple"},"_links":{"self":[{"href":"https:\/\/mousasky.com\/de\/wp-json\/wp\/v2\/product\/4617","targetHints":{"allow":["GET"]}}],"collection":[{"href":"https:\/\/mousasky.com\/de\/wp-json\/wp\/v2\/product"}],"about":[{"href":"https:\/\/mousasky.com\/de\/wp-json\/wp\/v2\/types\/product"}],"replies":[{"embeddable":true,"href":"https:\/\/mousasky.com\/de\/wp-json\/wp\/v2\/comments?post=4617"}],"wp:featuredmedia":[{"embeddable":true,"href":"https:\/\/mousasky.com\/de\/wp-json\/wp\/v2\/media\/4650"}],"wp:attachment":[{"href":"https:\/\/mousasky.com\/de\/wp-json\/wp\/v2\/media?parent=4617"}],"wp:term":[{"taxonomy":"product_cat","embeddable":true,"href":"https:\/\/mousasky.com\/de\/wp-json\/wp\/v2\/product_cat?post=4617"},{"taxonomy":"product_tag","embeddable":true,"href":"https:\/\/mousasky.com\/de\/wp-json\/wp\/v2\/product_tag?post=4617"}],"curies":[{"name":"wp","href":"https:\/\/api.w.org\/{rel}","templated":true}]}}