{"id":4615,"date":"2024-01-19T07:50:16","date_gmt":"2024-01-19T07:50:16","guid":{"rendered":"https:\/\/mousasky.com\/?post_type=product&#038;p=4615"},"modified":"2024-07-23T15:53:09","modified_gmt":"2024-07-23T15:53:09","slug":"%d8%ac%d9%88%d9%84%d8%a9-%d8%a7%d8%b3%d8%b7%d9%86%d8%a8%d9%88%d9%84-%d8%a7%d9%84%d8%a7%d9%88%d8%b1%d8%a8%d9%8a%d8%a9-vip-%d8%b1%d9%82%d9%85-3-2","status":"publish","type":"product","link":"https:\/\/mousasky.com\/de\/produkt\/\u062c\u0648\u0644\u0629-\u0627\u0633\u0637\u0646\u0628\u0648\u0644-\u0627\u0644\u0627\u0648\u0631\u0628\u064a\u0629-vip-\u0631\u0642\u0645-3-2\/","title":{"rendered":"\u062c\u0648\u0644\u0629 \u0627\u0633\u0637\u0646\u0628\u0648\u0644 \u0627\u0644\u0627\u0648\u0631\u0628\u064a\u0629 V\u0130P \u0631\u0642\u0645 3"},"content":{"rendered":"<p>\ud83d\udd39Besuchen Sie den Ambassador Tower:<br \/>\nEs war zwischen 2010 und 2016 der h\u00f6chste Wolkenkratzer in Istanbul und der T\u00fcrkei und bei seiner Fertigstellung im Jahr 2010 der vierth\u00f6chste Wolkenkratzer in Europa. Es handelt sich um ein Luxuswohnprojekt mit gemischter Nutzung und ist au\u00dferdem der erste \u00d6ko-Wolkenkratzer des Landes Der Turm enth\u00e4lt eine Gruppe von G\u00e4rten. Die Stratigraphie wiederholt sich alle drei Stockwerke und enth\u00e4lt eine Vielzahl von Pflanzen, die dem Turm eine m\u00e4rchenhafte Sch\u00f6nheit verleihen.<\/p>\n<p>\ud83d\udd39 Besuchen Sie die Istiklal-Stra\u00dfe:<br \/>\nDie Istiklal-Stra\u00dfe ist eine der ber\u00fchmtesten Stra\u00dfen Istanbuls im Taksim-Gebiet und ein Ort, der Touristen aufgrund der Anwesenheit von Kinos und vielen Gesch\u00e4ften, die alle Bed\u00fcrfnisse mit einer Vielzahl von Produkten erf\u00fcllen, sowie ber\u00fchmter Restaurants und Restaurants sehr anzieht Caf\u00e9s. Diese Stra\u00dfe \u00e4hnelt den wichtigen Stra\u00dfen in L\u00e4ndern wie London.<\/p>\n<p>\ud83d\udd39 Besuchen Sie das Kerzenmuseum:<br \/>\nDas Wachsmuseum befindet sich in Istanbul in der Taksim-Region und ist eine Filiale der Kette von Wachsmuseen weltweit. Es ist ein Ort, der Touristen anzieht, weil er viele Modelle enth\u00e4lt, die mit gro\u00dfer Genauigkeit bis ins kleinste Detail gefertigt sind, wie zum Beispiel die Farbe der Augen, Haare und die Methode der genehmigten Frisur f\u00fcr den Charakter und die Kleidung. Skulpturen von Menschen aus unterschiedlichen politischen, k\u00fcnstlerischen, mathematischen, naturwissenschaftlichen und anderen Bereichen.<\/p>\n<p>\ud83d\udd39 Besuchen Sie den Galataturm<br \/>\nEs wurde 1348 erbaut und war jahrhundertelang das h\u00f6chste Geb\u00e4ude der Stadt. Sein geschwungener oberer Balkon bietet einen 360-Grad-Blick auf die Stadt.<br \/>\nAufgrund seiner Lage, Aussicht und alten Geschichte ist es eine der ber\u00fchmtesten Touristenattraktionen in T\u00fcrkiye. Der Turm diente jahrhundertelang als Gef\u00e4ngnis und astronomisches Observatorium und wurde dann zu einer Touristenattraktion.<br \/>\n\ud83d\udd39Bosporus-Tour mit einer privaten Yacht:<br \/>\nW\u00e4hrend einer Yachttour, die zu den besten Touren geh\u00f6rt, k\u00f6nnen Sie viele Sehensw\u00fcrdigkeiten der Stadt besichtigen. Diese Kreuzfahrt dauert zwei Stunden und Sie besichtigen die Wahrzeichen der Stadt wie die Pal\u00e4ste der Sultane und die Villen der osmanischen Paschas. Genie\u00dfen Sie nicht nur die bezaubernde Landschaft und die frische Luft.<\/p>\n<p>\ud83d\udd39 Besuch des Viertels Balat, der Lochreihe<br \/>\nEs ist ein bescheidenes Viertel an der Golden Horn Bay und besteht aus engen Kopfsteinpflasterstra\u00dfen und farbenfrohen H\u00e4usern, in denen es trendige Caf\u00e9s und elegante Galerien gibt. Geb\u00e4ude wie die Kirche des griechischen Patriarchats, Synagogen und byzantinische Kirchen zeugen von der kosmopolitischen Vergangenheit der Region als Zentrum j\u00fcdischer, griechischer und armenischer Gemeinschaften. Das Viertel ist ein wichtiges Ziel f\u00fcr Einheimische, Touristen sowie Fernseh- und Filmproduzenten.<\/p>","protected":false},"excerpt":{"rendered":"<p>\u062c\u0648\u0644\u0629 \u0627\u0633\u0637\u0646\u0628\u0648\u0644 \u0627\u0644\u0627\u0648\u0631\u0628\u064a\u0629 \u0633\u064a\u0627\u0631\u0629 \u062e\u0627\u0635\u0629 V\u0130P<br \/>\n\u0627\u0644\u0633\u0640\u0640\u0639\u0631 \u0634\u0640\u0640\u0640\u0627\u0645\u0644 :<br \/>\n\u0633\u064a\u0627\u0631\u0629 \u0645\u0639 \u0633\u0627\u0626\u0642\u064a\u062a\u0643\u0644\u0645 \u0639\u0631\u0628\u064a &#8230; <\/p>","protected":false},"featured_media":4641,"comment_status":"open","ping_status":"closed","template":"","meta":[],"product_cat":[87],"product_tag":[],"class_list":{"0":"post-4615","1":"product","2":"type-product","3":"status-publish","4":"has-post-thumbnail","6":"product_cat--vip-","8":"first","9":"instock","10":"shipping-taxable","11":"purchasable","12":"product-type-simple"},"_links":{"self":[{"href":"https:\/\/mousasky.com\/de\/wp-json\/wp\/v2\/product\/4615","targetHints":{"allow":["GET"]}}],"collection":[{"href":"https:\/\/mousasky.com\/de\/wp-json\/wp\/v2\/product"}],"about":[{"href":"https:\/\/mousasky.com\/de\/wp-json\/wp\/v2\/types\/product"}],"replies":[{"embeddable":true,"href":"https:\/\/mousasky.com\/de\/wp-json\/wp\/v2\/comments?post=4615"}],"wp:featuredmedia":[{"embeddable":true,"href":"https:\/\/mousasky.com\/de\/wp-json\/wp\/v2\/media\/4641"}],"wp:attachment":[{"href":"https:\/\/mousasky.com\/de\/wp-json\/wp\/v2\/media?parent=4615"}],"wp:term":[{"taxonomy":"product_cat","embeddable":true,"href":"https:\/\/mousasky.com\/de\/wp-json\/wp\/v2\/product_cat?post=4615"},{"taxonomy":"product_tag","embeddable":true,"href":"https:\/\/mousasky.com\/de\/wp-json\/wp\/v2\/product_tag?post=4615"}],"curies":[{"name":"wp","href":"https:\/\/api.w.org\/{rel}","templated":true}]}}