{"id":4614,"date":"2024-01-19T07:49:02","date_gmt":"2024-01-19T07:49:02","guid":{"rendered":"https:\/\/mousasky.com\/?post_type=product&#038;p=4614"},"modified":"2024-07-23T15:53:16","modified_gmt":"2024-07-23T15:53:16","slug":"%d8%ac%d9%88%d9%84-%d8%a7%d8%b3%d8%b7%d9%86%d8%a8%d9%88%d9%84-%d8%a7%d9%84%d8%a7%d9%88%d8%b1%d9%88%d8%a8%d9%8a%d8%a9-vip-%d8%b1%d9%82%d9%85-2","status":"publish","type":"product","link":"https:\/\/mousasky.com\/de\/produkt\/\u062c\u0648\u0644-\u0627\u0633\u0637\u0646\u0628\u0648\u0644-\u0627\u0644\u0627\u0648\u0631\u0648\u0628\u064a\u0629-vip-\u0631\u0642\u0645-2\/","title":{"rendered":"\u062c\u0648\u0644 \u0627\u0633\u0637\u0646\u0628\u0648\u0644 \u0627\u0644\u0627\u0648\u0631\u0648\u0628\u064a\u0629 V\u0130P \u0631\u0642\u0645 2"},"content":{"rendered":"<p>\ud83d\udd39 Besuchen Sie Minya Turk<br \/>\nIn Miniaturk k\u00f6nnen Sie die Sehensw\u00fcrdigkeiten und Touristenattraktionen kennenlernen, bevor Sie sie besuchen, indem Sie sich die f\u00fcr sie entworfenen Modelle professionell ansehen und die Gelegenheit nicht verpassen, sie kennenzulernen, falls Sie nicht genug Zeit haben um alle Orte zu besuchen.<\/p>\n<p>\ud83d\udd39 Besuch im umgedrehten Haus<br \/>\nIn diesem Haus ist alles vorhanden, von der Haust\u00fcr bis hin zu den M\u00f6beln, Ger\u00e4ten und allem.<\/p>\n<p>\ud83d\udd39 Besuchen Sie Berluti TV<br \/>\nWenn Sie Istanbul von oben sehen m\u00f6chten, sollten Sie die Berluti-Seilbahn ausprobieren. Der Berluti-H\u00fcgel ist einer der sch\u00f6nsten Touristenorte und bei Touristen sehr beliebt, um die bezaubernde Naturlandschaft zu genie\u00dfen. Der H\u00fcgel wurde nach einem franz\u00f6sischen Dichter benannt.<\/p>\n<p>\ud83d\udd39 Besuch der Sultan-Ayoub-Moschee<br \/>\nEine alte osmanische Moschee im Stadtteil Ey\u00fcp auf der europ\u00e4ischen Seite von Istanbul. Die Ey\u00fcp-Sultan-Moschee wurde 1458 als erste von Muslimen erbaute Moschee in Istanbul erbaut. F\u00fcr das Grab des gro\u00dfen Gef\u00e4hrten Abu Ayyub al-Ansari gibt es ein separates Geb\u00e4ude.<\/p>\n<p>\ud83d\udd39 Besuchen Sie die Delfinshow<br \/>\nTolle einst\u00fcndige Show, die Show besteht aus 4 Teilen. Zwischendurch darf die \u00d6ffentlichkeit fotografieren.<br \/>\nEin f\u00fcr Familien geeigneter Ort, um neben anderen Aktivit\u00e4ten auch Delfinshows anzusehen, da es ein Restaurant, ein Caf\u00e9 und einen Ort gibt, an dem man Souvenirs rund um Delfine kaufen kann.<\/p>","protected":false},"excerpt":{"rendered":"<p>\ud83d\udca2\u0627\u0644\u0633\u0639\u0631 \u064a\u0634\u0640\u0640\u0645\u0644 :<br \/>\n\u0633\u064a\u0627\u0631\u0629 \u0645\u0639 \u0633\u0627\u0626\u0642 \u064a\u062a\u0643\u0644\u0645 \u0639\u0631\u0628\u064a \u062a\u0631\u0643\u064a<br \/>\n\u062c\u0648\u0644\u0629 \u0644\u0645\u062f\u0629 \u0639\u0634\u0631 \u0633\u0627\u0639\u0627\u062a &#8230; <\/p>","protected":false},"featured_media":4644,"comment_status":"open","ping_status":"closed","template":"","meta":[],"product_cat":[87],"product_tag":[],"class_list":{"0":"post-4614","1":"product","2":"type-product","3":"status-publish","4":"has-post-thumbnail","6":"product_cat--vip-","8":"first","9":"instock","10":"shipping-taxable","11":"purchasable","12":"product-type-simple"},"_links":{"self":[{"href":"https:\/\/mousasky.com\/de\/wp-json\/wp\/v2\/product\/4614","targetHints":{"allow":["GET"]}}],"collection":[{"href":"https:\/\/mousasky.com\/de\/wp-json\/wp\/v2\/product"}],"about":[{"href":"https:\/\/mousasky.com\/de\/wp-json\/wp\/v2\/types\/product"}],"replies":[{"embeddable":true,"href":"https:\/\/mousasky.com\/de\/wp-json\/wp\/v2\/comments?post=4614"}],"wp:featuredmedia":[{"embeddable":true,"href":"https:\/\/mousasky.com\/de\/wp-json\/wp\/v2\/media\/4644"}],"wp:attachment":[{"href":"https:\/\/mousasky.com\/de\/wp-json\/wp\/v2\/media?parent=4614"}],"wp:term":[{"taxonomy":"product_cat","embeddable":true,"href":"https:\/\/mousasky.com\/de\/wp-json\/wp\/v2\/product_cat?post=4614"},{"taxonomy":"product_tag","embeddable":true,"href":"https:\/\/mousasky.com\/de\/wp-json\/wp\/v2\/product_tag?post=4614"}],"curies":[{"name":"wp","href":"https:\/\/api.w.org\/{rel}","templated":true}]}}