{"id":4613,"date":"2024-01-19T07:47:33","date_gmt":"2024-01-19T07:47:33","guid":{"rendered":"https:\/\/mousasky.com\/?post_type=product&#038;p=4613"},"modified":"2024-07-23T15:53:23","modified_gmt":"2024-07-23T15:53:23","slug":"%d8%ac%d9%88%d9%84%d8%a9-%d8%a7%d8%b3%d8%b7%d9%86%d8%a8%d9%88%d9%84-%d8%a7%d9%84%d8%a7%d9%88%d8%b1%d8%a8%d9%8a%d8%a9-vip-%d8%b1%d9%82%d9%85-1-2","status":"publish","type":"product","link":"https:\/\/mousasky.com\/de\/produkt\/\u062c\u0648\u0644\u0629-\u0627\u0633\u0637\u0646\u0628\u0648\u0644-\u0627\u0644\u0627\u0648\u0631\u0628\u064a\u0629-vip-\u0631\u0642\u0645-1-2\/","title":{"rendered":"\u062c\u0648\u0644\u0629 \u0627\u0633\u0637\u0646\u0628\u0648\u0644 \u0627\u0644\u0627\u0648\u0631\u0628\u064a\u0629 V\u0130P \u0631\u0642\u0645 1"},"content":{"rendered":"<p>\ud83d\udd39 Besuchen Sie die Sultan-Ahmed-Moschee:<br \/>\nDie Sultan-Ahmed-Moschee (Blaue Moschee) ist eines der pr\u00e4chtigsten Geb\u00e4ude in T\u00fcrkiye. Das Geb\u00e4ude ist nicht nur eine Moschee, es ist auch ein Komplex des gesellschaftlichen Lebens. Es enth\u00e4lt eine Bibliothek sowie Gesundheits- und Bildungseinrichtungen.<br \/>\nRund um die Mauern dieser Moschee gibt es viele Gesch\u00e4fte und einen gro\u00dfen gr\u00fcnen Garten. Die Sultan-Ahmed-Moschee verf\u00fcgt \u00fcber eine Hauptkuppel, sechs Minarette und acht Nebenkuppeln. Der Entwurf ist der H\u00f6hepunkt von zwei Jahrhunderten osmanischer Moscheeentwicklung. Es verbindet einige byzantinisch-christliche Elemente der benachbarten Hagia Sophia mit traditioneller islamischer Architektur.<\/p>\n<p>\ud83d\udd39Besuchen Sie die Hagia Sophia Moschee:<br \/>\nEines der gr\u00f6\u00dften Denkm\u00e4ler der Welt befindet sich am Westufer der Stadt Istanbul. Es wurde im sechsten Jahrhundert n. Chr. (532-537) unter der Aufsicht des byzantinischen Kaisers als christliche Kirche erbaut und in den folgenden Jahrhunderten von ihm erbaut wurde 1935 eine Moschee und ein Museum und wieder eine Moschee. Das Geb\u00e4ude spiegelt die religi\u00f6sen Ver\u00e4nderungen wider, die im Laufe der Jahrhunderte in der Region stattfanden, mit islamischen Minaretten und Inschriften sowie den opulenten Mosaiken des Christentums.<\/p>\n<p>\ud83d\udd39 Besuchen Sie das Top Kaaba Museum:<br \/>\nEin Museum in Istanbul, das die kaiserlichen Sammlungen des Osmanischen Reiches zeigt und in seiner Bibliothek eine umfangreiche Sammlung von B\u00fcchern und Manuskripten aufbewahrt. Das Museum ist in einem Palast untergebracht, der als Verwaltungszentrum und Residenz des osmanischen Kaiserhofs diente. Es wurde 1924, ein Jahr nach der Gr\u00fcndung der Republik T\u00fcrkiye, als Museum er\u00f6ffnet. Das Topkapi-Palastmuseum zeichnet sich nicht nur durch seine Architektur und seine Sammlungen aus, sondern auch durch die Geschichte und Kultur des Osmanischen Reiches, die Besucher an diesem Ort noch einmal erleben.<\/p>\n<p>\ud83d\udd39Besuchen Sie den Gro\u00dfen Basar:<br \/>\nEs wurde w\u00e4hrend der Herrschaft von Sultan Mehmet dem Eroberer im Jahr 1461 als Zweck der Hagia-Sophia-Moschee erbaut. Der Bau dauerte etwa vier Jahre und wurde von Sultan Suleiman dem Pr\u00e4chtigen erweitert. Dieser Markt war einem Erdbeben ausgesetzt und wurde 1894 wiederhergestellt.<br \/>\nDer Gro\u00dfe Basar von Istanbul steht aufgrund seiner Gr\u00f6\u00dfe und der Vielfalt der verf\u00fcgbaren Waren ganz oben auf den Reiserouten der meisten Touristen. Dieser Megamarkt ist der gr\u00f6\u00dfte \u00fcberdachte Markt der Welt.<\/p>\n<p>\ud83d\udd39 Besuchen Sie den \u00e4gyptischen Markt:<br \/>\nEine Markthalle aus dem 17. Jahrhundert, bekannt als \u00c4gyptischer Basar, beherbergt Gew\u00fcrz-, Lebensmittel- und Textilgesch\u00e4fte. Es liegt im Herzen von Istanbul, auf der europ\u00e4ischen Seite, im Stadtteil Emin\u00f6n\u00fc. Es ist nach dem Gro\u00dfen Basar der zweitgr\u00f6\u00dfte Markt in Istanbul. Es wurde 1597 w\u00e4hrend der Herrschaft von Sultan Murad III. erbaut.<\/p>","protected":false},"excerpt":{"rendered":"<p>\u062c\u0648\u0644\u0629 \u0627\u0633\u0637\u0646\u0628\u0648\u0644 \u0627\u0644\u0627\u0648\u0631\u0628\u064a\u0629 \u0633\u064a\u0627\u0631\u0629 \u062e\u0627\u0635\u0629 V\u0130P<br \/>\n\u0627\u0644\u0633\u0640\u0640\u0639\u0631 \u0634\u0640\u0640\u0640\u0627\u0645\u0644 :<br \/>\n\u0633\u064a\u0627\u0631\u0629 \u0645\u0639 \u0633\u0627\u0626\u0642 \u064a\u062a\u0643\u0644\u0645 &#8230; <\/p>","protected":false},"featured_media":4642,"comment_status":"open","ping_status":"closed","template":"","meta":[],"product_cat":[87],"product_tag":[],"class_list":{"0":"post-4613","1":"product","2":"type-product","3":"status-publish","4":"has-post-thumbnail","6":"product_cat--vip-","8":"first","9":"instock","10":"shipping-taxable","11":"purchasable","12":"product-type-simple"},"_links":{"self":[{"href":"https:\/\/mousasky.com\/de\/wp-json\/wp\/v2\/product\/4613","targetHints":{"allow":["GET"]}}],"collection":[{"href":"https:\/\/mousasky.com\/de\/wp-json\/wp\/v2\/product"}],"about":[{"href":"https:\/\/mousasky.com\/de\/wp-json\/wp\/v2\/types\/product"}],"replies":[{"embeddable":true,"href":"https:\/\/mousasky.com\/de\/wp-json\/wp\/v2\/comments?post=4613"}],"wp:featuredmedia":[{"embeddable":true,"href":"https:\/\/mousasky.com\/de\/wp-json\/wp\/v2\/media\/4642"}],"wp:attachment":[{"href":"https:\/\/mousasky.com\/de\/wp-json\/wp\/v2\/media?parent=4613"}],"wp:term":[{"taxonomy":"product_cat","embeddable":true,"href":"https:\/\/mousasky.com\/de\/wp-json\/wp\/v2\/product_cat?post=4613"},{"taxonomy":"product_tag","embeddable":true,"href":"https:\/\/mousasky.com\/de\/wp-json\/wp\/v2\/product_tag?post=4613"}],"curies":[{"name":"wp","href":"https:\/\/api.w.org\/{rel}","templated":true}]}}