{"id":4034,"date":"2023-05-16T14:02:12","date_gmt":"2023-05-16T14:02:12","guid":{"rendered":"https:\/\/mousasky.com\/?post_type=product&#038;p=4034"},"modified":"2024-07-23T15:47:15","modified_gmt":"2024-07-23T15:47:15","slug":"%d8%b1%d8%ad%d9%84%d8%a9-%d9%82%d8%a7%d8%b1%d8%a8-%d8%ac%d8%b2%d9%8a%d8%b1%d8%a9-%d8%b3%d9%88%d9%84%d9%88%d8%a7%d8%af%d8%a7-%d9%81%d9%8a-%d8%a3%d9%86%d8%b7%d8%a7%d9%84%d9%8a%d8%a7","status":"publish","type":"product","link":"https:\/\/mousasky.com\/de\/produkt\/\u0631\u062d\u0644\u0629-\u0642\u0627\u0631\u0628-\u062c\u0632\u064a\u0631\u0629-\u0633\u0648\u0644\u0648\u0627\u062f\u0627-\u0641\u064a-\u0623\u0646\u0637\u0627\u0644\u064a\u0627\/","title":{"rendered":"Bootsfahrt zur Insel Solwada in Antalya"},"content":{"rendered":"<p align=\"right\">\ud83d\udca2 Reiseprogramm:<\/p>\n<p align=\"right\"><span dir=\"rtl\">Ausflug zur Insel Solwada in Adrasan von<\/span><span dir=\"rtl\">Es ist eine wunderbare Tagestour zur Insel Solwada in Edirsan und ihren Buchten, die zu den sch\u00f6nsten Buchten der T\u00fcrkei z\u00e4hlt. Die Bucht von Adrasan liegt etwa 90 km von Antalya entfernt<\/span>\u00a0<span dir=\"rtl\">Die Fahrt zur Insel Solwada dauert etwa 45 Minuten mit dem Boot. Die Insel, die gr\u00f6\u00dftenteils von Felsen und W\u00e4ldern bedeckt ist, wird wegen der S\u00fc\u00dfwasserressourcen der Insel Solwada genannt. Der Strand hat klares, blaues Meerwasser wie funkelndes Glas, das man nur an wenigen Orten in der T\u00fcrkei sehen kann. Sogar die unteren Teile des Meeres sind zu sehen. Aufgrund der Besonderheiten dieser glitzernden Bucht wurde die Insel Solwada nach den Malediven in der T\u00fcrkei benannt. W\u00e4hrend Ihres Urlaubs auf der Insel Solwada k\u00f6nnen Sie an diesem Strand mit klarem Wasser schwimmen und schnorcheln. Wir bieten auch Badepausen an den Weststr\u00e4nden und Quellwasserstr\u00e4nden an. Auf dem R\u00fcckweg von Soloda macht unser Boot schlie\u00dflich eine Badepause in einer der sch\u00f6nsten Buchten, der Hagiat Bay. Verpassen Sie nicht den Solwada-Adrasan-Inselausflug von Antalya aus, bei dem Sie die unbenannte, einsame Sch\u00f6nheit von Solwada und die wundersch\u00f6nen Buchten von Adrasan sehen werden.<\/span><\/p>","protected":false},"excerpt":{"rendered":"<p>\u0645\u0644\u0627\u062d\u0638\u0629 \u0627\u0644\u0627\u0633\u0639\u0627\u0631 \u0627\u0644\u0645\u0648\u062c\u0648\u062f\u0629 \u0645\u0646 \u0645\u0631\u0643\u0632 \u0645\u062f\u064a\u0646\u0629 \u0627\u0646\u0637\u0627\u0644\u064a\u0627<br \/>\n\u0648\u0628\u0627\u0642\u064a \u0627\u0644\u0627\u0645\u0627\u0643\u0646 \u064a\u062e\u062a\u0644\u0641 \u0627\u0644\u0627\u0633\u0639\u0627\u0631 \u0639\u0644 &#8230; <\/p>","protected":false},"featured_media":4856,"comment_status":"open","ping_status":"closed","template":"","meta":[],"product_cat":[83],"product_tag":[],"class_list":{"0":"post-4034","1":"product","2":"type-product","3":"status-publish","4":"has-post-thumbnail","6":"product_cat-83","8":"first","9":"instock","10":"shipping-taxable","11":"purchasable","12":"product-type-simple"},"_links":{"self":[{"href":"https:\/\/mousasky.com\/de\/wp-json\/wp\/v2\/product\/4034","targetHints":{"allow":["GET"]}}],"collection":[{"href":"https:\/\/mousasky.com\/de\/wp-json\/wp\/v2\/product"}],"about":[{"href":"https:\/\/mousasky.com\/de\/wp-json\/wp\/v2\/types\/product"}],"replies":[{"embeddable":true,"href":"https:\/\/mousasky.com\/de\/wp-json\/wp\/v2\/comments?post=4034"}],"wp:featuredmedia":[{"embeddable":true,"href":"https:\/\/mousasky.com\/de\/wp-json\/wp\/v2\/media\/4856"}],"wp:attachment":[{"href":"https:\/\/mousasky.com\/de\/wp-json\/wp\/v2\/media?parent=4034"}],"wp:term":[{"taxonomy":"product_cat","embeddable":true,"href":"https:\/\/mousasky.com\/de\/wp-json\/wp\/v2\/product_cat?post=4034"},{"taxonomy":"product_tag","embeddable":true,"href":"https:\/\/mousasky.com\/de\/wp-json\/wp\/v2\/product_tag?post=4034"}],"curies":[{"name":"wp","href":"https:\/\/api.w.org\/{rel}","templated":true}]}}