{"id":4027,"date":"2022-06-16T13:05:36","date_gmt":"2022-06-16T13:05:36","guid":{"rendered":"https:\/\/mousasky.com\/?post_type=product&#038;p=4027"},"modified":"2024-07-23T15:46:04","modified_gmt":"2024-07-23T15:46:04","slug":"4027","status":"publish","type":"product","link":"https:\/\/mousasky.com\/de\/produkt\/4027\/","title":{"rendered":"Batumi-Reise von Trabzon"},"content":{"rendered":"<p>\ud83d\udca2 Details zur Reise:<br \/>\n\ud83d\udd39 Besuchen Sie das Sarp-Grenztor (sarp s\u0131n\u0131r kap\u0131s\u0131).<br \/>\n\ud83d\udd39 Besuchen Sie die Burg Gonio Kalesi<br \/>\n\ud83d\udd39 Besuchen Sie den Botanischen Garten Bah\u00e7e<br \/>\n\ud83d\udd39 Besuchen Sie die Kathedrale Sanat M\u00fczesi<br \/>\n\ud83d\udd39 Besuch des Europaplatzes avrupa meydan\u0131<br \/>\n\ud83d\udd39Besichtigung der Skulptur Medea Heykeli<br \/>\n\ud83d\udd34 Informationen zur Reise<br \/>\nDie Stadt Batumi in Georgien gilt aufgrund ihrer gr\u00fcnen Natur und ihres subtropischen Klimas als Perle des Schwarzen Meeres und hat viele Auszeichnungen gewonnen, darunter den World Travel Award, der Batumi als \u201edas f\u00fchrende aufstrebende Touristenziel in Europa\u201c betrachtet Ein einzigartiges touristisches Erlebnis. Wir nehmen Sie mit auf eine Reise nach Batumi, um die sch\u00f6nsten Touristenorte kennenzulernen.<\/p>","protected":false},"excerpt":{"rendered":"<p>\ud83d\udd36 Im Preis inbegriffen:<br \/>\n\ud83d\udd38 inklusive Reiseleiter<br \/>\n\ud83d\udd38 Inklusive Transport zum und vom Hotel<\/p>\n<p><span","protected":false},"featured_media":4033,"comment_status":"open","ping_status":"closed","template":"","meta":[],"product_cat":[79],"product_tag":[],"class_list":{"0":"post-4027","1":"product","2":"type-product","3":"status-publish","4":"has-post-thumbnail","6":"product_cat-79","8":"first","9":"instock","10":"shipping-taxable","11":"purchasable","12":"product-type-simple"},"_links":{"self":[{"href":"https:\/\/mousasky.com\/de\/wp-json\/wp\/v2\/product\/4027","targetHints":{"allow":["GET"]}}],"collection":[{"href":"https:\/\/mousasky.com\/de\/wp-json\/wp\/v2\/product"}],"about":[{"href":"https:\/\/mousasky.com\/de\/wp-json\/wp\/v2\/types\/product"}],"replies":[{"embeddable":true,"href":"https:\/\/mousasky.com\/de\/wp-json\/wp\/v2\/comments?post=4027"}],"wp:featuredmedia":[{"embeddable":true,"href":"https:\/\/mousasky.com\/de\/wp-json\/wp\/v2\/media\/4033"}],"wp:attachment":[{"href":"https:\/\/mousasky.com\/de\/wp-json\/wp\/v2\/media?parent=4027"}],"wp:term":[{"taxonomy":"product_cat","embeddable":true,"href":"https:\/\/mousasky.com\/de\/wp-json\/wp\/v2\/product_cat?post=4027"},{"taxonomy":"product_tag","embeddable":true,"href":"https:\/\/mousasky.com\/de\/wp-json\/wp\/v2\/product_tag?post=4027"}],"curies":[{"name":"wp","href":"https:\/\/api.w.org\/{rel}","templated":true}]}}