{"id":3763,"date":"2023-04-22T13:46:50","date_gmt":"2023-04-22T13:46:50","guid":{"rendered":"https:\/\/mousasky.com\/?post_type=product&#038;p=3763"},"modified":"2023-06-23T14:10:38","modified_gmt":"2023-06-23T14:10:38","slug":"%d8%b1%d8%ad%d9%80%d9%80%d9%80%d9%84%d8%a9-%d8%b1%d9%83%d9%88%d8%a8-%d8%a7%d9%84%d8%ae%d9%8a%d9%84-%d9%81%d9%8a-%d9%83%d8%a8%d8%a7%d8%af%d9%88%d9%83%d9%8a%d8%a7","status":"publish","type":"product","link":"https:\/\/mousasky.com\/de\/produkt\/\u0631\u062d\u0640\u0640\u0640\u0644\u0629-\u0631\u0643\u0648\u0628-\u0627\u0644\u062e\u064a\u0644-\u0641\u064a-\u0643\u0628\u0627\u062f\u0648\u0643\u064a\u0627\/","title":{"rendered":"Reitausflug in Kappadokien"},"content":{"rendered":"<div class=\"wpb-content-wrapper\"><div class=\"vc_row wpb_row vc_row-fluid\"><div class=\"wpb_column vc_column_container vc_col-sm-12\"><div class=\"vc_column-inner\"><div class=\"wpb_wrapper\">\n\t<div class=\"wpb_text_column wpb_content_element\" >\n\t\t<div class=\"wpb_wrapper\">\n\t\t\t<p>\ud83d\udca2 Details zur Reise:<\/p>\n<p>Sie m\u00fcssen kein besonders guter Fahrer sein, da dies m\u00f6glicherweise Ihre erste Erfahrung ist.<\/p>\n<p>Unter der F\u00fchrung von fachkundigem Personal und sogar Ihren Kindern werden Sie weiterhin die geheimen Stra\u00dfen Kappadokiens entdecken.<\/p>\n<p>Sie k\u00f6nnen st\u00fcndlich oder t\u00e4glich an Kappadokien-Pferdetouren teilnehmen.<\/p>\n<p>Sie k\u00f6nnen auf Wegen reiten, die f\u00fcr Fahrzeuge nicht zug\u00e4nglich sind.<\/p>\n<p>In Teilen des Tals, rund um Feenkamine und zwischen den Weinbergen des Dorfplatzes.<\/p>\n<p>Auf der Pferdetour k\u00f6nnen Sie die sch\u00f6nsten T\u00e4ler Kappadokiens sehen,<\/p>\n<p>Wie das K\u0131l\u0131\u00e7lar-Tal, das Meskendir-Tal, das Rosental, das Liebestal, das Zemi-Tal und das G\u00fcvercinlik-Tal.<\/p>\n<p>Auf jeder Stra\u00dfe werden Sie auf Feenkamine in unterschiedlichen Strukturen sto\u00dfen.<\/p>\n<p>Sie k\u00f6nnen ein 1-, 2-, 3-, 4-Stunden- oder Ganztagespaket im Zusammenhang mit der Kieselsteintour w\u00e4hlen<\/p>\n\n\t\t<\/div>\n\t<\/div>\n\n\t<div class=\"wpb_raw_code wpb_raw_html wpb_content_element\" >\n\t\t<div class=\"wpb_wrapper\">\n\t\t\t<a href=\"\/de\/mustafa\/\" class=\"btn-whatsapp-pulse1 btn-whatsapp-pulse-border1\" target=\"_blank\">\n\t<i class=\"fab fa-whatsapp\"><\/i>\n<\/a>\n\n\n\n<style>\n.btn-whatsapp-pulse1 {\n\tz-index:9999;\n\tbackground: #25d366;\n\tcolor: white;\n\tposition: fixed;\n\n\tbottom: 100px;\n\tright: 20px;\n\tfont-size: 40px;\n\tdisplay: flex;\n\tjustify-content: center;\n\talign-items: center;\n\twidth: 0;\n\theight: 0;\n\tpadding: 35px;\n\ttext-decoration: none;\n\tborder-radius: 50%;\n\tanimation-name: pulse;\n\tanimation-duration: 1.5s;\n\tanimation-timing-function: ease-out;\n\tanimation-iteration-count: infinite;\n}\n\n<\/style>\n\n\t\t<\/div>\n\t<\/div>\n<\/div><\/div><\/div><\/div>\n<\/div>","protected":false},"excerpt":{"rendered":"<p>\ud83d\udd36 Im Preis inbegriffen:<br \/>\n\ud83d\udd38 inklusive Reiseleiter<br \/>\n\ud83d\udd38 Inklusive Transport zum und vom Hotel<\/p>\n<p><span","protected":false},"featured_media":3767,"comment_status":"open","ping_status":"closed","template":"","meta":[],"product_cat":[85],"product_tag":[],"class_list":{"0":"post-3763","1":"product","2":"type-product","3":"status-publish","4":"has-post-thumbnail","6":"product_cat-85","8":"first","9":"instock","10":"shipping-taxable","11":"purchasable","12":"product-type-simple"},"_links":{"self":[{"href":"https:\/\/mousasky.com\/de\/wp-json\/wp\/v2\/product\/3763","targetHints":{"allow":["GET"]}}],"collection":[{"href":"https:\/\/mousasky.com\/de\/wp-json\/wp\/v2\/product"}],"about":[{"href":"https:\/\/mousasky.com\/de\/wp-json\/wp\/v2\/types\/product"}],"replies":[{"embeddable":true,"href":"https:\/\/mousasky.com\/de\/wp-json\/wp\/v2\/comments?post=3763"}],"wp:featuredmedia":[{"embeddable":true,"href":"https:\/\/mousasky.com\/de\/wp-json\/wp\/v2\/media\/3767"}],"wp:attachment":[{"href":"https:\/\/mousasky.com\/de\/wp-json\/wp\/v2\/media?parent=3763"}],"wp:term":[{"taxonomy":"product_cat","embeddable":true,"href":"https:\/\/mousasky.com\/de\/wp-json\/wp\/v2\/product_cat?post=3763"},{"taxonomy":"product_tag","embeddable":true,"href":"https:\/\/mousasky.com\/de\/wp-json\/wp\/v2\/product_tag?post=3763"}],"curies":[{"name":"wp","href":"https:\/\/api.w.org\/{rel}","templated":true}]}}