{"id":3675,"date":"2023-04-08T23:33:32","date_gmt":"2023-04-08T23:33:32","guid":{"rendered":"https:\/\/mousasky.com\/?post_type=product&#038;p=3675"},"modified":"2024-02-15T12:37:26","modified_gmt":"2024-02-15T12:37:26","slug":"%d8%ac%d9%88%d9%84%d8%a9-%d8%a7%d9%84%d9%8a%d8%ae%d8%aa-%d8%a7%d9%84%d8%ae%d8%a7%d8%b5-%d9%85%d8%b6%d9%8a%d9%82-%d8%a7%d9%84%d8%a8%d9%88%d8%b3%d9%81%d9%88%d8%b1","status":"publish","type":"product","link":"https:\/\/mousasky.com\/de\/produkt\/\u062c\u0648\u0644\u0629-\u0627\u0644\u064a\u062e\u062a-\u0627\u0644\u062e\u0627\u0635-\u0645\u0636\u064a\u0642-\u0627\u0644\u0628\u0648\u0633\u0641\u0648\u0631\/","title":{"rendered":"Private Yachttour durch den Bosporus"},"content":{"rendered":"<p>\ud83d\udca2 Reiseprogramm<br \/>\nDie luxuri\u00f6se Touristenyacht wartet im Hafen auf Sie und ist mit allen Ihren Anforderungen ausgestattet<br \/>\nUnd dann begeben wir uns auf die Reise Ihres Lebens, die Bosporus-Reise<br \/>\nDas beginnt mit der Besichtigung der wichtigsten touristischen Meeresattraktionen in Istanbul, einschlie\u00dflich der alten osmanischen Pal\u00e4ste, Burgen und Festungen, wobei wir auch die ber\u00fchmten Restaurants und luxuri\u00f6sen Villen am Ufer des Bosporus nicht vergessen.<br \/>\nDas wichtigste Merkmal unserer Tour ist das Unterqueren der drei Br\u00fccken von Istanbul, der Bosporus-Br\u00fccke, der Sultan-Mehmed-Al-Fateh-Br\u00fccke und der dritten Br\u00fccke<br \/>\nAbschlie\u00dfend verabschieden wir uns mit Rosen von Ihnen<\/p>","protected":false},"excerpt":{"rendered":"<p>\ud83d\udd38 Einschlie\u00dflich der Yachttour nur f\u00fcr zwei Stunden<\/p>\n<p>\u25aa\ufe0f Und f\u00fcr zus\u00e4tzliche Dienstleistungen Defg Extra<\/p>\n<p>\ud83d\udd39\u0648\u062c\u0628\u0629 \u0627\u0644\u0639\u0634\u0627\u0621 &#8230; <\/p>","protected":false},"featured_media":3680,"comment_status":"open","ping_status":"closed","template":"","meta":[],"product_cat":[82],"product_tag":[],"class_list":{"0":"post-3675","1":"product","2":"type-product","3":"status-publish","4":"has-post-thumbnail","6":"product_cat-82","8":"first","9":"instock","10":"shipping-taxable","11":"purchasable","12":"product-type-simple"},"_links":{"self":[{"href":"https:\/\/mousasky.com\/de\/wp-json\/wp\/v2\/product\/3675","targetHints":{"allow":["GET"]}}],"collection":[{"href":"https:\/\/mousasky.com\/de\/wp-json\/wp\/v2\/product"}],"about":[{"href":"https:\/\/mousasky.com\/de\/wp-json\/wp\/v2\/types\/product"}],"replies":[{"embeddable":true,"href":"https:\/\/mousasky.com\/de\/wp-json\/wp\/v2\/comments?post=3675"}],"wp:featuredmedia":[{"embeddable":true,"href":"https:\/\/mousasky.com\/de\/wp-json\/wp\/v2\/media\/3680"}],"wp:attachment":[{"href":"https:\/\/mousasky.com\/de\/wp-json\/wp\/v2\/media?parent=3675"}],"wp:term":[{"taxonomy":"product_cat","embeddable":true,"href":"https:\/\/mousasky.com\/de\/wp-json\/wp\/v2\/product_cat?post=3675"},{"taxonomy":"product_tag","embeddable":true,"href":"https:\/\/mousasky.com\/de\/wp-json\/wp\/v2\/product_tag?post=3675"}],"curies":[{"name":"wp","href":"https:\/\/api.w.org\/{rel}","templated":true}]}}