{"id":3072,"date":"2023-01-28T16:48:08","date_gmt":"2023-01-28T16:48:08","guid":{"rendered":"https:\/\/mousasky.com\/?post_type=product&#038;p=3072"},"modified":"2023-02-11T13:02:54","modified_gmt":"2023-02-11T13:02:54","slug":"%d8%b3%d9%8a%d8%a7%d8%aa-%d9%84%d9%8a%d9%88%d9%86","status":"publish","type":"product","link":"https:\/\/mousasky.com\/de\/produkt\/\u0633\u064a\u0627\u062a-\u0644\u064a\u0648\u0646\/","title":{"rendered":"Seat Leon"},"content":{"rendered":"<div class=\"wpb-content-wrapper\"><div class=\"vc_row wpb_row vc_row-fluid\"><div class=\"wpb_column vc_column_container vc_col-sm-12\"><div class=\"vc_column-inner\"><div class=\"wpb_wrapper\">\n\t<div class=\"wpb_text_column wpb_content_element\" >\n\t\t<div class=\"wpb_wrapper\">\n\t\t\t<p>\ud83d\udca2 Bedingungen f\u00fcr die Anmietung eines Autos:<br \/>\n1- Ein von Ihrem Land ausgestellter F\u00fchrerschein oder ein g\u00fcltiger internationaler F\u00fchrerschein und ein g\u00fcltiger Reisepass, sofern eine Einreise erforderlich ist. T\u00fcrkiye f\u00fcr mindestens sechs Monate<\/p>\n<p>2- Das Unternehmen, dem das Auto geh\u00f6rt, hat das Recht, das Auto bei Problemen oder Meinungsverschiedenheiten \u00fcber die Bedingungen zur\u00fcckzuholen, auch ohne die Anwesenheit der zweiten Partei, egal wo das Auto gefunden wird.<\/p>\n<p>3- Das Mietauto darf nur von der im Mietvertrag genannten Person genutzt werden.<\/p>\n<p>4- Wenn das Auto vor dem angegebenen Datum nach Erhalt des Autos zur\u00fcckgegeben wird, wird der vereinbarte Betrag nicht importiert.<\/p>\n<p>5- Bitte geben Sie das Auto bei Erhalt mit dem gleichen Kraftstoffstand und der gleichen Sauberkeit zur\u00fcck.<\/p>\n<p>6- Im Falle einer Verl\u00e4ngerung informieren Sie das Unternehmen bitte 24 Stunden vor der Lieferung des Fahrzeugs.<\/p>\n<p>7- Versicherung f\u00fcr Verst\u00f6\u00dfe und Autobahnen, 1.500 TL, davon werden 1.000 TL bei \u00dcbergabe des Fahrzeugs zur\u00fcckerstattet und der Restbetrag, 500 TL, wird nach 20 Tagen zur\u00fcckerstattet.<\/p>\n<p>8- Die zul\u00e4ssige Kilometerzahl pro Tag betr\u00e4gt 175 Kilometer. Bei \u00dcberschreitung der zul\u00e4ssigen Grenze erh\u00f6ht sich der Preis entsprechend der Anzahl der Kilometer, die die Grenze \u00fcberschreiten.<\/p>\n<p>9- \u00dcberpr\u00fcfen Sie das Fahrzeug nach Erhalt und Lieferung vollst\u00e4ndig<\/p>\n<p>F\u00fcr die Annahme und Lieferung des Autos au\u00dferhalb des B\u00fcros f\u00e4llt ein Aufpreis an<\/p>\n<p>\ud83d\udff0\ud83d\udff0\ud83d\udff0\ud83d\udff0\ud83d\udff0\ud83d\udff0\ud83d\udff0<\/p>\n<p>\ud83d\udca2 Bedingungen f\u00fcr die Kfz-Versicherung im Unternehmen:<br \/>\nSollte es zu einem Verkehrsunfall kommen und der Schadenswert liegt unter dem Betrag von 13.000 t\u00fcrkischen Lira, tr\u00e4gt der Mieter den vollen Betrag, wenn er der Verursacher des Unfalls ist, und die Kosten f\u00fcr die Reparatur des Fahrzeugs werden von ihm getragen die zweite Partei durch das Unternehmen<\/p>\n\n\t\t<\/div>\n\t<\/div>\n\n\t<div class=\"wpb_raw_code wpb_raw_html wpb_content_element\" >\n\t\t<div class=\"wpb_wrapper\">\n\t\t\t<a href=\"https:\/\/mousasky.com\/de\/cars\/\" class=\"btn-whatsapp-pulse1 btn-whatsapp-pulse-border1\" target=\"_blank\">\n\t<i class=\"fab fa-whatsapp\"><\/i>\n<\/a>\n\n\n\n<style>\n.btn-whatsapp-pulse1 {\n\tz-index:9999;\n\tbackground: #25d366;\n\tcolor: white;\n\tposition: fixed;\n\n\tbottom: 100px;\n\tright: 20px;\n\tfont-size: 40px;\n\tdisplay: flex;\n\tjustify-content: center;\n\talign-items: center;\n\twidth: 0;\n\theight: 0;\n\tpadding: 35px;\n\ttext-decoration: none;\n\tborder-radius: 50%;\n\tanimation-name: pulse;\n\tanimation-duration: 1.5s;\n\tanimation-timing-function: ease-out;\n\tanimation-iteration-count: infinite;\n}\n\n<\/style>\n\t\t<\/div>\n\t<\/div>\n<\/div><\/div><\/div><\/div>\n<\/div>","protected":false},"excerpt":{"rendered":"<blockquote><p>Seat Leon<br \/>\nModelljahr 2018<br \/>\nBenzin<br \/>\nAutomatisch<\/p><\/blockquote>\n<p> &#8230; <\/p>","protected":false},"featured_media":3075,"comment_status":"open","ping_status":"closed","template":"","meta":[],"product_cat":[88],"product_tag":[],"class_list":{"0":"post-3072","1":"product","2":"type-product","3":"status-publish","4":"has-post-thumbnail","6":"product_cat-88","8":"first","9":"instock","10":"shipping-taxable","11":"product-type-simple"},"_links":{"self":[{"href":"https:\/\/mousasky.com\/de\/wp-json\/wp\/v2\/product\/3072","targetHints":{"allow":["GET"]}}],"collection":[{"href":"https:\/\/mousasky.com\/de\/wp-json\/wp\/v2\/product"}],"about":[{"href":"https:\/\/mousasky.com\/de\/wp-json\/wp\/v2\/types\/product"}],"replies":[{"embeddable":true,"href":"https:\/\/mousasky.com\/de\/wp-json\/wp\/v2\/comments?post=3072"}],"wp:featuredmedia":[{"embeddable":true,"href":"https:\/\/mousasky.com\/de\/wp-json\/wp\/v2\/media\/3075"}],"wp:attachment":[{"href":"https:\/\/mousasky.com\/de\/wp-json\/wp\/v2\/media?parent=3072"}],"wp:term":[{"taxonomy":"product_cat","embeddable":true,"href":"https:\/\/mousasky.com\/de\/wp-json\/wp\/v2\/product_cat?post=3072"},{"taxonomy":"product_tag","embeddable":true,"href":"https:\/\/mousasky.com\/de\/wp-json\/wp\/v2\/product_tag?post=3072"}],"curies":[{"name":"wp","href":"https:\/\/api.w.org\/{rel}","templated":true}]}}