{"id":2976,"date":"2023-01-26T16:33:33","date_gmt":"2023-01-26T16:33:33","guid":{"rendered":"https:\/\/mousasky.com\/?post_type=product&#038;p=2976"},"modified":"2023-01-26T16:35:03","modified_gmt":"2023-01-26T16:35:03","slug":"%d8%a7%d9%83%d9%88%d8%a7%d8%ae-%d9%81%d9%8a-%d8%b7%d8%b1%d8%a7%d8%a8%d8%b2%d9%88%d9%86-%d8%b1%d9%8a%d8%b2%d8%a7-6","status":"publish","type":"product","link":"https:\/\/mousasky.com\/de\/produkt\/\u0627\u0643\u0648\u0627\u062e-\u0641\u064a-\u0637\u0631\u0627\u0628\u0632\u0648\u0646-\u0631\u064a\u0632\u0627-6\/","title":{"rendered":"Ferienh\u00e4user in Trabzon Rize - 6"},"content":{"rendered":"<p>\ud83d\udca2 Cottage-Spezifikationen<br \/>\n\ud83d\udd39 die Gegend Risa<br \/>\n\ud83d\udd39 f\u00fcr zwei<br \/>\n\ud83d\udd39 Cottage mit Whirlpool<br \/>\n\ud83d\udd39 mit Blick auf die Berge<br \/>\n\ud83d\udd39 mit Morgenfr\u00fchst\u00fcck<br \/>\n\ud83d\udff0\ud83d\udff0\ud83d\udff0\ud83d\udff0\ud83d\udff0\ud83d\udff0<br \/>\n\u2705 F\u00fcr Anfragen und Reservierungen kontaktieren Sie uns bitte \u00fcber WhatsApp<br \/>\n\ud83d\udca2 Wir bieten Ihnen die besten Hotels in der T\u00fcrkei zu Preisen, die zu Ihrem Budget passen. Wettbewerbsf\u00e4hige Preise f\u00fcr viele Websites bei Hotelreservierungen, sparen Sie viel Zeit und Geld bei Ihren Reservierungen, und wir senden Ihnen die Reservierungsnummer (Best\u00e4tigungsnummer)\u2709<br \/>\n\u2705 mehrere Auswahlm\u00f6glichkeiten.<br \/>\n\u2705 Sonderpreise.<br \/>\n\u2705 Schnelle Buchungsbest\u00e4tigung.<br \/>\n\u2705 Bestpreisgarantie.<br \/>\n\u2705 Keine versteckten Geb\u00fchren.<br \/>\n\u2705 Zeitlich begrenzte Angebote.<br \/>\n\u2705 Buchen Sie schnell.<\/p>","protected":false},"excerpt":{"rendered":"<blockquote><p>\ud83d\udca2 Cottage-Spezifikationen<br \/>\n\ud83d\udd39 die Gegend Risa<br \/>\n\ud83d\udd39 f\u00fcr zwei<br \/>\n\ud83d\udd39 Cottage mit Whirlpool<br \/>\n\ud83d\udd39 mit Blick auf die Berge<br \/>\n\ud83d\udd39 mit Morgenfr\u00fchst\u00fcck<br \/>\n\ud83d\udff0\ud83d\udff0\ud83d\udff0\ud83d\udff0\ud83d\udff0\ud83d\udff0<br \/>\n\u2705 \u0644\u0644\u0627\u0633\u062a\u0641\u0633\u0627\u0631 &#8230; <\/p>","protected":false},"featured_media":2786,"comment_status":"open","ping_status":"closed","template":"","meta":[],"product_cat":[81],"product_tag":[],"class_list":{"0":"post-2976","1":"product","2":"type-product","3":"status-publish","4":"has-post-thumbnail","6":"product_cat-81","8":"first","9":"instock","10":"shipping-taxable","11":"product-type-simple"},"_links":{"self":[{"href":"https:\/\/mousasky.com\/de\/wp-json\/wp\/v2\/product\/2976","targetHints":{"allow":["GET"]}}],"collection":[{"href":"https:\/\/mousasky.com\/de\/wp-json\/wp\/v2\/product"}],"about":[{"href":"https:\/\/mousasky.com\/de\/wp-json\/wp\/v2\/types\/product"}],"replies":[{"embeddable":true,"href":"https:\/\/mousasky.com\/de\/wp-json\/wp\/v2\/comments?post=2976"}],"wp:featuredmedia":[{"embeddable":true,"href":"https:\/\/mousasky.com\/de\/wp-json\/wp\/v2\/media\/2786"}],"wp:attachment":[{"href":"https:\/\/mousasky.com\/de\/wp-json\/wp\/v2\/media?parent=2976"}],"wp:term":[{"taxonomy":"product_cat","embeddable":true,"href":"https:\/\/mousasky.com\/de\/wp-json\/wp\/v2\/product_cat?post=2976"},{"taxonomy":"product_tag","embeddable":true,"href":"https:\/\/mousasky.com\/de\/wp-json\/wp\/v2\/product_tag?post=2976"}],"curies":[{"name":"wp","href":"https:\/\/api.w.org\/{rel}","templated":true}]}}