{"id":2752,"date":"2023-01-14T14:48:39","date_gmt":"2023-01-14T14:48:39","guid":{"rendered":"https:\/\/mousasky.com\/?post_type=product&#038;p=2752"},"modified":"2023-06-23T14:10:43","modified_gmt":"2023-06-23T14:10:43","slug":"%d8%b1%d8%ad%d9%80%d9%80%d9%80%d9%84%d8%a9-%d8%b1%d9%83%d9%88%d8%a8-%d8%a7%d9%84%d9%85%d9%86%d8%b7%d8%a7%d8%af-%d9%81%d9%8a-%d9%83%d8%a8%d8%a7%d8%af%d9%88%d9%83%d9%8a%d8%a7","status":"publish","type":"product","link":"https:\/\/mousasky.com\/de\/produkt\/\u0631\u062d\u0640\u0640\u0640\u0644\u0629-\u0631\u0643\u0648\u0628-\u0627\u0644\u0645\u0646\u0637\u0627\u062f-\u0641\u064a-\u0643\u0628\u0627\u062f\u0648\u0643\u064a\u0627\/","title":{"rendered":"Ballonfahrt in Kappadokien"},"content":{"rendered":"<div class=\"wpb-content-wrapper\"><div class=\"vc_row wpb_row vc_row-fluid\"><div class=\"wpb_column vc_column_container vc_col-sm-12\"><div class=\"vc_column-inner\"><div class=\"wpb_wrapper\">\n\t<div class=\"wpb_text_column wpb_content_element\" >\n\t\t<div class=\"wpb_wrapper\">\n\t\t\t<p>\ud83d\udca2 Details zur Reise:<br \/>\nT\u00e4gliche Ballontour durch Kappadokien<br \/>\nWir laden Sie zu einem Erlebnis ein, das Sie ein Leben lang nicht vergessen werden. M\u00f6glicherweise sind Sie schon einmal geflogen oder mit Fl\u00fcgeln gestartet. Das Ballonerlebnis bietet jedoch ein ganz anderes Ma\u00df an Komfort und Bequemlichkeit und erm\u00f6glicht es Ihnen, frei \u00fcber Kappadokien zu fliegen.<br \/>\nWo nicht nur Sie, sondern auch Dutzende von Ballons um Sie herum gemeinsam beim Abheben zusehen werden, um die Sonne zu begr\u00fc\u00dfen, die in den fr\u00fchen Morgenstunden scheint, und die Farbe, die darunter f\u00e4llt. Wenn Sie nach Kappadokien kommen und nicht an der Ballonfahrt teilnehmen, werden Sie diesen Ort wirklich vermissen. Sie k\u00f6nnen mit Ihren Lieben an dieser Tour teilnehmen und das Gef\u00fchl haben, ein gro\u00dfes Abenteuer in der Antike zu beginnen.<\/p>\n<p>Die Dauer der Ballonfahrt betr\u00e4gt 45 Minuten bis 60 Minuten<\/p>\n\n\t\t<\/div>\n\t<\/div>\n\n\t<div class=\"wpb_raw_code wpb_raw_html wpb_content_element\" >\n\t\t<div class=\"wpb_wrapper\">\n\t\t\t<a href=\"\/de\/mustafa\/\" class=\"btn-whatsapp-pulse1 btn-whatsapp-pulse-border1\" target=\"_blank\">\n\t<i class=\"fab fa-whatsapp\"><\/i>\n<\/a>\n\n\n\n<style>\n.btn-whatsapp-pulse1 {\n\tz-index:9999;\n\tbackground: #25d366;\n\tcolor: white;\n\tposition: fixed;\n\n\tbottom: 100px;\n\tright: 20px;\n\tfont-size: 40px;\n\tdisplay: flex;\n\tjustify-content: center;\n\talign-items: center;\n\twidth: 0;\n\theight: 0;\n\tpadding: 35px;\n\ttext-decoration: none;\n\tborder-radius: 50%;\n\tanimation-name: pulse;\n\tanimation-duration: 1.5s;\n\tanimation-timing-function: ease-out;\n\tanimation-iteration-count: infinite;\n}\n\n<\/style>\n\n\t\t<\/div>\n\t<\/div>\n<\/div><\/div><\/div><\/div>\n<\/div>","protected":false},"excerpt":{"rendered":"<p>\ud83d\udd36 Im Preis inbegriffen:<br \/>\n\ud83d\udd38 inklusive Reiseleiter<br \/>\n\ud83d\udd38 Inklusive Transport zum und vom Hotel<\/p>\n<p><span","protected":false},"featured_media":2753,"comment_status":"open","ping_status":"closed","template":"","meta":[],"product_cat":[85],"product_tag":[],"class_list":{"0":"post-2752","1":"product","2":"type-product","3":"status-publish","4":"has-post-thumbnail","6":"product_cat-85","8":"first","9":"instock","10":"shipping-taxable","11":"purchasable","12":"product-type-simple"},"_links":{"self":[{"href":"https:\/\/mousasky.com\/de\/wp-json\/wp\/v2\/product\/2752","targetHints":{"allow":["GET"]}}],"collection":[{"href":"https:\/\/mousasky.com\/de\/wp-json\/wp\/v2\/product"}],"about":[{"href":"https:\/\/mousasky.com\/de\/wp-json\/wp\/v2\/types\/product"}],"replies":[{"embeddable":true,"href":"https:\/\/mousasky.com\/de\/wp-json\/wp\/v2\/comments?post=2752"}],"wp:featuredmedia":[{"embeddable":true,"href":"https:\/\/mousasky.com\/de\/wp-json\/wp\/v2\/media\/2753"}],"wp:attachment":[{"href":"https:\/\/mousasky.com\/de\/wp-json\/wp\/v2\/media?parent=2752"}],"wp:term":[{"taxonomy":"product_cat","embeddable":true,"href":"https:\/\/mousasky.com\/de\/wp-json\/wp\/v2\/product_cat?post=2752"},{"taxonomy":"product_tag","embeddable":true,"href":"https:\/\/mousasky.com\/de\/wp-json\/wp\/v2\/product_tag?post=2752"}],"curies":[{"name":"wp","href":"https:\/\/api.w.org\/{rel}","templated":true}]}}