{"id":2716,"date":"2023-01-14T14:32:32","date_gmt":"2023-01-14T14:32:32","guid":{"rendered":"https:\/\/mousasky.com\/?post_type=product&#038;p=2716"},"modified":"2023-06-23T14:11:13","modified_gmt":"2023-06-23T14:11:13","slug":"%d8%b1%d8%ad%d9%80%d9%80%d9%80%d9%84%d8%a9-%d9%83%d8%a8%d8%a7%d8%af%d9%88%d9%83%d9%8a%d8%a7-%d8%a7%d9%84%d8%ad%d9%85%d8%b1%d8%a7%d8%a1-%d9%81%d9%8a-%d9%83%d8%a8%d8%a7%d8%af%d9%88%d9%83%d9%8a%d8%a7","status":"publish","type":"product","link":"https:\/\/mousasky.com\/de\/produkt\/\u0631\u062d\u0640\u0640\u0640\u0644\u0629-\u0643\u0628\u0627\u062f\u0648\u0643\u064a\u0627-\u0627\u0644\u062d\u0645\u0631\u0627\u0621-\u0641\u064a-\u0643\u0628\u0627\u062f\u0648\u0643\u064a\u0627\/","title":{"rendered":"Rote Kappadokien-Tour in Kappadokien"},"content":{"rendered":"<div class=\"wpb-content-wrapper\"><div class=\"vc_row wpb_row vc_row-fluid\"><div class=\"wpb_column vc_column_container vc_col-sm-12\"><div class=\"vc_column-inner\"><div class=\"wpb_wrapper\">\n\t<div class=\"wpb_text_column wpb_content_element\" >\n\t\t<div class=\"wpb_wrapper\">\n\t\t\t<p>\ud83d\udca2 Details zur Reise:<br \/>\nRote Tagestour durch Kappadokien<br \/>\nWenn Sie sich f\u00fcr die Tagestour \u201eRotes Kappadokien\u201c entscheiden, werden Sie auf ein Programm f\u00fcr den Besuch des Nordens der Region sto\u00dfen. Wie bereits erw\u00e4hnt, gibt es in dieser Geographie einen solchen Reichtum, dass Sie, egal aus welcher Perspektive Sie es betrachten, egal welchen Weg Sie einschlagen, jeden Moment andere Sch\u00f6nheiten auf Ihrem Weg sehen werden. Kappadokien ist eines der beliebtesten Touristenziele in der T\u00fcrkei. Die Feenkamine, die hier auf nat\u00fcrliche Weise durch Vulkanausbr\u00fcche entstanden sind, verbl\u00fcffen den Betrachter mit der lehmigen Bodenstruktur der Gegend. W\u00e4hrend Sie diese nat\u00fcrlichen Formationen betrachten, werden Sie Zeuge der chaotischen Einfachheit des heutigen Lebens in der Vergangenheit, wenn Sie die darin erbauten St\u00e4dte, Kirchen und vielen verschiedenen historischen Geb\u00e4ude sehen.<br \/>\n\ud83d\udff0\ud83d\udff0\ud83d\udff0\ud83d\udff0\ud83d\udff0\ud83d\udff0<br \/>\n\ud83d\udca2 Orte zu besuchen:<br \/>\nG\u00f6reme Freilichtmuseum<br \/>\nBurg Uchisar<br \/>\nTal der Liebe \/ Baglidere<br \/>\nPasabag Valley \/ Tal der Priester<br \/>\nAvanos<br \/>\nMittagessen<br \/>\nAnderes Tal \/ Traumtal \/ Pink Valley<br \/>\nBesuchen Sie die T\u00f6pferwerkstatt<br \/>\nG\u00f6reme A\u00e7\u0131k Hava Musik<br \/>\nUchisar Kalesi<br \/>\nA\u015fk Vadisi \/ Ba\u011fl\u0131dere<br \/>\nPa\u015faba\u011f Vadisi \/ Rahipler Vadisi<br \/>\nAvanos<br \/>\n\u00d6\u011fle Yeme\u011fi<br \/>\nDevrent Vadisi \/ Hayal Vadisi \/ Pembe Vadi<br \/>\n\u00c7\u00f6mlek At\u00f6lyesi Ziyareti<\/p>\n\n\t\t<\/div>\n\t<\/div>\n\n\t<div class=\"wpb_raw_code wpb_raw_html wpb_content_element\" >\n\t\t<div class=\"wpb_wrapper\">\n\t\t\t<a href=\"\/de\/mustafa\/\" class=\"btn-whatsapp-pulse1 btn-whatsapp-pulse-border1\" target=\"_blank\">\n\t<i class=\"fab fa-whatsapp\"><\/i>\n<\/a>\n\n\n\n<style>\n.btn-whatsapp-pulse1 {\n\tz-index:9999;\n\tbackground: #25d366;\n\tcolor: white;\n\tposition: fixed;\n\n\tbottom: 100px;\n\tright: 20px;\n\tfont-size: 40px;\n\tdisplay: flex;\n\tjustify-content: center;\n\talign-items: center;\n\twidth: 0;\n\theight: 0;\n\tpadding: 35px;\n\ttext-decoration: none;\n\tborder-radius: 50%;\n\tanimation-name: pulse;\n\tanimation-duration: 1.5s;\n\tanimation-timing-function: ease-out;\n\tanimation-iteration-count: infinite;\n}\n\n<\/style>\n\n\t\t<\/div>\n\t<\/div>\n<\/div><\/div><\/div><\/div>\n<\/div>","protected":false},"excerpt":{"rendered":"<p>\ud83d\udd36 Im Preis inbegriffen:<br \/>\n\ud83d\udd38 inklusive Reiseleiter<br \/>\n\ud83d\udd38 inklusive Mittagessen<br \/>\n\ud83d\udd38\u0634\u0627\u0645\u0644 \u0645\u0648\u0627\u0635\u0644\u0627\u062a \u0645\u0646 \u0648\u0627\u0644\u0649 &#8230; <\/p>","protected":false},"featured_media":2721,"comment_status":"open","ping_status":"closed","template":"","meta":[],"product_cat":[85],"product_tag":[],"class_list":{"0":"post-2716","1":"product","2":"type-product","3":"status-publish","4":"has-post-thumbnail","6":"product_cat-85","8":"first","9":"instock","10":"shipping-taxable","11":"purchasable","12":"product-type-simple"},"_links":{"self":[{"href":"https:\/\/mousasky.com\/de\/wp-json\/wp\/v2\/product\/2716","targetHints":{"allow":["GET"]}}],"collection":[{"href":"https:\/\/mousasky.com\/de\/wp-json\/wp\/v2\/product"}],"about":[{"href":"https:\/\/mousasky.com\/de\/wp-json\/wp\/v2\/types\/product"}],"replies":[{"embeddable":true,"href":"https:\/\/mousasky.com\/de\/wp-json\/wp\/v2\/comments?post=2716"}],"wp:featuredmedia":[{"embeddable":true,"href":"https:\/\/mousasky.com\/de\/wp-json\/wp\/v2\/media\/2721"}],"wp:attachment":[{"href":"https:\/\/mousasky.com\/de\/wp-json\/wp\/v2\/media?parent=2716"}],"wp:term":[{"taxonomy":"product_cat","embeddable":true,"href":"https:\/\/mousasky.com\/de\/wp-json\/wp\/v2\/product_cat?post=2716"},{"taxonomy":"product_tag","embeddable":true,"href":"https:\/\/mousasky.com\/de\/wp-json\/wp\/v2\/product_tag?post=2716"}],"curies":[{"name":"wp","href":"https:\/\/api.w.org\/{rel}","templated":true}]}}