{"id":2707,"date":"2023-01-14T14:28:51","date_gmt":"2023-01-14T14:28:51","guid":{"rendered":"https:\/\/mousasky.com\/?post_type=product&#038;p=2707"},"modified":"2023-06-23T14:11:14","modified_gmt":"2023-06-23T14:11:14","slug":"%d8%b1%d8%ad%d9%80%d9%80%d9%80%d9%84%d8%a9-%d9%83%d8%a8%d8%a7%d8%af%d9%88%d9%83%d9%8a%d8%a7-%d8%a7%d9%84%d8%b2%d8%b1%d9%82%d8%a7%d8%a1-%d9%81%d9%8a-%d9%83%d8%a8%d8%a7%d8%af%d9%88%d9%83%d9%8a%d8%a7","status":"publish","type":"product","link":"https:\/\/mousasky.com\/de\/produkt\/\u0631\u062d\u0640\u0640\u0640\u0644\u0629-\u0643\u0628\u0627\u062f\u0648\u0643\u064a\u0627-\u0627\u0644\u0632\u0631\u0642\u0627\u0621-\u0641\u064a-\u0643\u0628\u0627\u062f\u0648\u0643\u064a\u0627\/","title":{"rendered":"Kappadokien-Blautour in Kappadokien"},"content":{"rendered":"<div class=\"wpb-content-wrapper\"><div class=\"vc_row wpb_row vc_row-fluid\"><div class=\"wpb_column vc_column_container vc_col-sm-12\"><div class=\"vc_column-inner\"><div class=\"wpb_wrapper\">\n\t<div class=\"wpb_text_column wpb_content_element\" >\n\t\t<div class=\"wpb_wrapper\">\n\t\t\t<p>\ud83d\udca2 Details zur Reise:<br \/>\nTagesausflug zum Blauen Kappadokien Sie werden die Sch\u00f6nheit der Region nahe der regionalen Grenzen der Provinzen Kayseri und Nev\u015fehir entdecken. Die Geschichte Kappadokiens nimmt eine andere Dimension an, da sich die Siedlungsgebiete \u00fcber ein gro\u00dfes Gebiet aus vulkanischen Formationen verteilen. Auf unseren Touren, bei denen alle Braunt\u00f6ne w\u00e4hrend Ihrer Reise keine einzige Minute aus Ihren Augen verschwinden, werden Sie die geheimnisvollen Stra\u00dfen, versteckten St\u00e4dte und das k\u00f6stliche Essen Kappadokiens kennenlernen und Momente erleben, die in der Ferne tiefe Spuren hinterlassen werden von Magnetfeldern, in der reinen Textur des Bodens.<br \/>\n\ud83d\udff0\ud83d\udff0\ud83d\udff0\ud83d\udff0\ud83d\udff0\ud83d\udff0<br \/>\n\ud83d\udca2 Orte zum Besuchen:<br \/>\nSoganli-Tal<br \/>\nUnterirdische Stadt Kaymakli<br \/>\nKeslik-Kloster<br \/>\nTaubental<br \/>\nMustafa Pascha-Dorf<br \/>\nSo\u011fanl\u0131 Vadisi<br \/>\nKaymakl\u0131 Yeralt\u0131 \u015eehri<br \/>\nKe\u015flik Manast\u0131r\u0131<br \/>\nG\u00fcvercinlik Vadisi<br \/>\nMustapha pa\u015fa K\u00f6y\u00fc<\/p>\n\n\t\t<\/div>\n\t<\/div>\n\n\t<div class=\"wpb_raw_code wpb_raw_html wpb_content_element\" >\n\t\t<div class=\"wpb_wrapper\">\n\t\t\t<a href=\"\/de\/mustafa\/\" class=\"btn-whatsapp-pulse1 btn-whatsapp-pulse-border1\" target=\"_blank\">\n\t<i class=\"fab fa-whatsapp\"><\/i>\n<\/a>\n\n\n\n<style>\n.btn-whatsapp-pulse1 {\n\tz-index:9999;\n\tbackground: #25d366;\n\tcolor: white;\n\tposition: fixed;\n\n\tbottom: 100px;\n\tright: 20px;\n\tfont-size: 40px;\n\tdisplay: flex;\n\tjustify-content: center;\n\talign-items: center;\n\twidth: 0;\n\theight: 0;\n\tpadding: 35px;\n\ttext-decoration: none;\n\tborder-radius: 50%;\n\tanimation-name: pulse;\n\tanimation-duration: 1.5s;\n\tanimation-timing-function: ease-out;\n\tanimation-iteration-count: infinite;\n}\n\n<\/style>\n\n\t\t<\/div>\n\t<\/div>\n<\/div><\/div><\/div><\/div>\n<\/div>","protected":false},"excerpt":{"rendered":"<p>\ud83d\udd36 Im Preis inbegriffen:<br \/>\n\ud83d\udd38 inklusive Reiseleiter<br \/>\n\ud83d\udd38 inklusive Mittagessen<br \/>\n\ud83d\udd38\u0634\u0627\u0645\u0644 \u0645\u0648\u0627\u0635\u0644\u0627\u062a \u0645\u0646 \u0648\u0627\u0644\u0649 &#8230; <\/p>","protected":false},"featured_media":2710,"comment_status":"open","ping_status":"closed","template":"","meta":[],"product_cat":[85],"product_tag":[],"class_list":{"0":"post-2707","1":"product","2":"type-product","3":"status-publish","4":"has-post-thumbnail","6":"product_cat-85","8":"first","9":"instock","10":"shipping-taxable","11":"purchasable","12":"product-type-simple"},"_links":{"self":[{"href":"https:\/\/mousasky.com\/de\/wp-json\/wp\/v2\/product\/2707","targetHints":{"allow":["GET"]}}],"collection":[{"href":"https:\/\/mousasky.com\/de\/wp-json\/wp\/v2\/product"}],"about":[{"href":"https:\/\/mousasky.com\/de\/wp-json\/wp\/v2\/types\/product"}],"replies":[{"embeddable":true,"href":"https:\/\/mousasky.com\/de\/wp-json\/wp\/v2\/comments?post=2707"}],"wp:featuredmedia":[{"embeddable":true,"href":"https:\/\/mousasky.com\/de\/wp-json\/wp\/v2\/media\/2710"}],"wp:attachment":[{"href":"https:\/\/mousasky.com\/de\/wp-json\/wp\/v2\/media?parent=2707"}],"wp:term":[{"taxonomy":"product_cat","embeddable":true,"href":"https:\/\/mousasky.com\/de\/wp-json\/wp\/v2\/product_cat?post=2707"},{"taxonomy":"product_tag","embeddable":true,"href":"https:\/\/mousasky.com\/de\/wp-json\/wp\/v2\/product_tag?post=2707"}],"curies":[{"name":"wp","href":"https:\/\/api.w.org\/{rel}","templated":true}]}}