{"id":2680,"date":"2023-01-14T14:13:18","date_gmt":"2023-01-14T14:13:18","guid":{"rendered":"https:\/\/mousasky.com\/?post_type=product&#038;p=2680"},"modified":"2023-06-23T14:11:37","modified_gmt":"2023-06-23T14:11:37","slug":"%d8%b1%d8%ad%d9%80%d9%80%d9%80%d9%84%d8%a9-%d8%a7%d9%84%d8%b3%d9%8a%d8%a7%d8%b1%d8%a9-%d9%83%d9%84%d8%a7%d8%b3%d9%8a%d9%83%d9%8a-%d9%81%d9%8a-%d9%83%d8%a8%d8%a7%d8%af%d9%88%d9%83%d9%8a%d8%a7","status":"publish","type":"product","link":"https:\/\/mousasky.com\/de\/produkt\/\u0631\u062d\u0640\u0640\u0640\u0644\u0629-\u0627\u0644\u0633\u064a\u0627\u0631\u0629-\u0643\u0644\u0627\u0633\u064a\u0643\u064a-\u0641\u064a-\u0643\u0628\u0627\u062f\u0648\u0643\u064a\u0627\/","title":{"rendered":"Oldtimerfahrt in Kappadokien"},"content":{"rendered":"<div class=\"wpb-content-wrapper\"><div class=\"vc_row wpb_row vc_row-fluid\"><div class=\"wpb_column vc_column_container vc_col-sm-12\"><div class=\"vc_column-inner\"><div class=\"wpb_wrapper\">\n\t<div class=\"wpb_text_column wpb_content_element\" >\n\t\t<div class=\"wpb_wrapper\">\n\t\t\t<p>\ud83d\udca2 Details zur Reise:<br \/>\nOldtimer-Tour in Kappadokien<br \/>\nWir m\u00f6chten Ihnen einen anderen Tag der Antike in der Geographie der geheimnisvollen Region bieten. Unter den Touren in Kappadokien werden Einheimische und Ausl\u00e4nder mit der in den letzten Jahren sehr interessanten Oldtimer-Tour die geheimnisvollen T\u00e4ler umrunden, und ein unvergesslicher Tag wird durch Ballons aufgew\u00e4rmt, die in den fr\u00fchen Morgenstunden starten. Das Fotografieren gibt Ihrem Urlaub eine andere Perspektive. Sie k\u00f6nnen vor sich hinfl\u00fcstern, als w\u00e4ren Sie in einer anderen Zeit, in Begleitung \u00fcberraschender Einwanderer, farbenfroher Autos, die nie alt werden, und einzigartiger Feenkamine.<br \/>\n\ud83d\udff0\ud83d\udff0\ud83d\udff0\ud83d\udff0\ud83d\udff0\ud83d\udff0<br \/>\n\ud83d\udca2 Reiserouten f\u00fcr Oldtimer-Touren durch Kappadokien<br \/>\nWenn Sie sich f\u00fcr die Oldtimer-Tour entscheiden, zeigen wir Ihnen gerne die meistbesuchten Orte in der Umgebung. Wenn Sie dar\u00fcber hinaus eine andere Fahrt planen, k\u00f6nnen Sie diese Anfrage an unsere Guides senden und je nach Verf\u00fcgbarkeit der Fahrzeugbedingungen dorthin fahren, wo Sie m\u00f6chten.<br \/>\n\ud83d\udff0\ud83d\udff0\ud83d\udff0\ud83d\udff0\ud83d\udff0\ud83d\udff0<br \/>\n\ud83d\udca2 Orte zu besuchen:<br \/>\nTal der Liebe<br \/>\nRosental<br \/>\nTaubental<br \/>\nZulftal<br \/>\nBurg Uchisar<br \/>\nBurg Ortahisar<br \/>\nKizilcukur-Tal<br \/>\nTal der Schwerter<\/p>\n\n\t\t<\/div>\n\t<\/div>\n\n\t<div class=\"wpb_raw_code wpb_raw_html wpb_content_element\" >\n\t\t<div class=\"wpb_wrapper\">\n\t\t\t<a href=\"\/de\/mustafa\/\" class=\"btn-whatsapp-pulse1 btn-whatsapp-pulse-border1\" target=\"_blank\">\n\t<i class=\"fab fa-whatsapp\"><\/i>\n<\/a>\n\n\n\n<style>\n.btn-whatsapp-pulse1 {\n\tz-index:9999;\n\tbackground: #25d366;\n\tcolor: white;\n\tposition: fixed;\n\n\tbottom: 100px;\n\tright: 20px;\n\tfont-size: 40px;\n\tdisplay: flex;\n\tjustify-content: center;\n\talign-items: center;\n\twidth: 0;\n\theight: 0;\n\tpadding: 35px;\n\ttext-decoration: none;\n\tborder-radius: 50%;\n\tanimation-name: pulse;\n\tanimation-duration: 1.5s;\n\tanimation-timing-function: ease-out;\n\tanimation-iteration-count: infinite;\n}\n\n<\/style>\n\n\t\t<\/div>\n\t<\/div>\n<\/div><\/div><\/div><\/div>\n<\/div>","protected":false},"excerpt":{"rendered":"<p>\ud83d\udd36 Im Preis inbegriffen:<br \/>\n\ud83d\udd38 Inklusive Transport zum und vom Hotel<br \/>\n\ud83d\udd38 inklusive Reiseleiter<\/p>\n<p><span","protected":false},"featured_media":2683,"comment_status":"open","ping_status":"closed","template":"","meta":[],"product_cat":[85],"product_tag":[],"class_list":{"0":"post-2680","1":"product","2":"type-product","3":"status-publish","4":"has-post-thumbnail","6":"product_cat-85","8":"first","9":"instock","10":"shipping-taxable","11":"purchasable","12":"product-type-simple"},"_links":{"self":[{"href":"https:\/\/mousasky.com\/de\/wp-json\/wp\/v2\/product\/2680","targetHints":{"allow":["GET"]}}],"collection":[{"href":"https:\/\/mousasky.com\/de\/wp-json\/wp\/v2\/product"}],"about":[{"href":"https:\/\/mousasky.com\/de\/wp-json\/wp\/v2\/types\/product"}],"replies":[{"embeddable":true,"href":"https:\/\/mousasky.com\/de\/wp-json\/wp\/v2\/comments?post=2680"}],"wp:featuredmedia":[{"embeddable":true,"href":"https:\/\/mousasky.com\/de\/wp-json\/wp\/v2\/media\/2683"}],"wp:attachment":[{"href":"https:\/\/mousasky.com\/de\/wp-json\/wp\/v2\/media?parent=2680"}],"wp:term":[{"taxonomy":"product_cat","embeddable":true,"href":"https:\/\/mousasky.com\/de\/wp-json\/wp\/v2\/product_cat?post=2680"},{"taxonomy":"product_tag","embeddable":true,"href":"https:\/\/mousasky.com\/de\/wp-json\/wp\/v2\/product_tag?post=2680"}],"curies":[{"name":"wp","href":"https:\/\/api.w.org\/{rel}","templated":true}]}}