{"id":2671,"date":"2023-01-14T11:44:09","date_gmt":"2023-01-14T11:44:09","guid":{"rendered":"https:\/\/mousasky.com\/?post_type=product&#038;p=2671"},"modified":"2023-06-23T14:08:36","modified_gmt":"2023-06-23T14:08:36","slug":"%d8%b1%d8%ad%d9%80%d9%80%d9%80%d9%84%d9%80%d8%a9-%d8%a7%d9%84%d8%a8%d8%ad%d8%b1-%d8%a7%d9%84%d9%85%d9%8a%d8%aa-%d9%81%d9%8a-%d9%81%d8%aa%d8%ad%d9%8a%d8%a9","status":"publish","type":"product","link":"https:\/\/mousasky.com\/de\/produkt\/\u0631\u062d\u0640\u0640\u0640\u0644\u0640\u0629-\u0627\u0644\u0628\u062d\u0631-\u0627\u0644\u0645\u064a\u062a-\u0641\u064a-\u0641\u062a\u062d\u064a\u0629\/","title":{"rendered":"Kreuzfahrt auf dem Toten Meer in Fethiye"},"content":{"rendered":"<div class=\"wpb-content-wrapper\"><div class=\"vc_row wpb_row vc_row-fluid\"><div class=\"wpb_column vc_column_container vc_col-sm-12\"><div class=\"vc_column-inner\"><div class=\"wpb_wrapper\">\n\t<div class=\"wpb_text_column wpb_content_element\" >\n\t\t<div class=\"wpb_wrapper\">\n\t\t\t<p>\ud83d\udca2 Details zur Reise:<br \/>\nNicholas Island: Die erste Station einer Bootstour zur Nicholas Island, aufgrund des Namens der Kirche am h\u00f6chsten Punkt der Insel. Eine der Inseln mit wundersch\u00f6nen Buchten in Fethiye<\/p>\n<p>Cold Water Bay: Wenn wir die Cold Water Bay erreichen, die zweite Station der Fethiye Sunerso-Bootstour in einem von Klippen umgebenen Gebiet, in dem frisches Wasser abk\u00fchlt, befindet sich dieses Gebiet, das das k\u00e4lteste Wasser rund um das Tote Meer hat, wenn Sie von dort springen Wenn Sie mit dem Boot ins Meer fahren, sp\u00fcren Sie eine leichte K\u00e4lte. Der Start schwimmt auf die kleine H\u00f6hle zu<\/p>\n<p>Blaue H\u00f6hle: Wir legen in der N\u00e4he der H\u00f6hle an, in der die kleinen Boote untergebracht sind, und lassen Sie hier die Zeit in vollen Z\u00fcgen genie\u00dfen. Da Sie nach dem Besuch der interessanten Buchten der \u00d6l\u00fcdeniz-Bootstour Hunger versp\u00fcren werden, bereiten wir Ihnen k\u00f6stliche Mahlzeiten zu von unseren Mitarbeitern gemeinsam und setzen die \u00d6l\u00fcdeniz-Bootstour nach dem Mittagessen fort.<\/p>\n<p>Schmetterlingstal: Das Schmetterlingstal ist eine der seltensten Buchten auf einer Bootstour. Obwohl Fethiye einer der Orte ist, die von Touristen am h\u00e4ufigsten besucht werden, werden diese Besuche normalerweise auf Bootstouren durchgef\u00fchrt.<\/p>\n<p>Aquarium Cove: Aquarium Bay, die letzte Reiseroute unserer Fethiye-Touren, liegt an einem einzigartigen Ort mit seinem sauberen Meer und der Vielfalt an Lebewesen aufgrund seiner Klarheit. Wenn wir unser Boot in dieser Gegend anlegen, werden Sie sich am liebsten sofort ins Wasser st\u00fcrzen. Wir empfehlen Ihnen, aus gesundheitlichen Gr\u00fcnden Schnorchel und Schutzbrille mitzubringen und die Vielfalt unter Wasser mit eigenen Augen zu erleben.<br \/>\n\ud83d\udff0\ud83d\udff0\ud83d\udff0\ud83d\udff0\ud83d\udff0\ud83d\udff0\ud83d\udff0<br \/>\n\ud83d\udca2 Infos &amp; Tipps<br \/>\nWir bitten diejenigen, die nicht schwimmen k\u00f6nnen, unsere Mitarbeiter zu informieren. Foto- und Videoaufnahmen sind garantiert. Vergessen Sie also nicht, Ersatzladeger\u00e4te mitzubringen. Es wird ein langer Tag.<\/p>\n\n\t\t<\/div>\n\t<\/div>\n\n\t<div class=\"wpb_raw_code wpb_raw_html wpb_content_element\" >\n\t\t<div class=\"wpb_wrapper\">\n\t\t\t<a href=\"\/de\/mustafa\/\" class=\"btn-whatsapp-pulse1 btn-whatsapp-pulse-border1\" target=\"_blank\">\n\t<i class=\"fab fa-whatsapp\"><\/i>\n<\/a>\n\n\n\n<style>\n.btn-whatsapp-pulse1 {\n\tz-index:9999;\n\tbackground: #25d366;\n\tcolor: white;\n\tposition: fixed;\n\n\tbottom: 100px;\n\tright: 20px;\n\tfont-size: 40px;\n\tdisplay: flex;\n\tjustify-content: center;\n\talign-items: center;\n\twidth: 0;\n\theight: 0;\n\tpadding: 35px;\n\ttext-decoration: none;\n\tborder-radius: 50%;\n\tanimation-name: pulse;\n\tanimation-duration: 1.5s;\n\tanimation-timing-function: ease-out;\n\tanimation-iteration-count: infinite;\n}\n\n<\/style>\n\n\t\t<\/div>\n\t<\/div>\n<\/div><\/div><\/div><\/div>\n<\/div>","protected":false},"excerpt":{"rendered":"<p>\ud83d\udd36 Im Preis inbegriffen:<\/p>\n<p>\ud83d\udd38 Inklusive Transport zum und vom Hotel<br \/>\n\ud83d\udd38 inklusive Reiseleiter<br \/>\n\ud83d\udd38\u0634\u0627\u0645\u0644 \u0648\u062c\u0628\u0629 &#8230; <\/p>","protected":false},"featured_media":2678,"comment_status":"open","ping_status":"closed","template":"","meta":[],"product_cat":[84],"product_tag":[],"class_list":{"0":"post-2671","1":"product","2":"type-product","3":"status-publish","4":"has-post-thumbnail","6":"product_cat-84","8":"first","9":"instock","10":"shipping-taxable","11":"purchasable","12":"product-type-simple"},"_links":{"self":[{"href":"https:\/\/mousasky.com\/de\/wp-json\/wp\/v2\/product\/2671","targetHints":{"allow":["GET"]}}],"collection":[{"href":"https:\/\/mousasky.com\/de\/wp-json\/wp\/v2\/product"}],"about":[{"href":"https:\/\/mousasky.com\/de\/wp-json\/wp\/v2\/types\/product"}],"replies":[{"embeddable":true,"href":"https:\/\/mousasky.com\/de\/wp-json\/wp\/v2\/comments?post=2671"}],"wp:featuredmedia":[{"embeddable":true,"href":"https:\/\/mousasky.com\/de\/wp-json\/wp\/v2\/media\/2678"}],"wp:attachment":[{"href":"https:\/\/mousasky.com\/de\/wp-json\/wp\/v2\/media?parent=2671"}],"wp:term":[{"taxonomy":"product_cat","embeddable":true,"href":"https:\/\/mousasky.com\/de\/wp-json\/wp\/v2\/product_cat?post=2671"},{"taxonomy":"product_tag","embeddable":true,"href":"https:\/\/mousasky.com\/de\/wp-json\/wp\/v2\/product_tag?post=2671"}],"curies":[{"name":"wp","href":"https:\/\/api.w.org\/{rel}","templated":true}]}}