{"id":2662,"date":"2023-01-14T11:41:00","date_gmt":"2023-01-14T11:41:00","guid":{"rendered":"https:\/\/mousasky.com\/?post_type=product&#038;p=2662"},"modified":"2023-06-23T14:08:41","modified_gmt":"2023-06-23T14:08:41","slug":"%d8%b1%d8%ad%d9%80%d9%80%d9%84%d8%a9-12-%d8%ac%d8%b2%d9%8a%d8%b1%d8%a9-%d9%81%d9%8a-%d9%81%d8%aa%d8%ad%d9%8a%d8%a9","status":"publish","type":"product","link":"https:\/\/mousasky.com\/de\/produkt\/\u0631\u062d\u0640\u0640\u0644\u0629-12-\u062c\u0632\u064a\u0631\u0629-\u0641\u064a-\u0641\u062a\u062d\u064a\u0629\/","title":{"rendered":"12-Inseln-Reise in Fethiye"},"content":{"rendered":"<div class=\"wpb-content-wrapper\"><div class=\"vc_row wpb_row vc_row-fluid\"><div class=\"wpb_column vc_column_container vc_col-sm-12\"><div class=\"vc_column-inner\"><div class=\"wpb_wrapper\">\n\t<div class=\"wpb_text_column wpb_content_element\" >\n\t\t<div class=\"wpb_wrapper\">\n\t\t\t<p>\ud83d\udca2 Details zur Reise:<br \/>\nBootstour zu den 12 Inseln von Fethiye<br \/>\nSie ankern an den sch\u00f6nsten Orten von 12 Inseln und es ist alles vorhanden, damit Sie einen m\u00e4rchenhaften Tag verbringen k\u00f6nnen.<br \/>\nSie haben die M\u00f6glichkeit, viele Inseln gleichzeitig zu sehen. Wo Sie eine Pause machen und genie\u00dfen k\u00f6nnen. Auf dem Oberdeck unserer beiden Deckboote gibt es Kissen zum Sonnenbaden und Sitzgelegenheiten, auf denen Sie die Aussicht genie\u00dfen k\u00f6nnen.<\/p>\n<p>Fares Island: Die Bootstour zu den 12 Inseln von Fethiye beginnt mit Knight Island, der einzigen Siedlung unter den Inseln, die wir besuchen werden und die eine lange, schmale Br\u00fccke \u00fcber den Golf von Telmessos bildet. Du wirst auf einer Insel schwimmen,<\/p>\n<p>Insel Yassica \u2013 Yassikalar: Es ist die Insel Yassica, die Perle der 12-Inseln-Bootstour in Fethiye. Die Insel Yass\u0131ca, einer der sch\u00f6nsten Orte auf unserer 12-Inseln-Bootsroute, ist einer der beliebtesten Orte f\u00fcr Tagestouren mit dem Boot.<\/p>\n<p>G\u00f6b\u00fcn-Bucht: Wir gelangen zur n\u00e4chsten G\u00f6b\u00fcn-Bucht. Nachdem Sie durch eine enge Schlucht in diese mit Pinien und Olivenb\u00e4umen geschm\u00fcckte Bucht gelangt sind, sto\u00dfen Sie auf ein weites, ruhiges und klares Meer. Wenn man Leute sieht, die vom Boot ins Meer springen und Spa\u00df haben,<\/p>\n<p>Kizilada: Benannt nach der Sonne, die bei Sonnenuntergang auf die Insel trifft und alle Seiten rot f\u00e4rbt. Es gibt auch einen Leuchtturm aus dem 19. Jahrhundert, der einer der meistbesuchten Orte f\u00fcr Bootsfahrten ist.<\/p>\n<p>Rabbit Island: Wir segeln zu einer der gro\u00dfen Inseln in der N\u00e4he von Fethiye. Rabbit Island, eine der sch\u00f6nsten Buchten<\/p>\n\n\t\t<\/div>\n\t<\/div>\n\n\t<div class=\"wpb_raw_code wpb_raw_html wpb_content_element\" >\n\t\t<div class=\"wpb_wrapper\">\n\t\t\t<a href=\"\/de\/mustafa\/\" class=\"btn-whatsapp-pulse1 btn-whatsapp-pulse-border1\" target=\"_blank\">\n\t<i class=\"fab fa-whatsapp\"><\/i>\n<\/a>\n\n\n\n<style>\n.btn-whatsapp-pulse1 {\n\tz-index:9999;\n\tbackground: #25d366;\n\tcolor: white;\n\tposition: fixed;\n\n\tbottom: 100px;\n\tright: 20px;\n\tfont-size: 40px;\n\tdisplay: flex;\n\tjustify-content: center;\n\talign-items: center;\n\twidth: 0;\n\theight: 0;\n\tpadding: 35px;\n\ttext-decoration: none;\n\tborder-radius: 50%;\n\tanimation-name: pulse;\n\tanimation-duration: 1.5s;\n\tanimation-timing-function: ease-out;\n\tanimation-iteration-count: infinite;\n}\n\n<\/style>\n\n\t\t<\/div>\n\t<\/div>\n<\/div><\/div><\/div><\/div>\n<\/div>","protected":false},"excerpt":{"rendered":"<p>\ud83d\udd36 Im Preis inbegriffen:<\/p>\n<p>\ud83d\udd38 Inklusive Transport zum und vom Hotel<br \/>\n\ud83d\udd38 inklusive und Mittagessen<br \/>\n\ud83d\udd38\u0634\u0627\u0645\u0644 \u0645\u0631\u0634\u062f &#8230; <\/p>","protected":false},"featured_media":2663,"comment_status":"open","ping_status":"closed","template":"","meta":[],"product_cat":[84],"product_tag":[],"class_list":{"0":"post-2662","1":"product","2":"type-product","3":"status-publish","4":"has-post-thumbnail","6":"product_cat-84","8":"first","9":"instock","10":"shipping-taxable","11":"purchasable","12":"product-type-simple"},"_links":{"self":[{"href":"https:\/\/mousasky.com\/de\/wp-json\/wp\/v2\/product\/2662","targetHints":{"allow":["GET"]}}],"collection":[{"href":"https:\/\/mousasky.com\/de\/wp-json\/wp\/v2\/product"}],"about":[{"href":"https:\/\/mousasky.com\/de\/wp-json\/wp\/v2\/types\/product"}],"replies":[{"embeddable":true,"href":"https:\/\/mousasky.com\/de\/wp-json\/wp\/v2\/comments?post=2662"}],"wp:featuredmedia":[{"embeddable":true,"href":"https:\/\/mousasky.com\/de\/wp-json\/wp\/v2\/media\/2663"}],"wp:attachment":[{"href":"https:\/\/mousasky.com\/de\/wp-json\/wp\/v2\/media?parent=2662"}],"wp:term":[{"taxonomy":"product_cat","embeddable":true,"href":"https:\/\/mousasky.com\/de\/wp-json\/wp\/v2\/product_cat?post=2662"},{"taxonomy":"product_tag","embeddable":true,"href":"https:\/\/mousasky.com\/de\/wp-json\/wp\/v2\/product_tag?post=2662"}],"curies":[{"name":"wp","href":"https:\/\/api.w.org\/{rel}","templated":true}]}}