{"id":2653,"date":"2023-01-14T11:38:01","date_gmt":"2023-01-14T11:38:01","guid":{"rendered":"https:\/\/mousasky.com\/?post_type=product&#038;p=2653"},"modified":"2023-06-23T14:08:47","modified_gmt":"2023-06-23T14:08:47","slug":"%d8%b1%d8%ad%d9%80%d9%80%d9%84%d8%a9-%d8%ac%d9%8a%d8%a8-%d8%a7%d9%84%d8%b3%d9%81%d8%a7%d8%b1%d9%8a-%d9%81%d9%8a-%d9%81%d8%aa%d8%ad%d9%8a%d8%a9","status":"publish","type":"product","link":"https:\/\/mousasky.com\/de\/produkt\/\u0631\u062d\u0640\u0640\u0644\u0629-\u062c\u064a\u0628-\u0627\u0644\u0633\u0641\u0627\u0631\u064a-\u0641\u064a-\u0641\u062a\u062d\u064a\u0629\/","title":{"rendered":"Jeep-Safari in Fethiye"},"content":{"rendered":"<div class=\"wpb-content-wrapper\"><div class=\"vc_row wpb_row vc_row-fluid\"><div class=\"wpb_column vc_column_container vc_col-sm-12\"><div class=\"vc_column-inner\"><div class=\"wpb_wrapper\">\n\t<div class=\"wpb_text_column wpb_content_element\" >\n\t\t<div class=\"wpb_wrapper\">\n\t\t\t<p>\ud83d\udca2 Details zur Reise:<br \/>\nT\u00e4glicher Jeep-Safari-Ausflug in Fethiye<br \/>\nWenn Sie sich f\u00fcr die Fethiye Jeep Safari Tour entscheiden, k\u00f6nnen Sie einen ganzen Tag auf schroffen H\u00e4ngen, tiefen T\u00e4lern und schlammigen Stra\u00dfen verbringen und dabei den Spa\u00df und die Geselligkeit mit Ihren Lieben in vollen Z\u00fcgen genie\u00dfen.<br \/>\nAuf der Fethiye-Jeep-Safari-Tour, bei der wir die mit Kiefern und Zedernb\u00e4umen geschm\u00fcckten H\u00fcgel der Region Fethiye besuchen, werden Sie nass, baden im Schlamm, schwimmen an wundersch\u00f6nen Str\u00e4nden und werden Zeuge einer wunderbaren Kombination aus Sonne und Urlaub.<br \/>\nEiner der beliebtesten Gr\u00fcnde f\u00fcr die Fethiye Daily Jeep Safari Tour ist, dass Sie leicht Teile der Geschichte und Natur von Fethiye sehen und genie\u00dfen k\u00f6nnen, die mit normalen Fahrzeugen nicht erreichbar sind. Obwohl es viele Gr\u00fcnde daf\u00fcr gibt, dass sich jedes Jahr Tausende von Touristen f\u00fcr diese Aktivit\u00e4t entscheiden, verspricht die Tatsache, dass Jeep Safari Tours den einzigartigen Spa\u00df und die Spannung einer abenteuerlichen Jeep-Safari verspricht.<\/p>\n\n\t\t<\/div>\n\t<\/div>\n\n\t<div class=\"wpb_raw_code wpb_raw_html wpb_content_element\" >\n\t\t<div class=\"wpb_wrapper\">\n\t\t\t<a href=\"\/de\/mustafa\/\" class=\"btn-whatsapp-pulse1 btn-whatsapp-pulse-border1\" target=\"_blank\">\n\t<i class=\"fab fa-whatsapp\"><\/i>\n<\/a>\n\n\n\n<style>\n.btn-whatsapp-pulse1 {\n\tz-index:9999;\n\tbackground: #25d366;\n\tcolor: white;\n\tposition: fixed;\n\n\tbottom: 100px;\n\tright: 20px;\n\tfont-size: 40px;\n\tdisplay: flex;\n\tjustify-content: center;\n\talign-items: center;\n\twidth: 0;\n\theight: 0;\n\tpadding: 35px;\n\ttext-decoration: none;\n\tborder-radius: 50%;\n\tanimation-name: pulse;\n\tanimation-duration: 1.5s;\n\tanimation-timing-function: ease-out;\n\tanimation-iteration-count: infinite;\n}\n\n<\/style>\n\n\t\t<\/div>\n\t<\/div>\n<\/div><\/div><\/div><\/div>\n<\/div>","protected":false},"excerpt":{"rendered":"<p>\ud83d\udd36 Im Preis inbegriffen:<br \/>\n\ud83d\udd38 Inklusive Transport zum und vom Hotel<br \/>\n\ud83d\udd38 inklusive Reiseleiter<\/p>\n<p><span","protected":false},"featured_media":2654,"comment_status":"open","ping_status":"closed","template":"","meta":[],"product_cat":[84],"product_tag":[],"class_list":{"0":"post-2653","1":"product","2":"type-product","3":"status-publish","4":"has-post-thumbnail","6":"product_cat-84","8":"first","9":"instock","10":"shipping-taxable","11":"purchasable","12":"product-type-simple"},"_links":{"self":[{"href":"https:\/\/mousasky.com\/de\/wp-json\/wp\/v2\/product\/2653","targetHints":{"allow":["GET"]}}],"collection":[{"href":"https:\/\/mousasky.com\/de\/wp-json\/wp\/v2\/product"}],"about":[{"href":"https:\/\/mousasky.com\/de\/wp-json\/wp\/v2\/types\/product"}],"replies":[{"embeddable":true,"href":"https:\/\/mousasky.com\/de\/wp-json\/wp\/v2\/comments?post=2653"}],"wp:featuredmedia":[{"embeddable":true,"href":"https:\/\/mousasky.com\/de\/wp-json\/wp\/v2\/media\/2654"}],"wp:attachment":[{"href":"https:\/\/mousasky.com\/de\/wp-json\/wp\/v2\/media?parent=2653"}],"wp:term":[{"taxonomy":"product_cat","embeddable":true,"href":"https:\/\/mousasky.com\/de\/wp-json\/wp\/v2\/product_cat?post=2653"},{"taxonomy":"product_tag","embeddable":true,"href":"https:\/\/mousasky.com\/de\/wp-json\/wp\/v2\/product_tag?post=2653"}],"curies":[{"name":"wp","href":"https:\/\/api.w.org\/{rel}","templated":true}]}}