{"id":2644,"date":"2023-01-14T11:35:14","date_gmt":"2023-01-14T11:35:14","guid":{"rendered":"https:\/\/mousasky.com\/?post_type=product&#038;p=2644"},"modified":"2023-06-23T14:08:53","modified_gmt":"2023-06-23T14:08:53","slug":"%d8%b1%d8%ad%d9%80%d9%80%d9%84%d8%a9-%d9%85%d9%8a%d8%aa%d9%88%d8%b1%d8%a7%d8%aa-atv-%d8%a7%d9%84%d8%b3%d9%81%d8%a7%d8%b1%d9%8a-%d9%81%d9%8a-%d9%81%d8%aa%d8%ad%d9%8a%d8%a9","status":"publish","type":"product","link":"https:\/\/mousasky.com\/de\/produkt\/\u0631\u062d\u0640\u0640\u0644\u0629-\u0645\u064a\u062a\u0648\u0631\u0627\u062a-atv-\u0627\u0644\u0633\u0641\u0627\u0631\u064a-\u0641\u064a-\u0641\u062a\u062d\u064a\u0629\/","title":{"rendered":"ATV-Safari in Fethiye"},"content":{"rendered":"<div class=\"wpb-content-wrapper\"><div class=\"vc_row wpb_row vc_row-fluid\"><div class=\"wpb_column vc_column_container vc_col-sm-12\"><div class=\"vc_column-inner\"><div class=\"wpb_wrapper\">\n\t<div class=\"wpb_text_column wpb_content_element\" >\n\t\t<div class=\"wpb_wrapper\">\n\t\t\t<p>\u25fe\ufe0f Flugzeit<br \/>\n1. \u25aa\ufe0fMorgengruppe, Abfahrtszeit 9:00 Uhr, R\u00fcckkehrzeit 13:00 Uhr<br \/>\n2. \u25aa\ufe0fDie Gruppe ist nach Mittag da, f\u00e4hrt um 13:30 Uhr ab und kehrt um 17:30 Uhr zur\u00fcck<br \/>\n3. \u25aa\ufe0f Abendgruppe, Abfahrtszeit 16:00 Uhr, R\u00fcckkehrzeit 20:00 Uhr<br \/>\n\ud83d\udff0\ud83d\udff0\ud83d\udff0\ud83d\udff0\ud83d\udff0\ud83d\udff0<\/p>\n<p>\ud83d\udca2 Details zur Reise:<br \/>\nEin Tag voller Abenteuer und Adrenalin erwartet Sie inmitten der einzigartigen Natursch\u00f6nheit von Fethiye. Fethiye liegt im Westen des Mittelmeerraums und beherbergt jedes Jahr Zehntausende in- und ausl\u00e4ndische Touristen. Sie k\u00f6nnen die schwer zug\u00e4nglichen Ecken der mit Kiefernw\u00e4ldern geschm\u00fcckten H\u00e4nge von Fethiye sehen und haben das Gelegenheit, alle Farben des Lebens vor Ort zu entdecken. Es ist die Wahl derjenigen, die ein paar Stunden Ihres Urlaubs mit einer anderen Aktivit\u00e4t versch\u00f6nern m\u00f6chten; Es verspricht schlammige Stra\u00dfen, enge Gassen, tolle Aussichten und jede Menge Spa\u00df.<\/p>\n\n\t\t<\/div>\n\t<\/div>\n\n\t<div class=\"wpb_raw_code wpb_raw_html wpb_content_element\" >\n\t\t<div class=\"wpb_wrapper\">\n\t\t\t<a href=\"\/de\/mustafa\/\" class=\"btn-whatsapp-pulse1 btn-whatsapp-pulse-border1\" target=\"_blank\">\n\t<i class=\"fab fa-whatsapp\"><\/i>\n<\/a>\n\n\n\n<style>\n.btn-whatsapp-pulse1 {\n\tz-index:9999;\n\tbackground: #25d366;\n\tcolor: white;\n\tposition: fixed;\n\n\tbottom: 100px;\n\tright: 20px;\n\tfont-size: 40px;\n\tdisplay: flex;\n\tjustify-content: center;\n\talign-items: center;\n\twidth: 0;\n\theight: 0;\n\tpadding: 35px;\n\ttext-decoration: none;\n\tborder-radius: 50%;\n\tanimation-name: pulse;\n\tanimation-duration: 1.5s;\n\tanimation-timing-function: ease-out;\n\tanimation-iteration-count: infinite;\n}\n\n<\/style>\n\n\t\t<\/div>\n\t<\/div>\n<\/div><\/div><\/div><\/div>\n<\/div>","protected":false},"excerpt":{"rendered":"<p>\ud83d\udd36 Im Preis inbegriffen:<br \/>\n\ud83d\udd38 Inklusive Transport zum und vom Hotel<br \/>\n\ud83d\udd38 inklusive Reiseleiter<\/p>\n<p><span","protected":false},"featured_media":2645,"comment_status":"open","ping_status":"closed","template":"","meta":[],"product_cat":[84],"product_tag":[],"class_list":{"0":"post-2644","1":"product","2":"type-product","3":"status-publish","4":"has-post-thumbnail","6":"product_cat-84","8":"first","9":"instock","10":"shipping-taxable","11":"purchasable","12":"product-type-simple"},"_links":{"self":[{"href":"https:\/\/mousasky.com\/de\/wp-json\/wp\/v2\/product\/2644","targetHints":{"allow":["GET"]}}],"collection":[{"href":"https:\/\/mousasky.com\/de\/wp-json\/wp\/v2\/product"}],"about":[{"href":"https:\/\/mousasky.com\/de\/wp-json\/wp\/v2\/types\/product"}],"replies":[{"embeddable":true,"href":"https:\/\/mousasky.com\/de\/wp-json\/wp\/v2\/comments?post=2644"}],"wp:featuredmedia":[{"embeddable":true,"href":"https:\/\/mousasky.com\/de\/wp-json\/wp\/v2\/media\/2645"}],"wp:attachment":[{"href":"https:\/\/mousasky.com\/de\/wp-json\/wp\/v2\/media?parent=2644"}],"wp:term":[{"taxonomy":"product_cat","embeddable":true,"href":"https:\/\/mousasky.com\/de\/wp-json\/wp\/v2\/product_cat?post=2644"},{"taxonomy":"product_tag","embeddable":true,"href":"https:\/\/mousasky.com\/de\/wp-json\/wp\/v2\/product_tag?post=2644"}],"curies":[{"name":"wp","href":"https:\/\/api.w.org\/{rel}","templated":true}]}}