{"id":2635,"date":"2023-01-14T11:31:35","date_gmt":"2023-01-14T11:31:35","guid":{"rendered":"https:\/\/mousasky.com\/?post_type=product&#038;p=2635"},"modified":"2023-06-23T14:08:59","modified_gmt":"2023-06-23T14:08:59","slug":"%d8%b1%d8%ad%d9%80%d9%80%d9%84%d8%a9-%d8%a7%d9%84%d8%a8%d8%b1%d8%a7%d8%b4%d9%88%d8%aa-%d9%81%d9%8a-%d9%81%d8%aa%d8%ad%d9%8a%d8%a9","status":"publish","type":"product","link":"https:\/\/mousasky.com\/de\/produkt\/\u0631\u062d\u0640\u0640\u0644\u0629-\u0627\u0644\u0628\u0631\u0627\u0634\u0648\u062a-\u0641\u064a-\u0641\u062a\u062d\u064a\u0629\/","title":{"rendered":"Fallschirmausflug in Fethiye"},"content":{"rendered":"<div class=\"wpb-content-wrapper\"><div class=\"vc_row wpb_row vc_row-fluid\"><div class=\"wpb_column vc_column_container vc_col-sm-12\"><div class=\"vc_column-inner\"><div class=\"wpb_wrapper\">\n\t<div class=\"wpb_text_column wpb_content_element\" >\n\t\t<div class=\"wpb_wrapper\">\n\t\t\t<p>\ud83d\udca2 Details zur Reise:<br \/>\nBei dieser wunderbaren Aktivit\u00e4t, bei der Sie sich aus einer H\u00f6he von etwa 1700 Metern dem Wind aussetzen, eine halbe Stunde lang in der Luft schweben und \u00fcber den Himmel von Fethiye und dem Toten Meer wandern, findet \u00fcber Babada\u011f eine der sch\u00f6nsten Aktivit\u00e4ten statt Einer der sch\u00f6nsten Paragliding-Routen der Welt, bietet seinen G\u00e4sten stets einen Tag voller Wendungen auf durchschnittlichem Niveau und sorgt f\u00fcr Aufsehen. Seien Sie der K\u00f6nig und die K\u00f6nigin des Gipfels beim Paragliding in Fethiye, das Sie jederzeit von Sonnenaufgang bis Sonnenuntergang unternehmen k\u00f6nnen. Erleben Sie das Adrenalin, das durch Ihren K\u00f6rper str\u00f6mt, die herrliche Aussicht, die sich in Ihrem Geist widerspiegelt, und die Aufregung, die Ihre Tr\u00e4ume erleuchtet. Verbringen Sie einen verr\u00fcckten Tag und genie\u00dfen Sie die farbenfrohen Texturen des Toten Meeres und seiner Umgebung, w\u00e4hrend Sie von oben auf die Welt herabblicken<\/p>\n\n\t\t<\/div>\n\t<\/div>\n\n\t<div class=\"wpb_raw_code wpb_raw_html wpb_content_element\" >\n\t\t<div class=\"wpb_wrapper\">\n\t\t\t<a href=\"\/de\/mustafa\/\" class=\"btn-whatsapp-pulse1 btn-whatsapp-pulse-border1\" target=\"_blank\">\n\t<i class=\"fab fa-whatsapp\"><\/i>\n<\/a>\n\n\n\n<style>\n.btn-whatsapp-pulse1 {\n\tz-index:9999;\n\tbackground: #25d366;\n\tcolor: white;\n\tposition: fixed;\n\n\tbottom: 100px;\n\tright: 20px;\n\tfont-size: 40px;\n\tdisplay: flex;\n\tjustify-content: center;\n\talign-items: center;\n\twidth: 0;\n\theight: 0;\n\tpadding: 35px;\n\ttext-decoration: none;\n\tborder-radius: 50%;\n\tanimation-name: pulse;\n\tanimation-duration: 1.5s;\n\tanimation-timing-function: ease-out;\n\tanimation-iteration-count: infinite;\n}\n\n<\/style>\n\n\t\t<\/div>\n\t<\/div>\n<\/div><\/div><\/div><\/div>\n<\/div>","protected":false},"excerpt":{"rendered":"<p>\ud83d\udd36 Im Preis inbegriffen:<br \/>\n\ud83d\udd38 Inklusive Transport zum und vom Hotel<br \/>\n\ud83d\udd38 inklusive Reiseleiter<\/p>\n<p><span","protected":false},"featured_media":2637,"comment_status":"open","ping_status":"closed","template":"","meta":[],"product_cat":[84],"product_tag":[],"class_list":{"0":"post-2635","1":"product","2":"type-product","3":"status-publish","4":"has-post-thumbnail","6":"product_cat-84","8":"first","9":"instock","10":"shipping-taxable","11":"purchasable","12":"product-type-simple"},"_links":{"self":[{"href":"https:\/\/mousasky.com\/de\/wp-json\/wp\/v2\/product\/2635","targetHints":{"allow":["GET"]}}],"collection":[{"href":"https:\/\/mousasky.com\/de\/wp-json\/wp\/v2\/product"}],"about":[{"href":"https:\/\/mousasky.com\/de\/wp-json\/wp\/v2\/types\/product"}],"replies":[{"embeddable":true,"href":"https:\/\/mousasky.com\/de\/wp-json\/wp\/v2\/comments?post=2635"}],"wp:featuredmedia":[{"embeddable":true,"href":"https:\/\/mousasky.com\/de\/wp-json\/wp\/v2\/media\/2637"}],"wp:attachment":[{"href":"https:\/\/mousasky.com\/de\/wp-json\/wp\/v2\/media?parent=2635"}],"wp:term":[{"taxonomy":"product_cat","embeddable":true,"href":"https:\/\/mousasky.com\/de\/wp-json\/wp\/v2\/product_cat?post=2635"},{"taxonomy":"product_tag","embeddable":true,"href":"https:\/\/mousasky.com\/de\/wp-json\/wp\/v2\/product_tag?post=2635"}],"curies":[{"name":"wp","href":"https:\/\/api.w.org\/{rel}","templated":true}]}}