{"id":2626,"date":"2023-01-14T11:27:39","date_gmt":"2023-01-14T11:27:39","guid":{"rendered":"https:\/\/mousasky.com\/?post_type=product&#038;p=2626"},"modified":"2023-06-23T14:09:03","modified_gmt":"2023-06-23T14:09:03","slug":"%d8%b1%d8%ad%d9%80%d9%80%d9%84%d8%a9-%d8%a7%d9%84%d8%aa%d8%ac%d8%af%d9%8a%d9%81-%d9%81%d9%8a-%d9%81%d8%aa%d8%ad%d9%8a%d8%a9","status":"publish","type":"product","link":"https:\/\/mousasky.com\/de\/produkt\/\u0631\u062d\u0640\u0640\u0644\u0629-\u0627\u0644\u062a\u062c\u062f\u064a\u0641-\u0641\u064a-\u0641\u062a\u062d\u064a\u0629\/","title":{"rendered":"Kajaktour in Fethiye"},"content":{"rendered":"<div class=\"wpb-content-wrapper\"><div class=\"vc_row wpb_row vc_row-fluid\"><div class=\"wpb_column vc_column_container vc_col-sm-12\"><div class=\"vc_column-inner\"><div class=\"wpb_wrapper\">\n\t<div class=\"wpb_text_column wpb_content_element\" >\n\t\t<div class=\"wpb_wrapper\">\n\t\t\t<p>\ud83d\udca2 Details zur Reise:<br \/>\nDie Aktivit\u00e4t einer Rafting-Tour beginnt mit der Bewegung unserer Transportfahrzeuge. Ihre Aufregung wird enorm zunehmen, wenn Sie diesen wunderbaren nat\u00fcrlichen Ort sehen, an dem das Rafting stattfinden wird. W\u00e4hrend der Kajaktour in Dalaman, dem Zentrum f\u00fcr Adrenalin und Unterhaltung, werden Sie unvergessliche Momente erleben und einen wundersch\u00f6nen Tag alleine oder mit Ihren Lieben verbringen.<br \/>\nWenn wir das Gebiet vor der Dalaman-Rafting-Tour erreichen, werden Sie von den Instruktoren begr\u00fc\u00dft und Ihnen die Details erkl\u00e4rt, w\u00e4hrend Sie von der Sch\u00f6nheit des Dalaman-Baches und seiner Umgebung begeistert sein werden. Nach der Vorf\u00fchrung der Ausr\u00fcstung gibt er Auskunft dar\u00fcber, worauf Sie bei Ihrem t\u00e4glichen Kajak-Abenteuer achten sollten. Es ist sehr wichtig, dass Sie unseren Instruktoren aufmerksam zuh\u00f6ren und die gegebenen Anweisungen befolgen, um Ihre Sicherheit zu gew\u00e4hrleisten und den Spa\u00df am Rafting in vollen Z\u00fcgen genie\u00dfen zu k\u00f6nnen.<\/p>\n\n\t\t<\/div>\n\t<\/div>\n\n\t<div class=\"wpb_raw_code wpb_raw_html wpb_content_element\" >\n\t\t<div class=\"wpb_wrapper\">\n\t\t\t<a href=\"\/de\/mustafa\/\" class=\"btn-whatsapp-pulse1 btn-whatsapp-pulse-border1\" target=\"_blank\">\n\t<i class=\"fab fa-whatsapp\"><\/i>\n<\/a>\n\n\n\n<style>\n.btn-whatsapp-pulse1 {\n\tz-index:9999;\n\tbackground: #25d366;\n\tcolor: white;\n\tposition: fixed;\n\n\tbottom: 100px;\n\tright: 20px;\n\tfont-size: 40px;\n\tdisplay: flex;\n\tjustify-content: center;\n\talign-items: center;\n\twidth: 0;\n\theight: 0;\n\tpadding: 35px;\n\ttext-decoration: none;\n\tborder-radius: 50%;\n\tanimation-name: pulse;\n\tanimation-duration: 1.5s;\n\tanimation-timing-function: ease-out;\n\tanimation-iteration-count: infinite;\n}\n\n<\/style>\n\n\t\t<\/div>\n\t<\/div>\n<\/div><\/div><\/div><\/div>\n<\/div>","protected":false},"excerpt":{"rendered":"<p>\ud83d\udd36 Im Preis inbegriffen:<br \/>\n\ud83d\udd38 Inklusive Transport zum und vom Hotel<br \/>\n\ud83d\udd38 inklusive Mittagessen<br \/>\n\ud83d\udd38\u0634\u0627\u0645\u0644 \u0645\u0631\u0634\u062f &#8230; <\/p>","protected":false},"featured_media":2627,"comment_status":"open","ping_status":"closed","template":"","meta":[],"product_cat":[84],"product_tag":[],"class_list":{"0":"post-2626","1":"product","2":"type-product","3":"status-publish","4":"has-post-thumbnail","6":"product_cat-84","8":"first","9":"instock","10":"shipping-taxable","11":"purchasable","12":"product-type-simple"},"_links":{"self":[{"href":"https:\/\/mousasky.com\/de\/wp-json\/wp\/v2\/product\/2626","targetHints":{"allow":["GET"]}}],"collection":[{"href":"https:\/\/mousasky.com\/de\/wp-json\/wp\/v2\/product"}],"about":[{"href":"https:\/\/mousasky.com\/de\/wp-json\/wp\/v2\/types\/product"}],"replies":[{"embeddable":true,"href":"https:\/\/mousasky.com\/de\/wp-json\/wp\/v2\/comments?post=2626"}],"wp:featuredmedia":[{"embeddable":true,"href":"https:\/\/mousasky.com\/de\/wp-json\/wp\/v2\/media\/2627"}],"wp:attachment":[{"href":"https:\/\/mousasky.com\/de\/wp-json\/wp\/v2\/media?parent=2626"}],"wp:term":[{"taxonomy":"product_cat","embeddable":true,"href":"https:\/\/mousasky.com\/de\/wp-json\/wp\/v2\/product_cat?post=2626"},{"taxonomy":"product_tag","embeddable":true,"href":"https:\/\/mousasky.com\/de\/wp-json\/wp\/v2\/product_tag?post=2626"}],"curies":[{"name":"wp","href":"https:\/\/api.w.org\/{rel}","templated":true}]}}