{"id":2617,"date":"2023-01-14T11:24:37","date_gmt":"2023-01-14T11:24:37","guid":{"rendered":"https:\/\/mousasky.com\/?post_type=product&#038;p=2617"},"modified":"2023-06-23T14:09:08","modified_gmt":"2023-06-23T14:09:08","slug":"%d8%b1%d8%ad%d9%80%d9%80%d9%84%d8%a9-%d8%a7%d9%84%d8%ba%d9%88%d8%b5-%d9%81%d9%8a-%d9%81%d8%aa%d8%ad%d9%8a%d8%a9","status":"publish","type":"product","link":"https:\/\/mousasky.com\/de\/produkt\/\u0631\u062d\u0640\u0640\u0644\u0629-\u0627\u0644\u063a\u0648\u0635-\u0641\u064a-\u0641\u062a\u062d\u064a\u0629\/","title":{"rendered":"Tauchausflug in Fethiye"},"content":{"rendered":"<div class=\"wpb-content-wrapper\"><div class=\"vc_row wpb_row vc_row-fluid\"><div class=\"wpb_column vc_column_container vc_col-sm-12\"><div class=\"vc_column-inner\"><div class=\"wpb_wrapper\">\n\t<div class=\"wpb_text_column wpb_content_element\" >\n\t\t<div class=\"wpb_wrapper\">\n\t\t\t<p>\ud83d\udca2 Details zur Reise:<br \/>\nBeginnen Sie die t\u00e4gliche Tauchtour durch Fethiye<br \/>\nDie t\u00e4gliche Tauchtour beginnt mit unseren privaten Transferfahrzeugen<br \/>\nWenn Sie zu einer Tauchtour kommen, werden Sie von erfahrenen Tauchern und unserem Kapit\u00e4n begr\u00fc\u00dft. Mit ihrer Ausr\u00fcstung, Crew und G\u00e4sten macht sie t\u00e4glich eine Tauchtour und macht sich auf den Weg in Richtung der Bucht, in der der Tauchgang stattfinden wird.<br \/>\nSie m\u00fcssen nicht schon einmal getaucht sein, um an dieser t\u00e4glichen Fethiye-Tauchtour teilzunehmen. Jeder \u00fcber 12 Jahre ohne gesundheitliche Probleme kann von einer t\u00e4glichen Schnorcheltour profitieren.<br \/>\nWenn Sie Ihren Urlaub in Fethiye verbringen, k\u00f6nnen die Str\u00e4nde, die Sie tags\u00fcber besuchen, manchmal \u00fcberf\u00fcllt sein. Oder es kann einige Zeit dauern, bis wir die Buchten erreichen. Andererseits f\u00fchrt Sie die t\u00e4gliche Fethiye-Schnorcheltour abseits dieser Menschenmassen in eine wundersch\u00f6ne Bucht<br \/>\nW\u00e4hrend sich unser Tauchboot auf dem Weg zur Bucht befindet, in der der Tauchgang stattfinden wird, werden Sie von unseren Tauchern, die ein wichtiger Teil unseres Teams sind, \u00fcber die Ausr\u00fcstung und wichtige Punkte informiert, die Sie beim Tauchen wissen m\u00fcssen. Da Sie tauchen gehen, ist es sehr wichtig zu wissen, welche Ausr\u00fcstung Sie verwenden werden.<\/p>\n<p>Befolgen Sie w\u00e4hrend Ihrer Tauchtour unbedingt die Warnungen und Anweisungen unserer Tauchlehrer. F\u00fcr Ihre eigene Sicherheit und die Qualit\u00e4t der Zeit, die Sie w\u00e4hrend Ihrer Tauchtour unter Wasser verbringen, ist es wichtig, dass Sie darauf achten.<br \/>\nDa die Orte, die wir w\u00e4hrend der Tauchtour besuchen werden, nahe an der Sonne liegen<\/p>\n<p>Personen unter 12 Jahren und Personen mit gesundheitlichen Problemen d\u00fcrfen w\u00e4hrend einer Tauchtour nicht tauchen<\/p>\n\n\t\t<\/div>\n\t<\/div>\n\n\t<div class=\"wpb_raw_code wpb_raw_html wpb_content_element\" >\n\t\t<div class=\"wpb_wrapper\">\n\t\t\t<a href=\"\/de\/mustafa\/\" class=\"btn-whatsapp-pulse1 btn-whatsapp-pulse-border1\" target=\"_blank\">\n\t<i class=\"fab fa-whatsapp\"><\/i>\n<\/a>\n\n\n\n<style>\n.btn-whatsapp-pulse1 {\n\tz-index:9999;\n\tbackground: #25d366;\n\tcolor: white;\n\tposition: fixed;\n\n\tbottom: 100px;\n\tright: 20px;\n\tfont-size: 40px;\n\tdisplay: flex;\n\tjustify-content: center;\n\talign-items: center;\n\twidth: 0;\n\theight: 0;\n\tpadding: 35px;\n\ttext-decoration: none;\n\tborder-radius: 50%;\n\tanimation-name: pulse;\n\tanimation-duration: 1.5s;\n\tanimation-timing-function: ease-out;\n\tanimation-iteration-count: infinite;\n}\n\n<\/style>\n\n\t\t<\/div>\n\t<\/div>\n<\/div><\/div><\/div><\/div>\n<\/div>","protected":false},"excerpt":{"rendered":"<p>\ud83d\udd36 Im Preis inbegriffen:<br \/>\n\ud83d\udd38 Inklusive Transport zum und vom Hotel<br \/>\n\ud83d\udd38 inklusive Reiseleiter<\/p>\n<p><span","protected":false},"featured_media":2625,"comment_status":"open","ping_status":"closed","template":"","meta":[],"product_cat":[84],"product_tag":[],"class_list":{"0":"post-2617","1":"product","2":"type-product","3":"status-publish","4":"has-post-thumbnail","6":"product_cat-84","8":"first","9":"instock","10":"shipping-taxable","11":"purchasable","12":"product-type-simple"},"_links":{"self":[{"href":"https:\/\/mousasky.com\/de\/wp-json\/wp\/v2\/product\/2617","targetHints":{"allow":["GET"]}}],"collection":[{"href":"https:\/\/mousasky.com\/de\/wp-json\/wp\/v2\/product"}],"about":[{"href":"https:\/\/mousasky.com\/de\/wp-json\/wp\/v2\/types\/product"}],"replies":[{"embeddable":true,"href":"https:\/\/mousasky.com\/de\/wp-json\/wp\/v2\/comments?post=2617"}],"wp:featuredmedia":[{"embeddable":true,"href":"https:\/\/mousasky.com\/de\/wp-json\/wp\/v2\/media\/2625"}],"wp:attachment":[{"href":"https:\/\/mousasky.com\/de\/wp-json\/wp\/v2\/media?parent=2617"}],"wp:term":[{"taxonomy":"product_cat","embeddable":true,"href":"https:\/\/mousasky.com\/de\/wp-json\/wp\/v2\/product_cat?post=2617"},{"taxonomy":"product_tag","embeddable":true,"href":"https:\/\/mousasky.com\/de\/wp-json\/wp\/v2\/product_tag?post=2617"}],"curies":[{"name":"wp","href":"https:\/\/api.w.org\/{rel}","templated":true}]}}