{"id":2608,"date":"2023-01-14T11:18:24","date_gmt":"2023-01-14T11:18:24","guid":{"rendered":"https:\/\/mousasky.com\/?post_type=product&#038;p=2608"},"modified":"2023-06-23T14:09:12","modified_gmt":"2023-06-23T14:09:12","slug":"%d8%b1%d8%ad%d9%80%d9%80%d9%84%d8%a9-%d8%b3%d8%a7%d9%83%d9%84%d9%8a-%d9%83%d9%86%d8%aa-%d9%81%d9%8a-%d9%81%d8%aa%d8%ad%d9%8a%d8%a9","status":"publish","type":"product","link":"https:\/\/mousasky.com\/de\/produkt\/\u0631\u062d\u0640\u0640\u0644\u0629-\u0633\u0627\u0643\u0644\u064a-\u0643\u0646\u062a-\u0641\u064a-\u0641\u062a\u062d\u064a\u0629\/","title":{"rendered":"Saklis Reise war ich in Fethiye"},"content":{"rendered":"<div class=\"wpb-content-wrapper\"><div class=\"vc_row wpb_row vc_row-fluid\"><div class=\"wpb_column vc_column_container vc_col-sm-12\"><div class=\"vc_column-inner\"><div class=\"wpb_wrapper\">\n\t<div class=\"wpb_text_column wpb_content_element\" >\n\t\t<div class=\"wpb_wrapper\">\n\t\t\t<p>\ud83d\udca2 Details zur Reise:<br \/>\nWir m\u00f6chten mit Ihnen die Vorbereitungsphase f\u00fcr die t\u00e4gliche Tour durch Fethiye Sakl\u0131kent teilen. Wenn Sie den Tag ausw\u00e4hlen, an dem Sie an der Sakl\u0131kent Canyon Tour teilnehmen m\u00f6chten,<br \/>\nWir werden den Sakl\u0131kent Canyon besuchen. Wir werden auch einen weiteren versteckten Ort in Sidekmir besuchen, Yacakoy. Sie werden sich im magischen, von B\u00e4umen umgebenen Yakapark ausruhen und diesen Ort f\u00fcr eine Weile genie\u00dfen. Die Saklikent-Tour, die mit einem Besuch der antiken Stadt Tlos endet, wird ihren G\u00e4sten weiterhin die Pracht von Frieden, Geschichte und Natur zeigen.<br \/>\nDas Saklikent-Tal liegt am Krakkam, einem Seitenarm des Eschen-Flusses, und besteht aus einer langen Schlucht, durch die eiskaltes Wasser flie\u00dft. Sie k\u00f6nnen bequem zu Fu\u00df in die inneren Teile des Tals laufen, das einer der auff\u00e4lligsten Orte auf der Sakli-Kent-Tagestour ist und 18 Kilometer lang ist, und Sie k\u00f6nnen den im Wasser vergrabenen nat\u00fcrlichen Schlamm auf Ihr Gesicht reiben Sie k\u00f6nnen sich auf Ihr Gesicht st\u00fctzen und mit diesem Schlamm heilen, der gut f\u00fcr Ihre Haut ist.<br \/>\nDie antike Stadt Tlos \u2013 ein Weltkulturerbe in der antiken Stadt Al-Khader, wo Sie die sch\u00f6nsten Spuren der lykischen Zivilisation finden k\u00f6nnen, da sie einer der ersten Orte ist, die in dieser Geographie gegr\u00fcndet wurden. Sie werden die Atmosph\u00e4re der Stadt tief sp\u00fcren, wenn Sie zur Burg hinaufsteigen, die an einem Ort mit Blick auf die von B\u00e4umen ges\u00e4umte Ebene von E\u015fen in Yakak\u00f6y liegt. W\u00e4hrend der Pause, die wir im Yakapark geben, k\u00f6nnen Sie hier das Eisbecken betreten und die riesigen Fische darin treffen.<\/p>\n\n\t\t<\/div>\n\t<\/div>\n\n\t<div class=\"wpb_raw_code wpb_raw_html wpb_content_element\" >\n\t\t<div class=\"wpb_wrapper\">\n\t\t\t<a href=\"\/de\/mustafa\/\" class=\"btn-whatsapp-pulse1 btn-whatsapp-pulse-border1\" target=\"_blank\">\n\t<i class=\"fab fa-whatsapp\"><\/i>\n<\/a>\n\n\n\n<style>\n.btn-whatsapp-pulse1 {\n\tz-index:9999;\n\tbackground: #25d366;\n\tcolor: white;\n\tposition: fixed;\n\n\tbottom: 100px;\n\tright: 20px;\n\tfont-size: 40px;\n\tdisplay: flex;\n\tjustify-content: center;\n\talign-items: center;\n\twidth: 0;\n\theight: 0;\n\tpadding: 35px;\n\ttext-decoration: none;\n\tborder-radius: 50%;\n\tanimation-name: pulse;\n\tanimation-duration: 1.5s;\n\tanimation-timing-function: ease-out;\n\tanimation-iteration-count: infinite;\n}\n\n<\/style>\n\n\t\t<\/div>\n\t<\/div>\n<\/div><\/div><\/div><\/div>\n<\/div>","protected":false},"excerpt":{"rendered":"<p>\ud83d\udd36 Im Preis inbegriffen:<br \/>\n\ud83d\udd38 Inklusive Transport zum und vom Hotel<br \/>\n\ud83d\udd38 inklusive Mittagessen<br \/>\n\ud83d\udd38\u0634\u0627\u0645\u0644 \u0645\u0631\u0634\u062f &#8230; <\/p>","protected":false},"featured_media":2609,"comment_status":"open","ping_status":"closed","template":"","meta":[],"product_cat":[84],"product_tag":[],"class_list":{"0":"post-2608","1":"product","2":"type-product","3":"status-publish","4":"has-post-thumbnail","6":"product_cat-84","8":"first","9":"instock","10":"shipping-taxable","11":"purchasable","12":"product-type-simple"},"_links":{"self":[{"href":"https:\/\/mousasky.com\/de\/wp-json\/wp\/v2\/product\/2608","targetHints":{"allow":["GET"]}}],"collection":[{"href":"https:\/\/mousasky.com\/de\/wp-json\/wp\/v2\/product"}],"about":[{"href":"https:\/\/mousasky.com\/de\/wp-json\/wp\/v2\/types\/product"}],"replies":[{"embeddable":true,"href":"https:\/\/mousasky.com\/de\/wp-json\/wp\/v2\/comments?post=2608"}],"wp:featuredmedia":[{"embeddable":true,"href":"https:\/\/mousasky.com\/de\/wp-json\/wp\/v2\/media\/2609"}],"wp:attachment":[{"href":"https:\/\/mousasky.com\/de\/wp-json\/wp\/v2\/media?parent=2608"}],"wp:term":[{"taxonomy":"product_cat","embeddable":true,"href":"https:\/\/mousasky.com\/de\/wp-json\/wp\/v2\/product_cat?post=2608"},{"taxonomy":"product_tag","embeddable":true,"href":"https:\/\/mousasky.com\/de\/wp-json\/wp\/v2\/product_tag?post=2608"}],"curies":[{"name":"wp","href":"https:\/\/api.w.org\/{rel}","templated":true}]}}