{"id":2599,"date":"2023-01-14T11:14:43","date_gmt":"2023-01-14T11:14:43","guid":{"rendered":"https:\/\/mousasky.com\/?post_type=product&#038;p=2599"},"modified":"2023-06-23T14:09:18","modified_gmt":"2023-06-23T14:09:18","slug":"%d8%b1%d8%ad%d9%80%d9%80%d9%80%d9%84%d8%a9-%d8%a8%d8%a7%d9%85%d9%88%d9%83%d8%a7%d9%84%d9%8a-%d9%81%d9%8a-%d9%81%d8%aa%d8%ad%d9%8a%d8%a9","status":"publish","type":"product","link":"https:\/\/mousasky.com\/de\/produkt\/\u0631\u062d\u0640\u0640\u0640\u0644\u0629-\u0628\u0627\u0645\u0648\u0643\u0627\u0644\u064a-\u0641\u064a-\u0641\u062a\u062d\u064a\u0629\/","title":{"rendered":"Pamukkale-Tour in Fethiye"},"content":{"rendered":"<div class=\"wpb-content-wrapper\"><div class=\"vc_row wpb_row vc_row-fluid\"><div class=\"wpb_column vc_column_container vc_col-sm-12\"><div class=\"vc_column-inner\"><div class=\"wpb_wrapper\">\n\t<div class=\"wpb_text_column wpb_content_element\" >\n\t\t<div class=\"wpb_wrapper\">\n\t\t\t<p>\ud83d\udca2 Details zur Reise:<br \/>\nDie sch\u00f6nsten Orte in Pamukkale: Verbringen Sie etwas Zeit in den hei\u00dfen Quellen und werden Sie alle Ihre Probleme in Pamukkale los, das seit der Antike ein Heilzentrum ist. Wir haben die sch\u00f6nsten Orte aufgelistet, die Sie in und um Pamukkale besuchen k\u00f6nnen;<br \/>\nTravertin in Pamukkale \/ Kleopatras Pool<br \/>\nDie antike Stadt Hierapolis, die historischen B\u00e4der<br \/>\nMedusa-Form \/ Kirchen \/ Gr\u00e4ber \/ alter Teich<br \/>\nApollon-Tempel \/ Stra\u00dfen und T\u00fcren<br \/>\n\ud83d\udff0\ud83d\udff0\ud83d\udff0\ud83d\udff0\ud83d\udff0\ud83d\udff0<br \/>\n\ud83d\udca2 Informationen zu einer Reise<br \/>\nWir empfehlen Ihnen, die Dinge bei sich zu haben, die Sie f\u00fcr eine Aktivit\u00e4t ben\u00f6tigen<br \/>\nHut\/Sonnenbrille\/Sonnencreme<br \/>\nHandtuch\/Badebekleidung\/Hausschuhe<br \/>\nSchals und leichte Kleidung\/bequeme Wanderschuhe<br \/>\nMuseumskarte\/Kamera<\/p>\n\n\t\t<\/div>\n\t<\/div>\n\n\t<div class=\"wpb_raw_code wpb_raw_html wpb_content_element\" >\n\t\t<div class=\"wpb_wrapper\">\n\t\t\t<a href=\"\/de\/mustafa\/\" class=\"btn-whatsapp-pulse1 btn-whatsapp-pulse-border1\" target=\"_blank\">\n\t<i class=\"fab fa-whatsapp\"><\/i>\n<\/a>\n\n\n\n<style>\n.btn-whatsapp-pulse1 {\n\tz-index:9999;\n\tbackground: #25d366;\n\tcolor: white;\n\tposition: fixed;\n\n\tbottom: 100px;\n\tright: 20px;\n\tfont-size: 40px;\n\tdisplay: flex;\n\tjustify-content: center;\n\talign-items: center;\n\twidth: 0;\n\theight: 0;\n\tpadding: 35px;\n\ttext-decoration: none;\n\tborder-radius: 50%;\n\tanimation-name: pulse;\n\tanimation-duration: 1.5s;\n\tanimation-timing-function: ease-out;\n\tanimation-iteration-count: infinite;\n}\n\n<\/style>\n\n\t\t<\/div>\n\t<\/div>\n<\/div><\/div><\/div><\/div>\n<\/div>","protected":false},"excerpt":{"rendered":"<p>\ud83d\udd36 Im Preis inbegriffen:<br \/>\n\ud83d\udd38 inklusive Fr\u00fchst\u00fcck und Mittagessen<br \/>\n\ud83d\udd38 Inklusive Transport zum und vom Hotel<br \/>\n\ud83d\udd38\u0634\u0627\u0645\u0644 &#8230; <\/p>","protected":false},"featured_media":2600,"comment_status":"open","ping_status":"closed","template":"","meta":[],"product_cat":[84],"product_tag":[],"class_list":{"0":"post-2599","1":"product","2":"type-product","3":"status-publish","4":"has-post-thumbnail","6":"product_cat-84","8":"first","9":"instock","10":"shipping-taxable","11":"purchasable","12":"product-type-simple"},"_links":{"self":[{"href":"https:\/\/mousasky.com\/de\/wp-json\/wp\/v2\/product\/2599","targetHints":{"allow":["GET"]}}],"collection":[{"href":"https:\/\/mousasky.com\/de\/wp-json\/wp\/v2\/product"}],"about":[{"href":"https:\/\/mousasky.com\/de\/wp-json\/wp\/v2\/types\/product"}],"replies":[{"embeddable":true,"href":"https:\/\/mousasky.com\/de\/wp-json\/wp\/v2\/comments?post=2599"}],"wp:featuredmedia":[{"embeddable":true,"href":"https:\/\/mousasky.com\/de\/wp-json\/wp\/v2\/media\/2600"}],"wp:attachment":[{"href":"https:\/\/mousasky.com\/de\/wp-json\/wp\/v2\/media?parent=2599"}],"wp:term":[{"taxonomy":"product_cat","embeddable":true,"href":"https:\/\/mousasky.com\/de\/wp-json\/wp\/v2\/product_cat?post=2599"},{"taxonomy":"product_tag","embeddable":true,"href":"https:\/\/mousasky.com\/de\/wp-json\/wp\/v2\/product_tag?post=2599"}],"curies":[{"name":"wp","href":"https:\/\/api.w.org\/{rel}","templated":true}]}}