{"id":2571,"date":"2023-01-14T10:58:48","date_gmt":"2023-01-14T10:58:48","guid":{"rendered":"https:\/\/mousasky.com\/?post_type=product&#038;p=2571"},"modified":"2023-06-23T14:09:31","modified_gmt":"2023-06-23T14:09:31","slug":"%d8%b1%d8%ad%d9%80%d9%80%d9%80%d9%84%d8%a9-%d9%81%d9%84%d8%a7%d9%8a%d8%a8%d9%88%d8%b1%d8%af-%d9%81%d9%8a-%d9%81%d8%aa%d8%ad%d9%8a%d8%a9","status":"publish","type":"product","link":"https:\/\/mousasky.com\/de\/produkt\/\u0631\u062d\u0640\u0640\u0640\u0644\u0629-\u0641\u0644\u0627\u064a\u0628\u0648\u0631\u062f-\u0641\u064a-\u0641\u062a\u062d\u064a\u0629\/","title":{"rendered":"Flyboard-Ausflug in Fethiye"},"content":{"rendered":"<div class=\"wpb-content-wrapper\"><div class=\"vc_row wpb_row vc_row-fluid\"><div class=\"wpb_column vc_column_container vc_col-sm-12\"><div class=\"vc_column-inner\"><div class=\"wpb_wrapper\">\n\t<div class=\"wpb_text_column wpb_content_element\" >\n\t\t<div class=\"wpb_wrapper\">\n\t\t\t<p>\ud83d\udca2 Details zur Reise:<br \/>\nEs handelt sich um eine sehr Freizeitbesch\u00e4ftigung, die man in Ferienorten in der T\u00fcrkei nicht sehr oft antrifft und die in unserem Land gerade erst an Bedeutung gewinnt. Nach 5 Minuten Training mit einem speziellen Fethiye-Flyboard k\u00f6nnen Sie bis zu 2 Meter hoch schweben und der Schwerkraft trotzen, indem Sie wie ein Delphin \u00fcber das Meer abheben oder Akrobatik betreiben. Flyboarden ist eine Wassersportart, bei der man in der Regel bis zu 10 Meter weit gehen kann. Das vom Wasserski-Weltmeister Franky Zapata erfundene Flyboard wird ebenfalls von einem Jetski angetrieben und erm\u00f6glicht es Ihnen, vollst\u00e4ndig mit Druck aufzusteigen. Wenn Newton in diesen Tagen leben k\u00f6nnte, in denen er sah, wie entwickelt seine Ideen waren,<br \/>\n\ud83d\udff0\ud83d\udff0\ud83d\udff0\ud83d\udff0\ud83d\udff0\ud83d\udff0\ud83d\udff0<br \/>\n\ud83d\udca2 Informationen zu einer Reise<br \/>\nSie erhalten eine 5-min\u00fctige Schulung durch erfahrene Instruktoren. Bei der Flyboard-Ausr\u00fcstung m\u00fcssen Helm, Schwimmweste und Neoprenanz\u00fcge getragen werden.<br \/>\nUnsere G\u00e4ste unter 18 Jahren k\u00f6nnen dies nicht tun<\/p>\n\n\t\t<\/div>\n\t<\/div>\n\n\t<div class=\"wpb_raw_code wpb_raw_html wpb_content_element\" >\n\t\t<div class=\"wpb_wrapper\">\n\t\t\t<a href=\"\/de\/mustafa\/\" class=\"btn-whatsapp-pulse1 btn-whatsapp-pulse-border1\" target=\"_blank\">\n\t<i class=\"fab fa-whatsapp\"><\/i>\n<\/a>\n\n\n\n<style>\n.btn-whatsapp-pulse1 {\n\tz-index:9999;\n\tbackground: #25d366;\n\tcolor: white;\n\tposition: fixed;\n\n\tbottom: 100px;\n\tright: 20px;\n\tfont-size: 40px;\n\tdisplay: flex;\n\tjustify-content: center;\n\talign-items: center;\n\twidth: 0;\n\theight: 0;\n\tpadding: 35px;\n\ttext-decoration: none;\n\tborder-radius: 50%;\n\tanimation-name: pulse;\n\tanimation-duration: 1.5s;\n\tanimation-timing-function: ease-out;\n\tanimation-iteration-count: infinite;\n}\n\n<\/style>\n\n\t\t<\/div>\n\t<\/div>\n<\/div><\/div><\/div><\/div>\n<\/div>","protected":false},"excerpt":{"rendered":"<p>\ud83d\udd36 Im Preis inbegriffen:<\/p>\n<p>\ud83d\udd38 Inklusive Transport zum und vom Hotel<br \/>\n\ud83d\udd38 inklusive Reiseleiter<\/p>\n<p><span","protected":false},"featured_media":2572,"comment_status":"open","ping_status":"closed","template":"","meta":[],"product_cat":[84],"product_tag":[],"class_list":{"0":"post-2571","1":"product","2":"type-product","3":"status-publish","4":"has-post-thumbnail","6":"product_cat-84","8":"first","9":"instock","10":"shipping-taxable","11":"purchasable","12":"product-type-simple"},"_links":{"self":[{"href":"https:\/\/mousasky.com\/de\/wp-json\/wp\/v2\/product\/2571","targetHints":{"allow":["GET"]}}],"collection":[{"href":"https:\/\/mousasky.com\/de\/wp-json\/wp\/v2\/product"}],"about":[{"href":"https:\/\/mousasky.com\/de\/wp-json\/wp\/v2\/types\/product"}],"replies":[{"embeddable":true,"href":"https:\/\/mousasky.com\/de\/wp-json\/wp\/v2\/comments?post=2571"}],"wp:featuredmedia":[{"embeddable":true,"href":"https:\/\/mousasky.com\/de\/wp-json\/wp\/v2\/media\/2572"}],"wp:attachment":[{"href":"https:\/\/mousasky.com\/de\/wp-json\/wp\/v2\/media?parent=2571"}],"wp:term":[{"taxonomy":"product_cat","embeddable":true,"href":"https:\/\/mousasky.com\/de\/wp-json\/wp\/v2\/product_cat?post=2571"},{"taxonomy":"product_tag","embeddable":true,"href":"https:\/\/mousasky.com\/de\/wp-json\/wp\/v2\/product_tag?post=2571"}],"curies":[{"name":"wp","href":"https:\/\/api.w.org\/{rel}","templated":true}]}}