{"id":2562,"date":"2023-01-14T10:55:23","date_gmt":"2023-01-14T10:55:23","guid":{"rendered":"https:\/\/mousasky.com\/?post_type=product&#038;p=2562"},"modified":"2023-06-23T14:09:36","modified_gmt":"2023-06-23T14:09:36","slug":"%d8%b1%d8%ad%d9%80%d9%80%d9%80%d9%84%d8%a9-%d8%b1%d9%83%d9%88%d8%a8-%d8%a7%d9%84%d9%85%d8%b8%d9%84%d9%8a-%d9%85%d9%86-%d8%a7%d9%84%d9%82%d8%a7%d8%b1%d8%a8-%d9%81%d9%8a-%d9%81%d8%aa%d8%ad%d9%8a%d8%a9","status":"publish","type":"product","link":"https:\/\/mousasky.com\/de\/produkt\/\u0631\u062d\u0640\u0640\u0640\u0644\u0629-\u0631\u0643\u0648\u0628-\u0627\u0644\u0645\u0638\u0644\u064a-\u0645\u0646-\u0627\u0644\u0642\u0627\u0631\u0628-\u0641\u064a-\u0641\u062a\u062d\u064a\u0629\/","title":{"rendered":"Paragliding-Tour in Fethiye"},"content":{"rendered":"<div class=\"wpb-content-wrapper\"><div class=\"vc_row wpb_row vc_row-fluid\"><div class=\"wpb_column vc_column_container vc_col-sm-12\"><div class=\"vc_column-inner\"><div class=\"wpb_wrapper\">\n\t<div class=\"wpb_text_column wpb_content_element\" >\n\t\t<div class=\"wpb_wrapper\">\n\t\t\t<p>\ud83d\udca2 Details zur Reise:<br \/>\nParagliding \u2013 Parasailing Es ist eine der Wassersportarten, die Adrenalinliebhaber jedes Jahr ausprobieren m\u00f6chten. Sie k\u00f6nnen mit den Fl\u00fcgeln des Abenteuers fliegen<br \/>\nParasailing, was auch Parasailing bedeutet, bietet die M\u00f6glichkeit, Fethiye mit Hilfe von am Heck eines Schnellboots befestigten Seilen vom Gipfel aus zu sehen. W\u00e4hrend Sie sich mit voller Geschwindigkeit und dem Wind im R\u00fccken fortbewegen, werden Sie unten Menschen wie Ameisen sehen und unvergessliche Momente in Stille und begleitet vom Blick auf das Meer verbringen. W\u00e4hrend Sie sich wie ein Vogel bewegen, k\u00f6nnen Sie die sch\u00f6nsten Momente Ihres Urlaubs in Marmaris in den hellen Reflexionen der Sonne erleben, die auf Ihr Gesicht fallen.<\/p>\n\n\t\t<\/div>\n\t<\/div>\n\n\t<div class=\"wpb_raw_code wpb_raw_html wpb_content_element\" >\n\t\t<div class=\"wpb_wrapper\">\n\t\t\t<a href=\"\/de\/mustafa\/\" class=\"btn-whatsapp-pulse1 btn-whatsapp-pulse-border1\" target=\"_blank\">\n\t<i class=\"fab fa-whatsapp\"><\/i>\n<\/a>\n\n\n\n<style>\n.btn-whatsapp-pulse1 {\n\tz-index:9999;\n\tbackground: #25d366;\n\tcolor: white;\n\tposition: fixed;\n\n\tbottom: 100px;\n\tright: 20px;\n\tfont-size: 40px;\n\tdisplay: flex;\n\tjustify-content: center;\n\talign-items: center;\n\twidth: 0;\n\theight: 0;\n\tpadding: 35px;\n\ttext-decoration: none;\n\tborder-radius: 50%;\n\tanimation-name: pulse;\n\tanimation-duration: 1.5s;\n\tanimation-timing-function: ease-out;\n\tanimation-iteration-count: infinite;\n}\n\n<\/style>\n\n\t\t<\/div>\n\t<\/div>\n<\/div><\/div><\/div><\/div>\n<\/div>","protected":false},"excerpt":{"rendered":"<p>\ud83d\udd36 Im Preis inbegriffen:<br \/>\n\ud83d\udd38 Inklusive Transport zum und vom Hotel<br \/>\n\ud83d\udd38 inklusive Reiseleiter<\/p>\n<p><span","protected":false},"featured_media":2563,"comment_status":"open","ping_status":"closed","template":"","meta":[],"product_cat":[84],"product_tag":[],"class_list":{"0":"post-2562","1":"product","2":"type-product","3":"status-publish","4":"has-post-thumbnail","6":"product_cat-84","8":"first","9":"instock","10":"shipping-taxable","11":"purchasable","12":"product-type-simple"},"_links":{"self":[{"href":"https:\/\/mousasky.com\/de\/wp-json\/wp\/v2\/product\/2562","targetHints":{"allow":["GET"]}}],"collection":[{"href":"https:\/\/mousasky.com\/de\/wp-json\/wp\/v2\/product"}],"about":[{"href":"https:\/\/mousasky.com\/de\/wp-json\/wp\/v2\/types\/product"}],"replies":[{"embeddable":true,"href":"https:\/\/mousasky.com\/de\/wp-json\/wp\/v2\/comments?post=2562"}],"wp:featuredmedia":[{"embeddable":true,"href":"https:\/\/mousasky.com\/de\/wp-json\/wp\/v2\/media\/2563"}],"wp:attachment":[{"href":"https:\/\/mousasky.com\/de\/wp-json\/wp\/v2\/media?parent=2562"}],"wp:term":[{"taxonomy":"product_cat","embeddable":true,"href":"https:\/\/mousasky.com\/de\/wp-json\/wp\/v2\/product_cat?post=2562"},{"taxonomy":"product_tag","embeddable":true,"href":"https:\/\/mousasky.com\/de\/wp-json\/wp\/v2\/product_tag?post=2562"}],"curies":[{"name":"wp","href":"https:\/\/api.w.org\/{rel}","templated":true}]}}