{"id":2553,"date":"2023-01-14T10:51:14","date_gmt":"2023-01-14T10:51:14","guid":{"rendered":"https:\/\/mousasky.com\/?post_type=product&#038;p=2553"},"modified":"2023-06-23T14:09:43","modified_gmt":"2023-06-23T14:09:43","slug":"%d8%b1%d8%ad%d9%80%d9%80%d9%80%d9%84%d8%a9-%d8%b1%d9%83%d9%88%d8%a8-%d8%ac%d8%aa-%d8%b3%d9%83%d9%8a-%d9%81%d9%8a-%d9%81%d8%aa%d8%ad%d9%8a%d8%a9","status":"publish","type":"product","link":"https:\/\/mousasky.com\/de\/produkt\/\u0631\u062d\u0640\u0640\u0640\u0644\u0629-\u0631\u0643\u0648\u0628-\u062c\u062a-\u0633\u0643\u064a-\u0641\u064a-\u0641\u062a\u062d\u064a\u0629\/","title":{"rendered":"Jetski-Fahrt in Fethiye"},"content":{"rendered":"<div class=\"wpb-content-wrapper\"><div class=\"vc_row wpb_row vc_row-fluid\"><div class=\"wpb_column vc_column_container vc_col-sm-12\"><div class=\"vc_column-inner\"><div class=\"wpb_wrapper\">\n\t<div class=\"wpb_text_column wpb_content_element\" >\n\t\t<div class=\"wpb_wrapper\">\n\t\t\t<p>\ud83d\udca2 Details zur Reise:<br \/>\nJetski ist eine besondere Aktivit\u00e4t, die in Fethiye die meiste Aufmerksamkeit auf sich zieht, aber nicht jeder wagt sich daran. Mit Jet Ski k\u00f6nnen Sie schnell durch klare Gew\u00e4sser gleiten, \u00fcber die Wellen springen, mit energischen Man\u00f6vern zum Herrscher der Meere werden und sich mit voller Geschwindigkeit dem endlos weiten Horizont entgegenbewegen. Jet-Ski, eines der Fahrzeuge, mit denen Sie reisen k\u00f6nnen, bietet eine sicherere Fahrm\u00f6glichkeit als der Motor, mit dem Sie auf dem Asphalt fahren. Wenn Sie in Marmaris einen Jetski mieten, sp\u00fcren Sie die K\u00fchle des Windes auf Ihrem Gesicht, w\u00e4hrend Sie durch das Meer gleiten, und k\u00f6nnen die sauberen Buchten um Sie herum erkunden, indem Sie wie im Traum in die Wellen st\u00fcrzen. Wenn Sie m\u00f6chten, k\u00f6nnen Sie das Marmaris Jet Ski-Erlebnis allein oder mit jemandem, den Sie lieben, teilen und die schnellsten Momente Ihres Urlaubs hautnah mit dem Jet Ski erleben, den Sie so oft mieten k\u00f6nnen, wie Sie m\u00f6chten.<\/p>\n\n\t\t<\/div>\n\t<\/div>\n\n\t<div class=\"wpb_raw_code wpb_raw_html wpb_content_element\" >\n\t\t<div class=\"wpb_wrapper\">\n\t\t\t<a href=\"\/de\/mustafa\/\" class=\"btn-whatsapp-pulse1 btn-whatsapp-pulse-border1\" target=\"_blank\">\n\t<i class=\"fab fa-whatsapp\"><\/i>\n<\/a>\n\n\n\n<style>\n.btn-whatsapp-pulse1 {\n\tz-index:9999;\n\tbackground: #25d366;\n\tcolor: white;\n\tposition: fixed;\n\n\tbottom: 100px;\n\tright: 20px;\n\tfont-size: 40px;\n\tdisplay: flex;\n\tjustify-content: center;\n\talign-items: center;\n\twidth: 0;\n\theight: 0;\n\tpadding: 35px;\n\ttext-decoration: none;\n\tborder-radius: 50%;\n\tanimation-name: pulse;\n\tanimation-duration: 1.5s;\n\tanimation-timing-function: ease-out;\n\tanimation-iteration-count: infinite;\n}\n\n<\/style>\n\n\t\t<\/div>\n\t<\/div>\n<\/div><\/div><\/div><\/div>\n<\/div>","protected":false},"excerpt":{"rendered":"<p>\ud83d\udd36 Im Preis inbegriffen:<\/p>\n<p>\ud83d\udd38 Inklusive Transport zum und vom Hotel<br \/>\n\ud83d\udd38 inklusive Reiseleiter<\/p>\n<p><span","protected":false},"featured_media":2554,"comment_status":"open","ping_status":"closed","template":"","meta":[],"product_cat":[84],"product_tag":[],"class_list":{"0":"post-2553","1":"product","2":"type-product","3":"status-publish","4":"has-post-thumbnail","6":"product_cat-84","8":"first","9":"instock","10":"shipping-taxable","11":"purchasable","12":"product-type-simple"},"_links":{"self":[{"href":"https:\/\/mousasky.com\/de\/wp-json\/wp\/v2\/product\/2553","targetHints":{"allow":["GET"]}}],"collection":[{"href":"https:\/\/mousasky.com\/de\/wp-json\/wp\/v2\/product"}],"about":[{"href":"https:\/\/mousasky.com\/de\/wp-json\/wp\/v2\/types\/product"}],"replies":[{"embeddable":true,"href":"https:\/\/mousasky.com\/de\/wp-json\/wp\/v2\/comments?post=2553"}],"wp:featuredmedia":[{"embeddable":true,"href":"https:\/\/mousasky.com\/de\/wp-json\/wp\/v2\/media\/2554"}],"wp:attachment":[{"href":"https:\/\/mousasky.com\/de\/wp-json\/wp\/v2\/media?parent=2553"}],"wp:term":[{"taxonomy":"product_cat","embeddable":true,"href":"https:\/\/mousasky.com\/de\/wp-json\/wp\/v2\/product_cat?post=2553"},{"taxonomy":"product_tag","embeddable":true,"href":"https:\/\/mousasky.com\/de\/wp-json\/wp\/v2\/product_tag?post=2553"}],"curies":[{"name":"wp","href":"https:\/\/api.w.org\/{rel}","templated":true}]}}