{"id":2544,"date":"2023-01-14T10:45:52","date_gmt":"2023-01-14T10:45:52","guid":{"rendered":"https:\/\/mousasky.com\/?post_type=product&#038;p=2544"},"modified":"2023-06-23T14:09:48","modified_gmt":"2023-06-23T14:09:48","slug":"%d8%b1%d8%ad%d9%80%d9%80%d9%80%d9%84%d8%a9-%d8%b1%d9%83%d9%88%d8%a8-%d8%a7%d9%84%d9%85%d9%88%d8%b2-%d9%81%d9%8a-%d9%81%d8%aa%d8%ad%d9%8a%d8%a9","status":"publish","type":"product","link":"https:\/\/mousasky.com\/de\/produkt\/\u0631\u062d\u0640\u0640\u0640\u0644\u0629-\u0631\u0643\u0648\u0628-\u0627\u0644\u0645\u0648\u0632-\u0641\u064a-\u0641\u062a\u062d\u064a\u0629\/","title":{"rendered":"Bananenfahrt in Fethiye"},"content":{"rendered":"<div class=\"wpb-content-wrapper\"><div class=\"vc_row wpb_row vc_row-fluid\"><div class=\"wpb_column vc_column_container vc_col-sm-12\"><div class=\"vc_column-inner\"><div class=\"wpb_wrapper\">\n\t<div class=\"wpb_text_column wpb_content_element\" >\n\t\t<div class=\"wpb_wrapper\">\n\t\t\t<p>\ud83d\udca2 Details zur Reise:<br \/>\nBananenaktivit\u00e4ten in Fethiye geh\u00f6ren unter den Wassersportarten an den Str\u00e4nden von Marmaris zu den unterhaltsamsten Gruppenaktivit\u00e4ten. Mit Bananen, der Lieblingsbesch\u00e4ftigung an den Str\u00e4nden, k\u00f6nnen Sie die sch\u00f6nsten Zeiten in Ihrem Urlaub in Fethiye erleben und die wunderbaren Momente erleben, die Sie mit Ihren Lieben auf Bananen verbringen werden, begleitet von Lachen. Der Bananenspa\u00df in Fethiye, der mit der Fahrt mit dem Schnellboot beginnt, vermittelt zun\u00e4chst das Gef\u00fchl, auf dem Wasser zu laufen. Sp\u00e4ter jedoch, wenn unser Kapit\u00e4n Gas gibt, werden Sie von den Man\u00f6vern des Schnellboots mitgerissen und Sie werden mit Freudenschreien ins Meer fallen, ohne zu merken, was passiert, \u00fcber die Bananen, die Sie in der Hand halten. dicht. Sie k\u00f6nnen mit Ihren Lieben wetten, wer zuerst f\u00e4llt, und f\u00fcr denjenigen, der steht, k\u00f6nnen Sie ein leckeres Eis bestellen.<\/p>\n\n\t\t<\/div>\n\t<\/div>\n\n\t<div class=\"wpb_raw_code wpb_raw_html wpb_content_element\" >\n\t\t<div class=\"wpb_wrapper\">\n\t\t\t<a href=\"\/de\/mustafa\/\" class=\"btn-whatsapp-pulse1 btn-whatsapp-pulse-border1\" target=\"_blank\">\n\t<i class=\"fab fa-whatsapp\"><\/i>\n<\/a>\n\n\n\n<style>\n.btn-whatsapp-pulse1 {\n\tz-index:9999;\n\tbackground: #25d366;\n\tcolor: white;\n\tposition: fixed;\n\n\tbottom: 100px;\n\tright: 20px;\n\tfont-size: 40px;\n\tdisplay: flex;\n\tjustify-content: center;\n\talign-items: center;\n\twidth: 0;\n\theight: 0;\n\tpadding: 35px;\n\ttext-decoration: none;\n\tborder-radius: 50%;\n\tanimation-name: pulse;\n\tanimation-duration: 1.5s;\n\tanimation-timing-function: ease-out;\n\tanimation-iteration-count: infinite;\n}\n\n<\/style>\n\n\t\t<\/div>\n\t<\/div>\n<\/div><\/div><\/div><\/div>\n<\/div>","protected":false},"excerpt":{"rendered":"<p>\ud83d\udd36 Im Preis inbegriffen:<\/p>\n<p>\ud83d\udd38 Inklusive Transport zum und vom Hotel<br \/>\n\ud83d\udd38 inklusive Reiseleiter<\/p>\n<p><span","protected":false},"featured_media":2545,"comment_status":"open","ping_status":"closed","template":"","meta":[],"product_cat":[84],"product_tag":[],"class_list":{"0":"post-2544","1":"product","2":"type-product","3":"status-publish","4":"has-post-thumbnail","6":"product_cat-84","8":"first","9":"instock","10":"shipping-taxable","11":"purchasable","12":"product-type-simple"},"_links":{"self":[{"href":"https:\/\/mousasky.com\/de\/wp-json\/wp\/v2\/product\/2544","targetHints":{"allow":["GET"]}}],"collection":[{"href":"https:\/\/mousasky.com\/de\/wp-json\/wp\/v2\/product"}],"about":[{"href":"https:\/\/mousasky.com\/de\/wp-json\/wp\/v2\/types\/product"}],"replies":[{"embeddable":true,"href":"https:\/\/mousasky.com\/de\/wp-json\/wp\/v2\/comments?post=2544"}],"wp:featuredmedia":[{"embeddable":true,"href":"https:\/\/mousasky.com\/de\/wp-json\/wp\/v2\/media\/2545"}],"wp:attachment":[{"href":"https:\/\/mousasky.com\/de\/wp-json\/wp\/v2\/media?parent=2544"}],"wp:term":[{"taxonomy":"product_cat","embeddable":true,"href":"https:\/\/mousasky.com\/de\/wp-json\/wp\/v2\/product_cat?post=2544"},{"taxonomy":"product_tag","embeddable":true,"href":"https:\/\/mousasky.com\/de\/wp-json\/wp\/v2\/product_tag?post=2544"}],"curies":[{"name":"wp","href":"https:\/\/api.w.org\/{rel}","templated":true}]}}