{"id":2534,"date":"2023-01-14T09:10:49","date_gmt":"2023-01-14T09:10:49","guid":{"rendered":"https:\/\/mousasky.com\/?post_type=product&#038;p=2534"},"modified":"2023-06-23T14:06:07","modified_gmt":"2023-06-23T14:06:07","slug":"%d8%b1%d8%ad%d9%80%d9%80%d9%80%d9%84%d8%a9-%d8%a7%d9%84%d9%82%d8%a7%d8%b1%d8%a8-%d8%a7%d9%84%d9%83%d8%a8%d9%8a%d8%b1-%d9%81%d9%8a-%d9%85%d8%b1%d9%85%d8%b1%d9%8a%d8%b3","status":"publish","type":"product","link":"https:\/\/mousasky.com\/de\/produkt\/\u0631\u062d\u0640\u0640\u0640\u0644\u0629-\u0627\u0644\u0642\u0627\u0631\u0628-\u0627\u0644\u0643\u0628\u064a\u0631-\u0641\u064a-\u0645\u0631\u0645\u0631\u064a\u0633\/","title":{"rendered":"Picknickausflug in Marmaris"},"content":{"rendered":"<div class=\"wpb-content-wrapper\"><div class=\"vc_row wpb_row vc_row-fluid\"><div class=\"wpb_column vc_column_container vc_col-sm-12\"><div class=\"vc_column-inner\"><div class=\"wpb_wrapper\">\n\t<div class=\"wpb_text_column wpb_content_element\" >\n\t\t<div class=\"wpb_wrapper\">\n\t\t\t<p>\ud83d\udca2 Details zur Reise:<br \/>\nBig Boss-Bootstour<br \/>\nUnsere unterhaltsame Ganztagestour beginnt. Wir bieten Ihnen eine unvergessliche Marmaris-Tour mit Pausen in den ber\u00fchmtesten Marmaris-Buchten.<br \/>\nBesuch der Insel Cennet Jede Pause, die wir bei der Big Boss Boat Tour einlegen, dauert durchschnittlich 30 Minuten.<br \/>\nBesuchen Sie die Phosphorh\u00f6hle mit ihrer wundervollen Sch\u00f6nheit und der Aussicht, die das Sonnenlicht in der H\u00f6hle reflektiert. Unser Boot liegt hier in der N\u00e4he der H\u00f6hle. Sie werden das Schwimmen im klaren Wasser genie\u00dfen.<br \/>\nWir besuchen Kumlubok Break am wundersch\u00f6nen Strand, machen eine Schwimmpause, machen einen Mittagsservice und besuchen die Stadt Turunc, wobei wir durchschnittlich 2 Stunden Freizeit haben. Einkaufsm\u00f6glichkeiten finden Sie in Turun\u00e7, einer der beliebtesten St\u00e4dte in Marmaris.<br \/>\nBesuchen Sie das Gr\u00fcne Meer, wo es seine G\u00e4ste mit einem wunderbaren Blick auf das Meer und dem Fehlen von Landtransporten \u00fcberrascht, die die ganze Sch\u00f6nheit der Natur bieten.<br \/>\nUnd zur\u00fcck, vorbei an der K\u00fcste von Icmeler, die \u00fcber die sch\u00f6nsten Buchten von Marmaris verf\u00fcgt<br \/>\n\ud83d\udff0\ud83d\udff0\ud83d\udff0\ud83d\udff0<br \/>\n\ud83d\udca2 Infos &amp; Tipps<br \/>\nUnser Boot auf der Big Boss-Tour ab Marmaris verf\u00fcgt \u00fcber 3 Decks und bietet Platz f\u00fcr etwa 135 Personen. Im Keller befinden sich Duschen, Umkleidekabinen und Toiletten. Auf der mittleren Etage haben wir ein Restaurant, eine Bar und Tische, auf der oberen Etage haben wir eine Bar, Sonnenliegen und private Bereiche, in denen Sie sich sonnen k\u00f6nnen. Auf unserem Boot ist auch kostenloses WLAN verf\u00fcgbar.<br \/>\nDiejenigen, die nicht schwimmen k\u00f6nnen, diejenigen, die sagen, dass sie sich nicht entspannen k\u00f6nnen, ohne den Boden zu ber\u00fchren, unsere lieben Kinder, keine Sorge, Sie k\u00f6nnen auf unserem Boot Schwimmwesten, Meeresnudeln und Schnorchel verwenden, so oft Sie m\u00f6chten<\/p>\n<div id=\"gtx-trans\" style=\"position: absolute; left: -65px; top: 376px;\">\n<div class=\"gtx-trans-icon\"><\/div>\n<\/div>\n\n\t\t<\/div>\n\t<\/div>\n<\/div><\/div><\/div><\/div><div class=\"vc_row wpb_row vc_row-fluid\"><div class=\"wpb_column vc_column_container vc_col-sm-12\"><div class=\"vc_column-inner\"><div class=\"wpb_wrapper\">\n\t<div class=\"wpb_raw_code wpb_raw_html wpb_content_element\" >\n\t\t<div class=\"wpb_wrapper\">\n\t\t\t<a href=\"\/de\/mustafa\/\" class=\"btn-whatsapp-pulse1 btn-whatsapp-pulse-border1\" target=\"_blank\">\n\t<i class=\"fab fa-whatsapp\"><\/i>\n<\/a>\n\n\n\n<style>\n.btn-whatsapp-pulse1 {\n\tz-index:9999;\n\tbackground: #25d366;\n\tcolor: white;\n\tposition: fixed;\n\n\tbottom: 100px;\n\tright: 20px;\n\tfont-size: 40px;\n\tdisplay: flex;\n\tjustify-content: center;\n\talign-items: center;\n\twidth: 0;\n\theight: 0;\n\tpadding: 35px;\n\ttext-decoration: none;\n\tborder-radius: 50%;\n\tanimation-name: pulse;\n\tanimation-duration: 1.5s;\n\tanimation-timing-function: ease-out;\n\tanimation-iteration-count: infinite;\n}\n\n<\/style>\n\t\t<\/div>\n\t<\/div>\n<\/div><\/div><\/div><\/div>\n<\/div>","protected":false},"excerpt":{"rendered":"<p>\ud83d\udd36 Im Preis inbegriffen:<\/p>\n<p>\ud83d\udd38 inklusive Mittagessen<br \/>\n\ud83d\udd38 Inklusive Seebootfahrt<br \/>\n\ud83d\udd38\u0634\u0627\u0645\u0644 \u0645\u0648\u0627\u0635\u0644\u0627\u062a \u0645\u0646 &#8230; <\/p>","protected":false},"featured_media":2539,"comment_status":"open","ping_status":"closed","template":"","meta":[],"product_cat":[86],"product_tag":[],"class_list":{"0":"post-2534","1":"product","2":"type-product","3":"status-publish","4":"has-post-thumbnail","6":"product_cat-86","8":"first","9":"instock","10":"shipping-taxable","11":"purchasable","12":"product-type-simple"},"_links":{"self":[{"href":"https:\/\/mousasky.com\/de\/wp-json\/wp\/v2\/product\/2534","targetHints":{"allow":["GET"]}}],"collection":[{"href":"https:\/\/mousasky.com\/de\/wp-json\/wp\/v2\/product"}],"about":[{"href":"https:\/\/mousasky.com\/de\/wp-json\/wp\/v2\/types\/product"}],"replies":[{"embeddable":true,"href":"https:\/\/mousasky.com\/de\/wp-json\/wp\/v2\/comments?post=2534"}],"wp:featuredmedia":[{"embeddable":true,"href":"https:\/\/mousasky.com\/de\/wp-json\/wp\/v2\/media\/2539"}],"wp:attachment":[{"href":"https:\/\/mousasky.com\/de\/wp-json\/wp\/v2\/media?parent=2534"}],"wp:term":[{"taxonomy":"product_cat","embeddable":true,"href":"https:\/\/mousasky.com\/de\/wp-json\/wp\/v2\/product_cat?post=2534"},{"taxonomy":"product_tag","embeddable":true,"href":"https:\/\/mousasky.com\/de\/wp-json\/wp\/v2\/product_tag?post=2534"}],"curies":[{"name":"wp","href":"https:\/\/api.w.org\/{rel}","templated":true}]}}