{"id":2525,"date":"2023-01-14T09:06:08","date_gmt":"2023-01-14T09:06:08","guid":{"rendered":"https:\/\/mousasky.com\/?post_type=product&#038;p=2525"},"modified":"2023-06-23T14:06:16","modified_gmt":"2023-06-23T14:06:16","slug":"%d8%b1%d8%ad%d9%80%d9%80%d9%80%d9%84%d8%a9-%d8%ac%d9%8a%d8%a8-%d8%a7%d9%84%d8%b3%d9%81%d8%a7%d8%b1%d9%8a-%d9%81%d9%8a-%d9%85%d8%b1%d9%85%d8%b1%d9%8a%d8%b3","status":"publish","type":"product","link":"https:\/\/mousasky.com\/de\/produkt\/\u0631\u062d\u0640\u0640\u0640\u0644\u0629-\u062c\u064a\u0628-\u0627\u0644\u0633\u0641\u0627\u0631\u064a-\u0641\u064a-\u0645\u0631\u0645\u0631\u064a\u0633\/","title":{"rendered":"Jeep-Safari in Marmaris"},"content":{"rendered":"<div class=\"wpb-content-wrapper\"><div class=\"vc_row wpb_row vc_row-fluid\"><div class=\"wpb_column vc_column_container vc_col-sm-12\"><div class=\"vc_column-inner\"><div class=\"wpb_wrapper\">\n\t<div class=\"wpb_text_column wpb_content_element\" >\n\t\t<div class=\"wpb_wrapper\">\n\t\t\t<p>\ud83d\udca2 Details zur Reise:<br \/>\nEine unterhaltsame Aktivit\u00e4t, bei der Sie den k\u00f6stlichen Duft der Kiefern einatmen und durch W\u00e4lder und Wasserf\u00e4lle wandern k\u00f6nnen.<br \/>\nBei der Marmaris Jeep Safari Tour, die in sehr komfortablen und sicheren 4\u00d74-Safari-Jeep-Fahrzeugen f\u00fcr 8 oder 12 Personen stattfindet, werden Sie w\u00e4hrend Ihrer Reise, die in den fr\u00fchen Morgenstunden beginnt, \u00fcber Fl\u00fcsse und andere Orte f\u00fchrt, sehr schmutzig Machen Sie eine adrenalingeladene und abenteuerliche Reise zu den sch\u00f6nsten Gegenden: Marmaris.<br \/>\nDar\u00fcber hinaus verbringen Sie im Safari-Jeep einen fantastischen Tag mit professionellen Wasserpistolen, die Sie zu einem sehr g\u00fcnstigen Preis mieten k\u00f6nnen, und Wasserschlachten mit den G\u00e4sten in anderen Safari-Jeeps im Wohnwagen. Die Marmaris Jeep Safari Tour beginnt zun\u00e4chst auf bewaldeten Stra\u00dfen und f\u00fchrt weiter zu Fl\u00fcssen und mit Kiefern bedeckten H\u00fcgeln von Marmaris, die bei Offroad-Enthusiasten beliebt sind. Sie werden nicht genug davon bekommen k\u00f6nnen, die Sch\u00f6nheit der Natur zu fotografieren, und Sie werden die sch\u00f6nsten Ausblicke mit Leichtigkeit genie\u00dfen k\u00f6nnen. Auf dieser Etappe der Tour wird es eine Pause geben, die mit den Turgutlu-Wasserf\u00e4llen fortgesetzt wird. Wenn Sie m\u00f6chten, k\u00f6nnen Sie in den gro\u00dfen und kleinen Wasserfallbecken entspannen, die sich Schicht f\u00fcr Schicht erstrecken, oder Sie k\u00f6nnen das im Jeep-Safari-Geb\u00fchr enthaltene Mittagessen im Restaurant genie\u00dfen, das in die K\u00fchle des Wasserfalls eingebaut ist. Nach dem Mittagessen gehen wir zu Kizkomo-Strand in Orhani. Sie k\u00f6nnen schwimmen, sich sonnen und die Sch\u00f6nheit der Umgebung genie\u00dfen, w\u00e4hrend Sie sich am Kizkomo-Strand ausruhen, was hier das Interessanteste ist und das Gef\u00fchl vermittelt, auf dem Meer zu spazieren.<br \/>\n\ud83d\udff0\ud83d\udff0\ud83d\udff0\ud83d\udff0\ud83d\udff0\ud83d\udff0\ud83d\udff0<br \/>\n\ud83d\udca2 Informationen zu einer Reise<br \/>\nMan muss darauf achten, den ganzen Tag ohne Probleme zu \u00fcberstehen. Vergessen Sie bei der Vorbereitung einer Safari-Jeep-Tour nicht, Ihren eigenen Jeep mitzubringen<br \/>\nHut\/Sonnenbrille\/Sonnencreme<br \/>\nHandtuch\/Badeanzug und T-Shirt<br \/>\nBequeme, nasse Schuhe<\/p>\n\n\t\t<\/div>\n\t<\/div>\n\n\t<div class=\"wpb_raw_code wpb_raw_html wpb_content_element\" >\n\t\t<div class=\"wpb_wrapper\">\n\t\t\t<a href=\"\/de\/mustafa\/\" class=\"btn-whatsapp-pulse1 btn-whatsapp-pulse-border1\" target=\"_blank\">\n\t<i class=\"fab fa-whatsapp\"><\/i>\n<\/a>\n\n\n\n<style>\n.btn-whatsapp-pulse1 {\n\tz-index:9999;\n\tbackground: #25d366;\n\tcolor: white;\n\tposition: fixed;\n\n\tbottom: 100px;\n\tright: 20px;\n\tfont-size: 40px;\n\tdisplay: flex;\n\tjustify-content: center;\n\talign-items: center;\n\twidth: 0;\n\theight: 0;\n\tpadding: 35px;\n\ttext-decoration: none;\n\tborder-radius: 50%;\n\tanimation-name: pulse;\n\tanimation-duration: 1.5s;\n\tanimation-timing-function: ease-out;\n\tanimation-iteration-count: infinite;\n}\n\n<\/style>\n\t\t<\/div>\n\t<\/div>\n<\/div><\/div><\/div><\/div>\n<\/div>","protected":false},"excerpt":{"rendered":"<p>\ud83d\udd36 Im Preis inbegriffen:<\/p>\n<p>\ud83d\udd38 inklusive Mittagessen<br \/>\n\ud83d\udd38 Inklusive Safari-Jeep-Fahrten<br \/>\n\ud83d\udd38\u0634\u0627\u0645\u0644 \u0645\u0648\u0627\u0635\u0644\u0627\u062a \u0645\u0646 &#8230; <\/p>","protected":false},"featured_media":2530,"comment_status":"open","ping_status":"closed","template":"","meta":[],"product_cat":[86],"product_tag":[],"class_list":{"0":"post-2525","1":"product","2":"type-product","3":"status-publish","4":"has-post-thumbnail","6":"product_cat-86","8":"first","9":"instock","10":"shipping-taxable","11":"purchasable","12":"product-type-simple"},"_links":{"self":[{"href":"https:\/\/mousasky.com\/de\/wp-json\/wp\/v2\/product\/2525","targetHints":{"allow":["GET"]}}],"collection":[{"href":"https:\/\/mousasky.com\/de\/wp-json\/wp\/v2\/product"}],"about":[{"href":"https:\/\/mousasky.com\/de\/wp-json\/wp\/v2\/types\/product"}],"replies":[{"embeddable":true,"href":"https:\/\/mousasky.com\/de\/wp-json\/wp\/v2\/comments?post=2525"}],"wp:featuredmedia":[{"embeddable":true,"href":"https:\/\/mousasky.com\/de\/wp-json\/wp\/v2\/media\/2530"}],"wp:attachment":[{"href":"https:\/\/mousasky.com\/de\/wp-json\/wp\/v2\/media?parent=2525"}],"wp:term":[{"taxonomy":"product_cat","embeddable":true,"href":"https:\/\/mousasky.com\/de\/wp-json\/wp\/v2\/product_cat?post=2525"},{"taxonomy":"product_tag","embeddable":true,"href":"https:\/\/mousasky.com\/de\/wp-json\/wp\/v2\/product_tag?post=2525"}],"curies":[{"name":"wp","href":"https:\/\/api.w.org\/{rel}","templated":true}]}}