{"id":2516,"date":"2023-01-14T09:02:22","date_gmt":"2023-01-14T09:02:22","guid":{"rendered":"https:\/\/mousasky.com\/?post_type=product&#038;p=2516"},"modified":"2023-06-23T14:06:18","modified_gmt":"2023-06-23T14:06:18","slug":"%d8%b1%d8%ad%d9%80%d9%80%d9%80%d9%84%d8%a9-%d8%a7%d9%84%d9%85%d9%8a%d8%aa%d9%88%d8%b1%d8%a7%d8%aa-%d8%a7%d9%84%d8%b3%d9%81%d8%a7%d8%b1%d9%8a-atv-%d9%81%d9%8a-%d9%85%d8%b1%d9%85%d8%b1%d9%8a%d8%b3","status":"publish","type":"product","link":"https:\/\/mousasky.com\/de\/produkt\/\u0631\u062d\u0640\u0640\u0640\u0644\u0629-\u0627\u0644\u0645\u064a\u062a\u0648\u0631\u0627\u062a-\u0627\u0644\u0633\u0641\u0627\u0631\u064a-atv-\u0641\u064a-\u0645\u0631\u0645\u0631\u064a\u0633\/","title":{"rendered":"Almiturat-Safari-Ausflug in Marmaris"},"content":{"rendered":"<p>\ud83d\udca2 Details zur Reise:<br \/>\nDie Marmaris ATV Safari-Tour besteht aus zwei Etappen. In der ersten Etappe fahren Sie 45 Minuten lang auf den Gleisen in den Waldgebieten von Marmaris, \u00fcberqueren die Fl\u00fcsse, in denen das Wasser tost, und genie\u00dfen eine unterhaltsame Fahrt auf den schlammigen Stra\u00dfen von Marmaris.<br \/>\nIn der zweiten Etappe der ATV-Safari-Tour verbinden Sie Adrenalin, Abenteuer und Spa\u00df auf den Strecken, wo Sie den Spa\u00df vom h\u00f6chsten Punkt aus, auf Sprungrampen, schlammigen Becken und Wasserf\u00e4llen erleben k\u00f6nnen. Am Ende der ATV-Safari-Tour werden Sie Gelegenheiten erleben, die Ihnen immer in Erinnerung bleiben werden.<br \/>\n\ud83d\udff0\ud83d\udff0\ud83d\udff0\ud83d\udff0\ud83d\udff0\ud83d\udff0\ud83d\udff0<br \/>\n\ud83d\udca2 Informationen zu einer Reise<br \/>\nWenn Sie an der ATV-Safari-Tour in Marmaris teilnehmen, sollten Sie sich dar\u00fcber im Klaren sein, dass Sie sich auf unwegsamem Gel\u00e4nde bewegen und nicht vermeiden k\u00f6nnen, dass Sie w\u00e4hrend der ATV-Safari-Tour schmutzig werden. Das hei\u00dft aber nicht, dass Sie keinen Spa\u00df haben werden. Wir m\u00f6chten Sie daran erinnern, dass Sie die ATV-Safari-Aktivit\u00e4t in vollen Z\u00fcgen genie\u00dfen k\u00f6nnen. Vergessen Sie bei der Vorbereitung auf das ATV-Safari-Event nicht, die folgende Ausr\u00fcstung mitzubringen, die Ihnen helfen wird:<br \/>\nHut\/Sonnenbrille\/Sonnencreme<br \/>\nErsatzhandtuch\/Badebekleidung<\/p>","protected":false},"excerpt":{"rendered":"<p>\ud83d\udd36 Im Preis inbegriffen:<br \/>\n\ud83d\udd38 Inklusive Transport zum und vom Hotel<br \/>\n\ud83d\udd38 inklusive Reiseleiter<\/p>\n<p><span","protected":false},"featured_media":2517,"comment_status":"open","ping_status":"closed","template":"","meta":[],"product_cat":[86],"product_tag":[],"class_list":{"0":"post-2516","1":"product","2":"type-product","3":"status-publish","4":"has-post-thumbnail","6":"product_cat-86","8":"first","9":"instock","10":"shipping-taxable","11":"purchasable","12":"product-type-simple"},"_links":{"self":[{"href":"https:\/\/mousasky.com\/de\/wp-json\/wp\/v2\/product\/2516","targetHints":{"allow":["GET"]}}],"collection":[{"href":"https:\/\/mousasky.com\/de\/wp-json\/wp\/v2\/product"}],"about":[{"href":"https:\/\/mousasky.com\/de\/wp-json\/wp\/v2\/types\/product"}],"replies":[{"embeddable":true,"href":"https:\/\/mousasky.com\/de\/wp-json\/wp\/v2\/comments?post=2516"}],"wp:featuredmedia":[{"embeddable":true,"href":"https:\/\/mousasky.com\/de\/wp-json\/wp\/v2\/media\/2517"}],"wp:attachment":[{"href":"https:\/\/mousasky.com\/de\/wp-json\/wp\/v2\/media?parent=2516"}],"wp:term":[{"taxonomy":"product_cat","embeddable":true,"href":"https:\/\/mousasky.com\/de\/wp-json\/wp\/v2\/product_cat?post=2516"},{"taxonomy":"product_tag","embeddable":true,"href":"https:\/\/mousasky.com\/de\/wp-json\/wp\/v2\/product_tag?post=2516"}],"curies":[{"name":"wp","href":"https:\/\/api.w.org\/{rel}","templated":true}]}}