{"id":2507,"date":"2023-01-14T08:59:03","date_gmt":"2023-01-14T08:59:03","guid":{"rendered":"https:\/\/mousasky.com\/?post_type=product&#038;p=2507"},"modified":"2023-06-23T14:06:20","modified_gmt":"2023-06-23T14:06:20","slug":"%d8%b1%d8%ad%d9%80%d9%80%d9%80%d9%84%d8%a9-%d8%a7%d9%84%d8%ad%d9%85%d8%a7%d9%85-%d8%a7%d9%84%d8%aa%d8%b1%d9%83%d9%8a-%d9%81%d9%8a-%d9%85%d8%b1%d9%85%d8%b1%d9%8a%d8%b3","status":"publish","type":"product","link":"https:\/\/mousasky.com\/de\/produkt\/\u0631\u062d\u0640\u0640\u0640\u0644\u0629-\u0627\u0644\u062d\u0645\u0627\u0645-\u0627\u0644\u062a\u0631\u0643\u064a-\u0641\u064a-\u0645\u0631\u0645\u0631\u064a\u0633\/","title":{"rendered":"T\u00fcrkischer Badeausflug in Marmaris"},"content":{"rendered":"<div class=\"wpb-content-wrapper\"><div class=\"vc_row wpb_row vc_row-fluid\"><div class=\"wpb_column vc_column_container vc_col-sm-12\"><div class=\"vc_column-inner\"><div class=\"wpb_wrapper\">\n\t<div class=\"wpb_text_column wpb_content_element\" >\n\t\t<div class=\"wpb_wrapper\">\n\t\t\t<p>\ud83d\udca2 Details zur Reise:<br \/>\nSie baden im hei\u00dfen Wasser, das aus den Becken zwischen den gefliesten W\u00e4nden flie\u00dft, regenerieren Ihren K\u00f6rper in verschiedenen Massager\u00e4umen, schwimmen vergn\u00fcgt in den Pools der modernen Einrichtungen und betreten die Saunen, was ein anderer Name f\u00fcr die Finnen ist Durch die B\u00e4der werden Sie gut schwitzen und tief sp\u00fcren, wie sich jeder Teil Ihres K\u00f6rpers in der W\u00e4rme entspannt<br \/>\nDie Marmaris-T\u00fcrkische-Bad-Tour ist eine wichtige Aktivit\u00e4t, um sich zu entspannen und jeden Moment zu genie\u00dfen. Nach der Zeit, die Sie auf dem Nabelstein verbringen, k\u00f6nnen Sie sich von Profis aufsch\u00e4umen und massieren lassen.<br \/>\nSaunabad, Steinheizung, Schaummassage<br \/>\n\u00d6l Massage<br \/>\nZu Beginn der angenehmen Zeit, die Sie mit Ihren Lieben oder allein in unseren Einrichtungen in Marmaris verbringen werden, die den komfortabelsten Service bieten, hei\u00dft Sie das fachkundige Personal von Yagna Tourism willkommen und versorgt Sie gerne mit allem, was Sie w\u00fcnschen w\u00e4hrend einer t\u00fcrkischen Badtour in Marmaris.<br \/>\n\ud83d\udff0\ud83d\udff0\ud83d\udff0\ud83d\udff0\ud83d\udff0\ud83d\udff0\ud83d\udff0<br \/>\n\ud83d\udca2 Informationen zu einer Reise<br \/>\nWir bitten unsere G\u00e4ste, die Beschwerden wie Herz-Kreislauf-Erkrankungen haben, ihren Arzt zu konsultieren, bevor sie an der Marmaris Turkish Bath Tour teilnehmen. Dar\u00fcber hinaus m\u00f6chten wir Sie an Folgendes erinnern: Sie werden einen angenehmen Tag haben, wenn Sie diese mitbringen. Wenn Sie kommen: Handt\u00fccher, Badebekleidung und Hausschuhe, die auf nassen B\u00f6den nicht verrutschen<\/p>\n\n\t\t<\/div>\n\t<\/div>\n\n\t<div class=\"wpb_raw_code wpb_raw_html wpb_content_element\" >\n\t\t<div class=\"wpb_wrapper\">\n\t\t\t<a href=\"\/de\/mustafa\/\" class=\"btn-whatsapp-pulse1 btn-whatsapp-pulse-border1\" target=\"_blank\">\n\t<i class=\"fab fa-whatsapp\"><\/i>\n<\/a>\n\n\n\n<style>\n.btn-whatsapp-pulse1 {\n\tz-index:9999;\n\tbackground: #25d366;\n\tcolor: white;\n\tposition: fixed;\n\n\tbottom: 100px;\n\tright: 20px;\n\tfont-size: 40px;\n\tdisplay: flex;\n\tjustify-content: center;\n\talign-items: center;\n\twidth: 0;\n\theight: 0;\n\tpadding: 35px;\n\ttext-decoration: none;\n\tborder-radius: 50%;\n\tanimation-name: pulse;\n\tanimation-duration: 1.5s;\n\tanimation-timing-function: ease-out;\n\tanimation-iteration-count: infinite;\n}\n\n<\/style>\n\t\t<\/div>\n\t<\/div>\n<\/div><\/div><\/div><\/div>\n<\/div>","protected":false},"excerpt":{"rendered":"<p>\ud83d\udd36 Im Preis inbegriffen:<br \/>\n\ud83d\udd38 Inklusive Transport zum und vom Hotel<\/p>\n<p><span","protected":false},"featured_media":2508,"comment_status":"open","ping_status":"closed","template":"","meta":[],"product_cat":[86],"product_tag":[],"class_list":{"0":"post-2507","1":"product","2":"type-product","3":"status-publish","4":"has-post-thumbnail","6":"product_cat-86","8":"first","9":"instock","10":"shipping-taxable","11":"purchasable","12":"product-type-simple"},"_links":{"self":[{"href":"https:\/\/mousasky.com\/de\/wp-json\/wp\/v2\/product\/2507","targetHints":{"allow":["GET"]}}],"collection":[{"href":"https:\/\/mousasky.com\/de\/wp-json\/wp\/v2\/product"}],"about":[{"href":"https:\/\/mousasky.com\/de\/wp-json\/wp\/v2\/types\/product"}],"replies":[{"embeddable":true,"href":"https:\/\/mousasky.com\/de\/wp-json\/wp\/v2\/comments?post=2507"}],"wp:featuredmedia":[{"embeddable":true,"href":"https:\/\/mousasky.com\/de\/wp-json\/wp\/v2\/media\/2508"}],"wp:attachment":[{"href":"https:\/\/mousasky.com\/de\/wp-json\/wp\/v2\/media?parent=2507"}],"wp:term":[{"taxonomy":"product_cat","embeddable":true,"href":"https:\/\/mousasky.com\/de\/wp-json\/wp\/v2\/product_cat?post=2507"},{"taxonomy":"product_tag","embeddable":true,"href":"https:\/\/mousasky.com\/de\/wp-json\/wp\/v2\/product_tag?post=2507"}],"curies":[{"name":"wp","href":"https:\/\/api.w.org\/{rel}","templated":true}]}}