{"id":2498,"date":"2023-01-14T08:54:32","date_gmt":"2023-01-14T08:54:32","guid":{"rendered":"https:\/\/mousasky.com\/?post_type=product&#038;p=2498"},"modified":"2023-06-23T14:06:21","modified_gmt":"2023-06-23T14:06:21","slug":"%d8%b1%d8%ad%d9%80%d9%80%d9%80%d9%84%d8%a9-%d8%a7%d9%84%d8%a8%d9%88%d8%ac%d9%8a-%d8%a7%d9%84%d8%b3%d9%81%d8%a7%d8%b1%d9%8a-%d9%81%d9%8a-%d9%85%d8%b1%d9%85%d8%b1%d9%8a%d8%b3","status":"publish","type":"product","link":"https:\/\/mousasky.com\/de\/produkt\/\u0631\u062d\u0640\u0640\u0640\u0644\u0629-\u0627\u0644\u0628\u0648\u062c\u064a-\u0627\u0644\u0633\u0641\u0627\u0631\u064a-\u0641\u064a-\u0645\u0631\u0645\u0631\u064a\u0633\/","title":{"rendered":"Safari-Buggy-Reise in Marmaris"},"content":{"rendered":"<div class=\"wpb-content-wrapper\"><div class=\"vc_row wpb_row vc_row-fluid\"><div class=\"wpb_column vc_column_container vc_col-sm-12\"><div class=\"vc_column-inner\"><div class=\"wpb_wrapper\">\n\t<div class=\"wpb_text_column wpb_content_element\" >\n\t\t<div class=\"wpb_wrapper\">\n\t\t\t<p>\ud83d\udca2 Details zur Reise:<br \/>\nDie Vorbereitungsphase f\u00fcr die Buggy-Safari-Tour<br \/>\nDie Buggy-Safari-Tour in Marmaris dauert ca. 3 Stunden. Wenn Sie das Gebiet erreichen, in dem die Buggy-Safari-Tour stattfinden wird, hei\u00dfen Sie unsere Instruktoren willkommen und geben Ihnen kurze Informationen zu den Routen und Fahrzeugen der Buggy-Safari. W\u00e4hrend unseres Tourprogramms, das Sie Sie werden mit Ihrer eigenen Buggy-Safari, begleitet von der wundervollen Natur und Landschaft, das Wunderbare von Marmaris erleben, die umliegenden historischen Texturen erreichen und mit den Ger\u00e4uschen des Lachens, die Sie machen, bleibende Spuren voller Gl\u00fcck in der friedlichen Natur von Marmaris hinterlassen mit deinen Liebsten.<br \/>\n\ud83d\udff0\ud83d\udff0\ud83d\udff0\ud83d\udff0\ud83d\udff0\ud83d\udff0\ud83d\udff0<br \/>\n\ud83d\udca2 Informationen zu einer Reise<br \/>\n\u00dcber die Buggy-Safari-Tour in Marmaris<br \/>\nW\u00e4hrend Sie gemeinsam die abenteuerlichen Momente der Marmaris Buggy Safari Tour erleben, m\u00fcssen einige Vorsichtsma\u00dfnahmen getroffen werden. Unsere Instruktoren und Guides achten bei Ihrer Buggy-Safari-Tour auf gr\u00f6\u00dftm\u00f6gliche Sicherheit. Wir m\u00f6chten Sie jedoch an einige wichtige und notwendige Informationen erinnern, damit Sie w\u00e4hrend einer Tour keine Kompromisse bei Ihrer Unterhaltung eingehen<br \/>\nWir empfehlen Ihnen, die folgende Ausr\u00fcstung nicht zu vergessen, die Ihnen Komfort bietet und das Vergn\u00fcgen steigert<br \/>\nHut\/Sonnenbrille\/Sonnencreme<br \/>\nErsatzhandtuch\/Badebekleidung<\/p>\n\n\t\t<\/div>\n\t<\/div>\n\n\t<div class=\"wpb_raw_code wpb_raw_html wpb_content_element\" >\n\t\t<div class=\"wpb_wrapper\">\n\t\t\t<a href=\"\/de\/mustafa\/\" class=\"btn-whatsapp-pulse1 btn-whatsapp-pulse-border1\" target=\"_blank\">\n\t<i class=\"fab fa-whatsapp\"><\/i>\n<\/a>\n\n\n\n<style>\n.btn-whatsapp-pulse1 {\n\tz-index:9999;\n\tbackground: #25d366;\n\tcolor: white;\n\tposition: fixed;\n\n\tbottom: 100px;\n\tright: 20px;\n\tfont-size: 40px;\n\tdisplay: flex;\n\tjustify-content: center;\n\talign-items: center;\n\twidth: 0;\n\theight: 0;\n\tpadding: 35px;\n\ttext-decoration: none;\n\tborder-radius: 50%;\n\tanimation-name: pulse;\n\tanimation-duration: 1.5s;\n\tanimation-timing-function: ease-out;\n\tanimation-iteration-count: infinite;\n}\n\n<\/style>\n\t\t<\/div>\n\t<\/div>\n<\/div><\/div><\/div><\/div>\n<\/div>","protected":false},"excerpt":{"rendered":"<p>\ud83d\udd36 Im Preis inbegriffen:<br \/>\n\ud83d\udd38 Inklusive Transport zum und vom Hotel<br \/>\n\ud83d\udd38 inklusive Reiseleiter<\/p>\n<p><span","protected":false},"featured_media":2499,"comment_status":"open","ping_status":"closed","template":"","meta":[],"product_cat":[86],"product_tag":[],"class_list":{"0":"post-2498","1":"product","2":"type-product","3":"status-publish","4":"has-post-thumbnail","6":"product_cat-86","8":"first","9":"instock","10":"shipping-taxable","11":"purchasable","12":"product-type-simple"},"_links":{"self":[{"href":"https:\/\/mousasky.com\/de\/wp-json\/wp\/v2\/product\/2498","targetHints":{"allow":["GET"]}}],"collection":[{"href":"https:\/\/mousasky.com\/de\/wp-json\/wp\/v2\/product"}],"about":[{"href":"https:\/\/mousasky.com\/de\/wp-json\/wp\/v2\/types\/product"}],"replies":[{"embeddable":true,"href":"https:\/\/mousasky.com\/de\/wp-json\/wp\/v2\/comments?post=2498"}],"wp:featuredmedia":[{"embeddable":true,"href":"https:\/\/mousasky.com\/de\/wp-json\/wp\/v2\/media\/2499"}],"wp:attachment":[{"href":"https:\/\/mousasky.com\/de\/wp-json\/wp\/v2\/media?parent=2498"}],"wp:term":[{"taxonomy":"product_cat","embeddable":true,"href":"https:\/\/mousasky.com\/de\/wp-json\/wp\/v2\/product_cat?post=2498"},{"taxonomy":"product_tag","embeddable":true,"href":"https:\/\/mousasky.com\/de\/wp-json\/wp\/v2\/product_tag?post=2498"}],"curies":[{"name":"wp","href":"https:\/\/api.w.org\/{rel}","templated":true}]}}