{"id":2489,"date":"2023-01-14T08:50:35","date_gmt":"2023-01-14T08:50:35","guid":{"rendered":"https:\/\/mousasky.com\/?post_type=product&#038;p=2489"},"modified":"2023-06-23T14:06:24","modified_gmt":"2023-06-23T14:06:24","slug":"%d8%b1%d8%ad%d9%80%d9%80%d9%80%d9%84%d8%a9-%d8%b3%d9%81%d9%8a%d9%86%d8%a9-%d8%a7%d9%84%d9%82%d8%b1%d8%a7%d8%b5%d9%86%d8%a9-%d9%81%d9%8a-%d9%85%d8%b1%d9%85%d8%b1%d9%8a%d8%b3","status":"publish","type":"product","link":"https:\/\/mousasky.com\/de\/produkt\/\u0631\u062d\u0640\u0640\u0640\u0644\u0629-\u0633\u0641\u064a\u0646\u0629-\u0627\u0644\u0642\u0631\u0627\u0635\u0646\u0629-\u0641\u064a-\u0645\u0631\u0645\u0631\u064a\u0633\/","title":{"rendered":"Piratenschifffahrt in Marmaris"},"content":{"rendered":"<div class=\"wpb-content-wrapper\"><div class=\"vc_row wpb_row vc_row-fluid\"><div class=\"wpb_column vc_column_container vc_col-sm-12\"><div class=\"vc_column-inner\"><div class=\"wpb_wrapper\">\n\t<div class=\"wpb_text_column wpb_content_element\" >\n\t\t<div class=\"wpb_wrapper\">\n\t\t\t<p>\ud83d\udca2 Details zur Reise:<br \/>\nMarmaris-Piratenboot-Tourprogramm<br \/>\nSie werden durch die herrliche Natur und Umgebung an Orte transportiert, die mit Fahrzeugen nur schwer zu erreichen sind, und Sie werden einen unvergesslichen Tag mit Aktivit\u00e4ten an Bord des Piratenschiffs verbringen.<br \/>\nW\u00e4hrend die Piratenflagge auf dem Boot weht, machen Sie Halt an den sch\u00f6nsten Str\u00e4nden von Marmaris und entdecken die historischen Orte an den Str\u00e4nden mit einer langen Geschichte in Form eines Piraten neu. W\u00e4hrend der Tour werden verschiedene unterhaltsame Aktivit\u00e4ten angeboten warten auf Sie. Die sch\u00f6nsten davon sind: Schaumparty-Funshows, animierte DJ-Shows<br \/>\n\ud83d\udff0\ud83d\udff0\ud83d\udff0\ud83d\udff0\ud83d\udff0\ud83d\udff0<br \/>\n\ud83d\udca2 Verschiedene Unterhaltungsaktivit\u00e4ten f\u00fcr Kinder<br \/>\nDas Boot, in dem die Tour stattfindet, ist sehr komfortabel und komplett ausgestattet, es gibt eine Bar, Toilette, Duschbereiche, Sonnenliegen und Liegefl\u00e4chen f\u00fcr jeden Gast. Die Hauptbuchten, die wir mit der Marmaris Pirate Boat Tour besuchen werden, sind: folgt;<br \/>\nParadiesinsel und Phosphorh\u00f6hle (Dilek-H\u00f6hle)<br \/>\nAquarium Cove, Kumlubuk und das Gr\u00fcne Meer<br \/>\nDie Dauer betr\u00e4gt ca. 6 Stunden, Sie werden in Schaumstoff geh\u00fcllt, tanzen zu DJ-Auftritten und genie\u00dfen einen party\u00e4hnlichen Tag mit verschiedenen Animationsshows.<br \/>\n\ud83d\udff0\ud83d\udff0\ud83d\udff0\ud83d\udff0\ud83d\udff0\ud83d\udff0\ud83d\udff0<br \/>\n\ud83d\udca2 Informationen zur Reise<br \/>\nEs dauert 6 Stunden und Sie betreten die Welt der Piratenunterhaltung. Wir empfehlen Ihnen, Dinge mitzubringen<br \/>\nHut\/Sonnenbrille\/Sonnencreme<br \/>\nDoppeltes Handtuch\/Ersatzbadebekleidung\/Hausschuhe\/Schnorchel\/Seebrille\/Flossen<br \/>\nund leichte Kleidung\/Kamera<\/p>\n\n\t\t<\/div>\n\t<\/div>\n\n\t<div class=\"wpb_raw_code wpb_raw_html wpb_content_element\" >\n\t\t<div class=\"wpb_wrapper\">\n\t\t\t<a href=\"\/de\/mustafa\/\" class=\"btn-whatsapp-pulse1 btn-whatsapp-pulse-border1\" target=\"_blank\">\n\t<i class=\"fab fa-whatsapp\"><\/i>\n<\/a>\n\n\n\n<style>\n.btn-whatsapp-pulse1 {\n\tz-index:9999;\n\tbackground: #25d366;\n\tcolor: white;\n\tposition: fixed;\n\n\tbottom: 100px;\n\tright: 20px;\n\tfont-size: 40px;\n\tdisplay: flex;\n\tjustify-content: center;\n\talign-items: center;\n\twidth: 0;\n\theight: 0;\n\tpadding: 35px;\n\ttext-decoration: none;\n\tborder-radius: 50%;\n\tanimation-name: pulse;\n\tanimation-duration: 1.5s;\n\tanimation-timing-function: ease-out;\n\tanimation-iteration-count: infinite;\n}\n\n<\/style>\n\t\t<\/div>\n\t<\/div>\n<\/div><\/div><\/div><\/div>\n<\/div>","protected":false},"excerpt":{"rendered":"<p>\ud83d\udd36 Im Preis inbegriffen:<br \/>\n\ud83d\udd38 inklusive Mittagessen<br \/>\n\ud83d\udd38 Inklusive Piratenschifffahrten<br \/>\n\ud83d\udd38\u0634\u0627\u0645\u0644 \u0645\u0648\u0627\u0635\u0644\u0627\u062a \u0645\u0646 &#8230; <\/p>","protected":false},"featured_media":2490,"comment_status":"open","ping_status":"closed","template":"","meta":[],"product_cat":[86],"product_tag":[],"class_list":{"0":"post-2489","1":"product","2":"type-product","3":"status-publish","4":"has-post-thumbnail","6":"product_cat-86","8":"first","9":"instock","10":"shipping-taxable","11":"purchasable","12":"product-type-simple"},"_links":{"self":[{"href":"https:\/\/mousasky.com\/de\/wp-json\/wp\/v2\/product\/2489","targetHints":{"allow":["GET"]}}],"collection":[{"href":"https:\/\/mousasky.com\/de\/wp-json\/wp\/v2\/product"}],"about":[{"href":"https:\/\/mousasky.com\/de\/wp-json\/wp\/v2\/types\/product"}],"replies":[{"embeddable":true,"href":"https:\/\/mousasky.com\/de\/wp-json\/wp\/v2\/comments?post=2489"}],"wp:featuredmedia":[{"embeddable":true,"href":"https:\/\/mousasky.com\/de\/wp-json\/wp\/v2\/media\/2490"}],"wp:attachment":[{"href":"https:\/\/mousasky.com\/de\/wp-json\/wp\/v2\/media?parent=2489"}],"wp:term":[{"taxonomy":"product_cat","embeddable":true,"href":"https:\/\/mousasky.com\/de\/wp-json\/wp\/v2\/product_cat?post=2489"},{"taxonomy":"product_tag","embeddable":true,"href":"https:\/\/mousasky.com\/de\/wp-json\/wp\/v2\/product_tag?post=2489"}],"curies":[{"name":"wp","href":"https:\/\/api.w.org\/{rel}","templated":true}]}}