{"id":2480,"date":"2023-01-14T08:47:24","date_gmt":"2023-01-14T08:47:24","guid":{"rendered":"https:\/\/mousasky.com\/?post_type=product&#038;p=2480"},"modified":"2023-06-23T14:06:30","modified_gmt":"2023-06-23T14:06:30","slug":"%d8%b1%d8%ad%d9%80%d9%80%d9%80%d9%84%d8%a9-%d8%a7%d9%84%d8%ba%d9%88%d8%b5-%d9%81%d9%8a-%d9%85%d8%b1%d9%85%d8%b1%d9%8a%d8%b3","status":"publish","type":"product","link":"https:\/\/mousasky.com\/de\/produkt\/\u0631\u062d\u0640\u0640\u0640\u0644\u0629-\u0627\u0644\u063a\u0648\u0635-\u0641\u064a-\u0645\u0631\u0645\u0631\u064a\u0633\/","title":{"rendered":"Tauchausflug in Marmaris"},"content":{"rendered":"<div class=\"wpb-content-wrapper\"><div class=\"vc_row wpb_row vc_row-fluid\"><div class=\"wpb_column vc_column_container vc_col-sm-12\"><div class=\"vc_column-inner\"><div class=\"wpb_wrapper\">\n\t<div class=\"wpb_text_column wpb_content_element\" >\n\t\t<div class=\"wpb_wrapper\">\n\t\t\t<p>\ud83d\udca2 Details zur Reise:<br \/>\nProgramm der Tauchtour Zeit: 6 Stunden Abenteuer Sie k\u00f6nnen an zwei verschiedenen Stellen tauchen, unter der Aufsicht unserer Tauchlehrer unter Wasser atmen und das Leben unter dem kristallklaren Wasser genau beobachten, w\u00e4hrend Sie zu den Buchten von Marmaris fahren Reich an allen Elementen der Natur. Sie dauern etwa 20 Minuten und Sie werden jeden Moment des Tauchgangs in Zweiergruppen und unter der Aufsicht unserer Tauchlehrer genie\u00dfen.<br \/>\nDer erste Tauchgang findet in einer Tiefe von etwa 5 Metern statt und bietet Ihnen ein Unterwasser-Atmungserlebnis. Mit den Informationen unserer Instruktoren werden Sie glauben, in eine andere Welt teleportiert zu werden, nach den Atem\u00fcbungen, die Sie unter Wasser erleben, ohne in Panik zu geraten, werden Sie nicht genug davon bekommen k\u00f6nnen, die um Sie kreisenden Fische zu beobachten. Beim ersten Training der Marmaris-Tauchtour werden Sie, nachdem Sie die Feinheiten des Tauchens verstanden haben, ein wunderbares Mittagessen genie\u00dfen, das von unseren erfahrenen K\u00f6chen zubereitet wird, um Ihre Energie zu regenerieren. Sie werden Gespr\u00e4che \u00fcber Essen und Taucherlebnisse f\u00fchren, begleitet von der einzigartigen Aussicht der Buchten von Marmaris Nach dem Mittagessen begeben Sie sich in die Bucht, wo der zweite Teil stattfinden wird. Bei der Marmaris-Schnorcheltour werden Sie die H\u00f6hen und Tiefen des tiefblauen Wassers genie\u00dfen.<br \/>\n\ud83d\udff0\ud83d\udff0\ud83d\udff0\ud83d\udff0\ud83d\udff0\ud83d\udff0<br \/>\n\ud83d\udca2 Informationen zu einer Reise<br \/>\nWir m\u00f6chten Sie an einige der Ausr\u00fcstungsgegenst\u00e4nde erinnern, die Sie mitnehmen m\u00fcssen, um sich w\u00e4hrend Ihrer wunderbaren Reise wohler zu f\u00fchlen<br \/>\nDinge, die wir empfehlen, w\u00e4hrend Ihrer Marmaris-Tauchtour mitzubringen;<br \/>\nHut\/Sonnenbrille\/Sonnencreme<br \/>\nDoppeltes Handtuch\/Ersatzbadebekleidung\/Hausschuhe\/T\u00fccher oder leichte Kleidung<br \/>\nKamera<\/p>\n\n\t\t<\/div>\n\t<\/div>\n\n\t<div class=\"wpb_raw_code wpb_raw_html wpb_content_element\" >\n\t\t<div class=\"wpb_wrapper\">\n\t\t\t<a href=\"\/de\/mustafa\/\" class=\"btn-whatsapp-pulse1 btn-whatsapp-pulse-border1\" target=\"_blank\">\n\t<i class=\"fab fa-whatsapp\"><\/i>\n<\/a>\n\n\n\n<style>\n.btn-whatsapp-pulse1 {\n\tz-index:9999;\n\tbackground: #25d366;\n\tcolor: white;\n\tposition: fixed;\n\n\tbottom: 100px;\n\tright: 20px;\n\tfont-size: 40px;\n\tdisplay: flex;\n\tjustify-content: center;\n\talign-items: center;\n\twidth: 0;\n\theight: 0;\n\tpadding: 35px;\n\ttext-decoration: none;\n\tborder-radius: 50%;\n\tanimation-name: pulse;\n\tanimation-duration: 1.5s;\n\tanimation-timing-function: ease-out;\n\tanimation-iteration-count: infinite;\n}\n\n<\/style>\n\t\t<\/div>\n\t<\/div>\n<\/div><\/div><\/div><\/div>\n<\/div>","protected":false},"excerpt":{"rendered":"<p>\ud83d\udd36 Im Preis inbegriffen:<br \/>\n\ud83d\udd38 inklusive Mittagessen<br \/>\n\ud83d\udd38 Inklusive Transport zum und vom Hotel<br \/>\n\ud83d\udd38\u0634\u0627\u0645\u0644 \u0645\u0631\u0634\u062f &#8230; <\/p>","protected":false},"featured_media":2481,"comment_status":"open","ping_status":"closed","template":"","meta":[],"product_cat":[86],"product_tag":[],"class_list":{"0":"post-2480","1":"product","2":"type-product","3":"status-publish","4":"has-post-thumbnail","6":"product_cat-86","8":"first","9":"instock","10":"shipping-taxable","11":"purchasable","12":"product-type-simple"},"_links":{"self":[{"href":"https:\/\/mousasky.com\/de\/wp-json\/wp\/v2\/product\/2480","targetHints":{"allow":["GET"]}}],"collection":[{"href":"https:\/\/mousasky.com\/de\/wp-json\/wp\/v2\/product"}],"about":[{"href":"https:\/\/mousasky.com\/de\/wp-json\/wp\/v2\/types\/product"}],"replies":[{"embeddable":true,"href":"https:\/\/mousasky.com\/de\/wp-json\/wp\/v2\/comments?post=2480"}],"wp:featuredmedia":[{"embeddable":true,"href":"https:\/\/mousasky.com\/de\/wp-json\/wp\/v2\/media\/2481"}],"wp:attachment":[{"href":"https:\/\/mousasky.com\/de\/wp-json\/wp\/v2\/media?parent=2480"}],"wp:term":[{"taxonomy":"product_cat","embeddable":true,"href":"https:\/\/mousasky.com\/de\/wp-json\/wp\/v2\/product_cat?post=2480"},{"taxonomy":"product_tag","embeddable":true,"href":"https:\/\/mousasky.com\/de\/wp-json\/wp\/v2\/product_tag?post=2480"}],"curies":[{"name":"wp","href":"https:\/\/api.w.org\/{rel}","templated":true}]}}