{"id":2471,"date":"2023-01-14T08:43:52","date_gmt":"2023-01-14T08:43:52","guid":{"rendered":"https:\/\/mousasky.com\/?post_type=product&#038;p=2471"},"modified":"2023-06-23T14:06:40","modified_gmt":"2023-06-23T14:06:40","slug":"%d8%b1%d8%ad%d9%80%d9%80%d9%80%d9%84%d8%a9-%d8%b1%d8%a7%d9%81%d8%aa%d9%86%d9%83-%d9%81%d9%8a-%d9%85%d8%b1%d9%85%d8%b1%d9%8a%d8%b3","status":"publish","type":"product","link":"https:\/\/mousasky.com\/de\/produkt\/\u0631\u062d\u0640\u0640\u0640\u0644\u0629-\u0631\u0627\u0641\u062a\u0646\u0643-\u0641\u064a-\u0645\u0631\u0645\u0631\u064a\u0633\/","title":{"rendered":"Raftnik-Ausflug in Marmaris"},"content":{"rendered":"<div class=\"wpb-content-wrapper\"><div class=\"vc_row wpb_row vc_row-fluid\"><div class=\"wpb_column vc_column_container vc_col-sm-12\"><div class=\"vc_column-inner\"><div class=\"wpb_wrapper\">\n\t<div class=\"wpb_text_column wpb_content_element\" >\n\t\t<div class=\"wpb_wrapper\">\n\t\t\t<p>\ud83d\udca2 Details zur Reise:<br \/>\nKajak-Ausflugsprogramm Sie bereiten sich auf einen 3,5-st\u00fcndigen Rafting-Ausflug \u00fcber eine Distanz von 12 km vor.<br \/>\nUnsere Paddellehrer hei\u00dfen Sie herzlich willkommen und geben Ihnen detaillierte Informationen zu den Paddelrouten. Nachdem wir \u00fcber die Verwendung der Ausr\u00fcstung und Sicherheitsvorkehrungen informiert wurden, verstehen wir die Notwendigkeit, alle Sicherheitsvorkehrungen zu treffen und arbeiten mit den erfahrensten Paddellehrern zusammen, um Sie und Ihre Lieben aus jedem Blickwinkel zu sch\u00fctzen und Ihnen spa\u00dfige Momente zu erm\u00f6glichen. Es besteht aus zwei Runden mit einer leichten Strecke. Und nachdem Sie sich eine Weile ausgeruht haben, werden Sie sich daran gew\u00f6hnen und sind bereit f\u00fcr eine anspruchsvollere Strecke auf der zweiten Etappe. Sie werden das Adrenalin sp\u00fcren, wenn sich Gel\u00e4chter mit dem Rauschen des Flusses vermischt, und die gr\u00fcne Natur wird Ihnen um Sie herum folgen. W\u00e4hrend der Marmaris-Rafting-Tour, bei der Fr\u00fchst\u00fcck und Mittagessen ebenfalls im Tourpreis enthalten sind, werden Sie voller Abenteuer sein Adrenalin, und Sie werden es genie\u00dfen, Zeit in der nat\u00fcrlichsten Gegend von Dalaman zu verbringen.<br \/>\n\ud83d\udff0\ud83d\udff0\ud83d\udff0\ud83d\udff0\ud83d\udff0\ud83d\udff0\ud83d\udff0<br \/>\n\ud83d\udca2 Informationen zu einer Reise<br \/>\nDinge, die wir Ihnen dringend empfehlen, w\u00e4hrend der Marmaris-Rafting-Tour mitzubringen;<br \/>\nHut\/Sonnenbrille\/Sonnencreme<br \/>\nDoppeltes Handtuch \/ Ersatzbadebekleidung \/ Hausschuhe \/ Ersatzstrandschuhe und T-Shirts<br \/>\nBequeme Wanderschuhe\/Kamera<\/p>\n\n\t\t<\/div>\n\t<\/div>\n\n\t<div class=\"wpb_raw_code wpb_raw_html wpb_content_element\" >\n\t\t<div class=\"wpb_wrapper\">\n\t\t\t<a href=\"\/de\/mustafa\/\" class=\"btn-whatsapp-pulse1 btn-whatsapp-pulse-border1\" target=\"_blank\">\n\t<i class=\"fab fa-whatsapp\"><\/i>\n<\/a>\n\n\n\n<style>\n.btn-whatsapp-pulse1 {\n\tz-index:9999;\n\tbackground: #25d366;\n\tcolor: white;\n\tposition: fixed;\n\n\tbottom: 100px;\n\tright: 20px;\n\tfont-size: 40px;\n\tdisplay: flex;\n\tjustify-content: center;\n\talign-items: center;\n\twidth: 0;\n\theight: 0;\n\tpadding: 35px;\n\ttext-decoration: none;\n\tborder-radius: 50%;\n\tanimation-name: pulse;\n\tanimation-duration: 1.5s;\n\tanimation-timing-function: ease-out;\n\tanimation-iteration-count: infinite;\n}\n\n<\/style>\n\t\t<\/div>\n\t<\/div>\n<\/div><\/div><\/div><\/div>\n<\/div>","protected":false},"excerpt":{"rendered":"<p>\ud83d\udd36 Im Preis inbegriffen:<br \/>\n\ud83d\udd38 Inklusive Fr\u00fchst\u00fcck und Mittagessen<br \/>\n\ud83d\udd38 inklusive Raftnk<br \/>\n\ud83d\udd38\u0634\u0627\u0645\u0644 \u0645\u0648\u0627\u0635\u0644\u0627\u062a \u0645\u0646 &#8230; <\/p>","protected":false},"featured_media":2472,"comment_status":"open","ping_status":"closed","template":"","meta":[],"product_cat":[86],"product_tag":[],"class_list":{"0":"post-2471","1":"product","2":"type-product","3":"status-publish","4":"has-post-thumbnail","6":"product_cat-86","8":"first","9":"instock","10":"shipping-taxable","11":"purchasable","12":"product-type-simple"},"_links":{"self":[{"href":"https:\/\/mousasky.com\/de\/wp-json\/wp\/v2\/product\/2471","targetHints":{"allow":["GET"]}}],"collection":[{"href":"https:\/\/mousasky.com\/de\/wp-json\/wp\/v2\/product"}],"about":[{"href":"https:\/\/mousasky.com\/de\/wp-json\/wp\/v2\/types\/product"}],"replies":[{"embeddable":true,"href":"https:\/\/mousasky.com\/de\/wp-json\/wp\/v2\/comments?post=2471"}],"wp:featuredmedia":[{"embeddable":true,"href":"https:\/\/mousasky.com\/de\/wp-json\/wp\/v2\/media\/2472"}],"wp:attachment":[{"href":"https:\/\/mousasky.com\/de\/wp-json\/wp\/v2\/media?parent=2471"}],"wp:term":[{"taxonomy":"product_cat","embeddable":true,"href":"https:\/\/mousasky.com\/de\/wp-json\/wp\/v2\/product_cat?post=2471"},{"taxonomy":"product_tag","embeddable":true,"href":"https:\/\/mousasky.com\/de\/wp-json\/wp\/v2\/product_tag?post=2471"}],"curies":[{"name":"wp","href":"https:\/\/api.w.org\/{rel}","templated":true}]}}