{"id":2444,"date":"2023-01-13T14:32:49","date_gmt":"2023-01-13T14:32:49","guid":{"rendered":"https:\/\/mousasky.com\/?post_type=product&#038;p=2444"},"modified":"2023-06-23T14:06:59","modified_gmt":"2023-06-23T14:06:59","slug":"%d8%b1%d8%ad%d9%80%d9%80%d9%80%d9%84%d8%a9-%d8%a7%d9%84%d8%a8%d8%b1%d8%a7%d8%b4%d9%88%d8%aa-%d9%81%d9%8a-%d9%85%d8%b1%d9%85%d8%b1%d9%8a%d8%b3","status":"publish","type":"product","link":"https:\/\/mousasky.com\/de\/produkt\/\u0631\u062d\u0640\u0640\u0640\u0644\u0629-\u0627\u0644\u0628\u0631\u0627\u0634\u0648\u062a-\u0641\u064a-\u0645\u0631\u0645\u0631\u064a\u0633\/","title":{"rendered":"Fallschirmausflug in Marmaris"},"content":{"rendered":"<div class=\"wpb-content-wrapper\"><div class=\"vc_row wpb_row vc_row-fluid\"><div class=\"wpb_column vc_column_container vc_col-sm-12\"><div class=\"vc_column-inner\"><div class=\"wpb_wrapper\">\n\t<div class=\"wpb_text_column wpb_content_element\" >\n\t\t<div class=\"wpb_wrapper\">\n\t\t\t<p>\ud83d\udca2 Details zur Reise:<br \/>\nParagliding Das Fethiye \u00d6l\u00fcdeniz Paragliding-Programm beginnt am Morgen und Sie werden zuerst in Fethiye ankommen. Unsere Instruktoren, die Sie hier begr\u00fc\u00dfen, geben Ihnen Informationen und eine kurze Schulung zum Thema Gleitschirmfliegen. Nachdem Sie sich mit der Gleitschirmausr\u00fcstung vertraut gemacht und die Anweisungen gelernt haben, begeben Sie sich auf eine abenteuerliche Jeepfahrt zum Babadag-Gipfel, wo das Gleitschirmfliegen stattfindet. W\u00e4hrend Sie die H\u00e4nge von Babadag erklimmen, werden Sie zu diesem Zeitpunkt Ihr erstes Adrenalin freisetzen. Wenn Sie mit dem Jeep \u00fcber die steilen H\u00e4nge von Babada\u011f fahren, m\u00fcssen wir Sie warnen, dass Sie m\u00f6glicherweise ein wenig Angst haben. Diese Angst wird sich jedoch nach einer Weile in eine angenehme Reise verwandeln, und wenn Sie den Babadag-Gipfel erreichen, werden Sie die Aussicht unten genie\u00dfen und sich wie in einer anderen Welt f\u00fchlen. Nachdem Sie den Anweisungen unserer Instruktoren gefolgt sind und den Wind im R\u00fccken haben, ist es Zeit einzusteigen und die Aufregung der ersten Sekunden verwandelt sich in einen magischen Flug, wenn Ihre F\u00fc\u00dfe vom Boden abgehoben sind. Wenn Sie erkennen, dass Sie nichts zu bef\u00fcrchten haben, k\u00f6nnen Sie diese einzigartige Reise nun pur genie\u00dfen.<br \/>\n\ud83d\udff0\ud83d\udff0\ud83d\udff0\ud83d\udff0\ud83d\udff0\ud83d\udff0\ud83d\udff0<br \/>\n\ud83d\udca2 Informationen zu einer Reise<br \/>\nWir empfehlen Ihnen, wichtige Dinge zu einer Veranstaltung mitzubringen<br \/>\nHut\/Sonnenbrille\/Sonnencreme<br \/>\nBequeme Kleidung\/Handt\u00fccher und Badebekleidung<br \/>\nBequeme Wanderschuhe \/ gutes Preis-Leistungs-Verh\u00e4ltnis \/ Kamera<\/p>\n\n\t\t<\/div>\n\t<\/div>\n\n\t<div class=\"wpb_raw_code wpb_raw_html wpb_content_element\" >\n\t\t<div class=\"wpb_wrapper\">\n\t\t\t<a href=\"\/de\/mustafa\/\" class=\"btn-whatsapp-pulse1 btn-whatsapp-pulse-border1\" target=\"_blank\">\n\t<i class=\"fab fa-whatsapp\"><\/i>\n<\/a>\n\n\n\n<style>\n.btn-whatsapp-pulse1 {\n\tz-index:9999;\n\tbackground: #25d366;\n\tcolor: white;\n\tposition: fixed;\n\n\tbottom: 100px;\n\tright: 20px;\n\tfont-size: 40px;\n\tdisplay: flex;\n\tjustify-content: center;\n\talign-items: center;\n\twidth: 0;\n\theight: 0;\n\tpadding: 35px;\n\ttext-decoration: none;\n\tborder-radius: 50%;\n\tanimation-name: pulse;\n\tanimation-duration: 1.5s;\n\tanimation-timing-function: ease-out;\n\tanimation-iteration-count: infinite;\n}\n\n<\/style>\n\t\t<\/div>\n\t<\/div>\n<\/div><\/div><\/div><\/div>\n<\/div>","protected":false},"excerpt":{"rendered":"<p>\ud83d\udd36 Im Preis inbegriffen:<br \/>\n\ud83d\udd38 Inklusive Transport zum und vom Hotel<br \/>\n\ud83d\udd38 inklusive Reiseleiter<\/p>\n<p><span","protected":false},"featured_media":2445,"comment_status":"open","ping_status":"closed","template":"","meta":[],"product_cat":[86],"product_tag":[],"class_list":{"0":"post-2444","1":"product","2":"type-product","3":"status-publish","4":"has-post-thumbnail","6":"product_cat-86","8":"first","9":"instock","10":"shipping-taxable","11":"purchasable","12":"product-type-simple"},"_links":{"self":[{"href":"https:\/\/mousasky.com\/de\/wp-json\/wp\/v2\/product\/2444","targetHints":{"allow":["GET"]}}],"collection":[{"href":"https:\/\/mousasky.com\/de\/wp-json\/wp\/v2\/product"}],"about":[{"href":"https:\/\/mousasky.com\/de\/wp-json\/wp\/v2\/types\/product"}],"replies":[{"embeddable":true,"href":"https:\/\/mousasky.com\/de\/wp-json\/wp\/v2\/comments?post=2444"}],"wp:featuredmedia":[{"embeddable":true,"href":"https:\/\/mousasky.com\/de\/wp-json\/wp\/v2\/media\/2445"}],"wp:attachment":[{"href":"https:\/\/mousasky.com\/de\/wp-json\/wp\/v2\/media?parent=2444"}],"wp:term":[{"taxonomy":"product_cat","embeddable":true,"href":"https:\/\/mousasky.com\/de\/wp-json\/wp\/v2\/product_cat?post=2444"},{"taxonomy":"product_tag","embeddable":true,"href":"https:\/\/mousasky.com\/de\/wp-json\/wp\/v2\/product_tag?post=2444"}],"curies":[{"name":"wp","href":"https:\/\/api.w.org\/{rel}","templated":true}]}}