{"id":2426,"date":"2023-01-13T14:24:48","date_gmt":"2023-01-13T14:24:48","guid":{"rendered":"https:\/\/mousasky.com\/?post_type=product&#038;p=2426"},"modified":"2023-06-23T14:07:18","modified_gmt":"2023-06-23T14:07:18","slug":"%d8%b1%d8%ad%d9%80%d9%80%d9%80%d9%84%d8%a9-%d9%81%d8%aa%d8%ad%d9%8a%d8%a9-%d9%88%d8%a7%d9%84%d8%a8%d8%ad%d8%b1%d8%a7%d9%84%d9%85%d9%8a%d8%aa-%d9%85%d9%86-%d9%85%d8%b1%d9%85%d8%b1%d9%8a%d8%b3","status":"publish","type":"product","link":"https:\/\/mousasky.com\/de\/produkt\/\u0631\u062d\u0640\u0640\u0640\u0644\u0629-\u0641\u062a\u062d\u064a\u0629-\u0648\u0627\u0644\u0628\u062d\u0631\u0627\u0644\u0645\u064a\u062a-\u0645\u0646-\u0645\u0631\u0645\u0631\u064a\u0633\/","title":{"rendered":"Fethiye und der Seeausflug von Marmaris aus"},"content":{"rendered":"<div class=\"wpb-content-wrapper\"><div class=\"vc_row wpb_row vc_row-fluid\"><div class=\"wpb_column vc_column_container vc_col-sm-12\"><div class=\"vc_column-inner\"><div class=\"wpb_wrapper\">\n\t<div class=\"wpb_text_column wpb_content_element\" >\n\t\t<div class=\"wpb_wrapper\">\n\t\t\t<p>\ud83d\udca2 Details zur Reise:<br \/>\nEine Tour durch Fethiye, das 130 km von Marmaris entfernt liegt, wo Sie mit wunderbaren Ausblicken weiterfahren, durch die sch\u00f6nsten Ferienorte der \u00c4g\u00e4is fahren, das Tote Meer erreichen und anschlie\u00dfend den Sakl\u0131kent-Nationalpark besuchen.<br \/>\nW\u00e4hrend der Reise, auf der Sie die Natursch\u00f6nheiten in und um G\u00f6cek erkunden, gibt Ihnen unser Reiseleiter umfassende Informationen zu den Stationen, die Sie besuchen werden, und Sie erhalten viele Informationen \u00fcber diesen Ort, bevor Sie Fethiye erreichen.<br \/>\nWenn Sie Fethiye erreichen, fahren Sie in Richtung Totes Meer. Der Duft der Pinien umgibt Sie auf den kurvigen Stra\u00dfen, die sich unter der majest\u00e4tischen Aussicht auf Babadag und der herrlichen Landschaft erstrecken. Er wurde 2006 zum sch\u00f6nsten Strand der Welt gew\u00e4hlt und ist die erste Anlaufstelle, an der Sie schwimmen, spazieren gehen, Ausfl\u00fcge unternehmen, Wassersport betreiben und eine gute Zeit haben k\u00f6nnen. Dann fahren wir in den Stadtteil Sakl\u0131kent am Fluss E\u015fen. Sie k\u00f6nnen einen Spaziergang im Fluss machen, der durch die Gegend flie\u00dft und in Richtung \u00c4g\u00e4is flie\u00dft, obwohl es sehr kalt ist, und Sie k\u00f6nnen ein anderes Erlebnis erleben, wenn Sie das Tal \u00fcberqueren. Es ist ein wundersch\u00f6ner Ort in einer einzigartigen Gegend, wo das flie\u00dfende Wasser, die Ger\u00e4usche der V\u00f6gel und das Mittagessen in der Gegend von Sakl\u0131kent. Spazieren Sie durch das Tal, indem Sie Ihre F\u00fc\u00dfe ins Wasser halten.<\/p>\n\n\t\t<\/div>\n\t<\/div>\n\n\t<div class=\"wpb_raw_code wpb_raw_html wpb_content_element\" >\n\t\t<div class=\"wpb_wrapper\">\n\t\t\t<a href=\"\/de\/mustafa\/\" class=\"btn-whatsapp-pulse1 btn-whatsapp-pulse-border1\" target=\"_blank\">\n\t<i class=\"fab fa-whatsapp\"><\/i>\n<\/a>\n\n\n\n<style>\n.btn-whatsapp-pulse1 {\n\tz-index:9999;\n\tbackground: #25d366;\n\tcolor: white;\n\tposition: fixed;\n\n\tbottom: 100px;\n\tright: 20px;\n\tfont-size: 40px;\n\tdisplay: flex;\n\tjustify-content: center;\n\talign-items: center;\n\twidth: 0;\n\theight: 0;\n\tpadding: 35px;\n\ttext-decoration: none;\n\tborder-radius: 50%;\n\tanimation-name: pulse;\n\tanimation-duration: 1.5s;\n\tanimation-timing-function: ease-out;\n\tanimation-iteration-count: infinite;\n}\n\n<\/style>\n\t\t<\/div>\n\t<\/div>\n<\/div><\/div><\/div><\/div>\n<\/div>","protected":false},"excerpt":{"rendered":"<p>\ud83d\udd36 Im Preis inbegriffen:<br \/>\n\ud83d\udd38 inklusive Fr\u00fchst\u00fcck und Mittagessen<br \/>\n\ud83d\udd38 Inklusive Transport zum und vom Hotel<br \/>\n\ud83d\udd38\u0634\u0627\u0645\u0644 &#8230; <\/p>","protected":false},"featured_media":2432,"comment_status":"open","ping_status":"closed","template":"","meta":[],"product_cat":[86],"product_tag":[],"class_list":{"0":"post-2426","1":"product","2":"type-product","3":"status-publish","4":"has-post-thumbnail","6":"product_cat-86","8":"first","9":"instock","10":"shipping-taxable","11":"purchasable","12":"product-type-simple"},"_links":{"self":[{"href":"https:\/\/mousasky.com\/de\/wp-json\/wp\/v2\/product\/2426","targetHints":{"allow":["GET"]}}],"collection":[{"href":"https:\/\/mousasky.com\/de\/wp-json\/wp\/v2\/product"}],"about":[{"href":"https:\/\/mousasky.com\/de\/wp-json\/wp\/v2\/types\/product"}],"replies":[{"embeddable":true,"href":"https:\/\/mousasky.com\/de\/wp-json\/wp\/v2\/comments?post=2426"}],"wp:featuredmedia":[{"embeddable":true,"href":"https:\/\/mousasky.com\/de\/wp-json\/wp\/v2\/media\/2432"}],"wp:attachment":[{"href":"https:\/\/mousasky.com\/de\/wp-json\/wp\/v2\/media?parent=2426"}],"wp:term":[{"taxonomy":"product_cat","embeddable":true,"href":"https:\/\/mousasky.com\/de\/wp-json\/wp\/v2\/product_cat?post=2426"},{"taxonomy":"product_tag","embeddable":true,"href":"https:\/\/mousasky.com\/de\/wp-json\/wp\/v2\/product_tag?post=2426"}],"curies":[{"name":"wp","href":"https:\/\/api.w.org\/{rel}","templated":true}]}}