{"id":2365,"date":"2023-01-12T15:26:57","date_gmt":"2023-01-12T15:26:57","guid":{"rendered":"https:\/\/mousasky.com\/?post_type=product&#038;p=2365"},"modified":"2024-07-23T15:47:22","modified_gmt":"2024-07-23T15:47:22","slug":"%d8%b1%d8%ad%d9%84%d8%a9-%d9%85%d8%af%d9%8a%d9%86%d8%a9-%d8%a7%d9%86%d8%b7%d8%a7%d9%84%d9%8a%d8%a7-%d9%88%d8%b4%d9%84%d8%a7%d9%84%d8%a7%d8%aa-%d8%af%d9%88%d8%af%d8%a7%d9%86","status":"publish","type":"product","link":"https:\/\/mousasky.com\/de\/produkt\/\u0631\u062d\u0644\u0629-\u0645\u062f\u064a\u0646\u0629-\u0627\u0646\u0637\u0627\u0644\u064a\u0627-\u0648\u0634\u0644\u0627\u0644\u0627\u062a-\u062f\u0648\u062f\u0627\u0646\/","title":{"rendered":"St\u00e4dtetrip nach Antalya und Dudan-Wasserf\u00e4lle"},"content":{"rendered":"<div class=\"wpb-content-wrapper\"><div class=\"vc_row wpb_row vc_row-fluid\"><div class=\"wpb_column vc_column_container vc_col-sm-12\"><div class=\"vc_column-inner\"><div class=\"wpb_wrapper\">\n\t<div class=\"wpb_text_column wpb_content_element\" >\n\t\t<div class=\"wpb_wrapper\">\n\t\t\t<p>\ud83d\udca2 Reiseprogramm:<br \/>\nDer Ausflug nach Antalya ist ein ganzt\u00e4giger Ausflug, bei dem wir sehen<\/p>\n<p>Der Dudan-Wasserfall ist eines der einzigartigen Wahrzeichen von Antalya. Er liegt im Fluss Dudan, 13 km vom Stadtzentrum entfernt und hat eine H\u00f6he von 20 Metern.<br \/>\nHinter dem Wasserfall gibt es eine H\u00f6hle, die Sie besuchen und den Wasserfall von hinten betrachten k\u00f6nnen.<br \/>\nTunketb-Seilbahn; Seine H\u00f6he erreicht 605 Meter<br \/>\nEs wird einer der sch\u00f6nsten Orte in Antalya sein,<br \/>\nEs blickt auf den Hafen und das Mittelmeer und kostet 15 Pfund.<br \/>\n\ud83d\udd39 Antalya-Bootstour; Vom alten Hafen von Antalya aus dauert es etwa eine Stunde, bis Sie zu den Karpuz-Caldran-Wasserf\u00e4llen gelangen, die als Untere-Dudan-Wasserf\u00e4lle bekannt sind und aus etwa 40 Metern H\u00f6he ins Mittelmeer st\u00fcrzen.<br \/>\nEs sieht beeindruckend aus zwischen den w\u00e4ssrigen Wolken, die wie ein atemberaubendes Gem\u00e4lde von au\u00dferhalb des Bootes ins Meer fallen.<br \/>\nWir kehren zur\u00fcck, um vom Boot aus die K\u00fcsten der antiken Stadt Antalya zu besichtigen. \u202c<br \/>\n\ud83d\udd39 Kalechi; Dort k\u00f6nnen Sie das Hadrianstor, den Glockenturm, das besch\u00e4digte Minarett und den alten Hafen sehen. Genie\u00dfen Sie eine enge Gasse in der Stadt und haben Sie die M\u00f6glichkeit, in Ihrer Freizeit, die etwa anderthalb Stunden dauert, einzukaufen.<\/p>\n\n\t\t<\/div>\n\t<\/div>\n\n\t<div class=\"wpb_raw_code wpb_raw_html wpb_content_element\" >\n\t\t<div class=\"wpb_wrapper\">\n\t\t\t<a href=\"\/de\/mustafa\/\" class=\"btn-whatsapp-pulse1 btn-whatsapp-pulse-border1\" target=\"_blank\">\n\t<i class=\"fab fa-whatsapp\"><\/i>\n<\/a>\n\n\n\n<style>\n.btn-whatsapp-pulse1 {\n\tz-index:9999;\n\tbackground: #25d366;\n\tcolor: white;\n\tposition: fixed;\n\n\tbottom: 100px;\n\tright: 20px;\n\tfont-size: 40px;\n\tdisplay: flex;\n\tjustify-content: center;\n\talign-items: center;\n\twidth: 0;\n\theight: 0;\n\tpadding: 35px;\n\ttext-decoration: none;\n\tborder-radius: 50%;\n\tanimation-name: pulse;\n\tanimation-duration: 1.5s;\n\tanimation-timing-function: ease-out;\n\tanimation-iteration-count: infinite;\n}\n\n<\/style>\n\t\t<\/div>\n\t<\/div>\n<\/div><\/div><\/div><\/div>\n<\/div>","protected":false},"excerpt":{"rendered":"<p>\u0645\u0644\u0627\u062d\u0638\u0629 \u0627\u0644\u0627\u0633\u0639\u0627\u0631 \u0627\u0644\u0645\u0648\u062c\u0648\u062f\u0629 \u0645\u0646 \u0645\u0631\u0643\u0632 \u0645\u062f\u064a\u0646\u0629 \u0627\u0646\u0637\u0627\u0644\u064a\u0627<br \/>\n\u0648\u0628\u0627\u0642\u064a \u0627\u0644\u0627\u0645\u0627\u0643\u0646 \u064a\u062e\u062a\u0644\u0641 \u0627\u0644\u0627\u0633\u0639\u0627\u0631 \u0639\u0644 &#8230; <\/p>","protected":false},"featured_media":4847,"comment_status":"open","ping_status":"closed","template":"","meta":[],"product_cat":[83],"product_tag":[],"class_list":{"0":"post-2365","1":"product","2":"type-product","3":"status-publish","4":"has-post-thumbnail","6":"product_cat-83","8":"first","9":"instock","10":"shipping-taxable","11":"purchasable","12":"product-type-simple"},"_links":{"self":[{"href":"https:\/\/mousasky.com\/de\/wp-json\/wp\/v2\/product\/2365","targetHints":{"allow":["GET"]}}],"collection":[{"href":"https:\/\/mousasky.com\/de\/wp-json\/wp\/v2\/product"}],"about":[{"href":"https:\/\/mousasky.com\/de\/wp-json\/wp\/v2\/types\/product"}],"replies":[{"embeddable":true,"href":"https:\/\/mousasky.com\/de\/wp-json\/wp\/v2\/comments?post=2365"}],"wp:featuredmedia":[{"embeddable":true,"href":"https:\/\/mousasky.com\/de\/wp-json\/wp\/v2\/media\/4847"}],"wp:attachment":[{"href":"https:\/\/mousasky.com\/de\/wp-json\/wp\/v2\/media?parent=2365"}],"wp:term":[{"taxonomy":"product_cat","embeddable":true,"href":"https:\/\/mousasky.com\/de\/wp-json\/wp\/v2\/product_cat?post=2365"},{"taxonomy":"product_tag","embeddable":true,"href":"https:\/\/mousasky.com\/de\/wp-json\/wp\/v2\/product_tag?post=2365"}],"curies":[{"name":"wp","href":"https:\/\/api.w.org\/{rel}","templated":true}]}}