{"id":2356,"date":"2023-01-12T15:23:56","date_gmt":"2023-01-12T15:23:56","guid":{"rendered":"https:\/\/mousasky.com\/?post_type=product&#038;p=2356"},"modified":"2024-07-23T15:47:32","modified_gmt":"2024-07-23T15:47:32","slug":"%d8%b1%d8%ad%d9%84%d8%a9-%d8%a7%d9%84%d8%af%d8%b1%d8%a7%d8%ac%d8%a7%d8%aa-atv-%d9%81%d9%8a-%d8%a7%d9%86%d8%b7%d8%a7%d9%84%d9%8a%d8%a7","status":"publish","type":"product","link":"https:\/\/mousasky.com\/de\/produkt\/\u0631\u062d\u0644\u0629-\u0627\u0644\u062f\u0631\u0627\u062c\u0627\u062a-atv-\u0641\u064a-\u0627\u0646\u0637\u0627\u0644\u064a\u0627\/","title":{"rendered":"ATV-Radtour in Antalya"},"content":{"rendered":"<div class=\"wpb-content-wrapper\"><div class=\"vc_row wpb_row vc_row-fluid\"><div class=\"wpb_column vc_column_container vc_col-sm-12\"><div class=\"vc_column-inner\"><div class=\"wpb_wrapper\">\n\t<div class=\"wpb_text_column wpb_content_element\" >\n\t\t<div class=\"wpb_wrapper\">\n\t\t\t<p>\u25fe\ufe0f Flugzeit<br \/>\n1. \u25aa\ufe0fMorgengruppe, Abfahrtszeit 9:00 Uhr, R\u00fcckkehrzeit 13:00 Uhr<br \/>\n2. \u25aa\ufe0fDie Gruppe ist nach Mittag da, f\u00e4hrt um 13:30 Uhr ab und kehrt um 17:30 Uhr zur\u00fcck<br \/>\n3. \u25aa\ufe0f Abendgruppe, Abfahrtszeit 16:00 Uhr, R\u00fcckkehrzeit 20:00 Uhr<br \/>\n\ud83d\udff0\ud83d\udff0\ud83d\udff0\ud83d\udff0\ud83d\udff0\ud83d\udff0<br \/>\n\ud83d\udca2 Reiseprogramm:<br \/>\nDie Allrad-Radtour nach Antalya ist eine aufregende und unterhaltsame Reise. Wir organisieren eine Allrad-Radtour in der N\u00e4he des Korsunlu-Wasserfalls oder der Lara-Region, abh\u00e4ngig von Ihrem Wohnort.<br \/>\nUnsere Rikschas sind automatisch und einfach zu fahren. Wir ben\u00f6tigen weder Vorkenntnisse noch einen F\u00fchrerschein. Sie werden Freude daran haben, abseits der Stra\u00dfe zwischen den Kiefern des Antalya-Waldes zu fahren.<br \/>\nSie k\u00f6nnen alleine fahren oder gegen einen Aufpreis von 10 \u20ac zu zweit in der gleichen Kutsche fahren. Wir werden einige Pausen zum Entspannen einlegen.<br \/>\nWir verf\u00fcgen \u00fcber erfahrene und professionelle Guides, die Sie w\u00e4hrend der Quad-Tour in Antalya begleiten. Wir haben drei Quad-Tour-Zeitr\u00e4ume ab Antalya.<br \/>\n\ud83d\udff0\ud83d\udff0\ud83d\udff0\ud83d\udff0\ud83d\udff0\ud83d\udff0\ud83d\udff0<br \/>\n\ud83d\udca2 Informationen und Tipps:<br \/>\nSonnencreme, Badekleidung, bequeme Schuhe, Sonnenbrille und Taschent\u00fccher, um Gesicht und Augen vor Staub und Schmutz zu sch\u00fctzen,<\/p>\n\n\t\t<\/div>\n\t<\/div>\n\n\t<div class=\"wpb_raw_code wpb_raw_html wpb_content_element\" >\n\t\t<div class=\"wpb_wrapper\">\n\t\t\t<a href=\"\/de\/mustafa\/\" class=\"btn-whatsapp-pulse1 btn-whatsapp-pulse-border1\" target=\"_blank\">\n\t<i class=\"fab fa-whatsapp\"><\/i>\n<\/a>\n\n\n\n<style>\n.btn-whatsapp-pulse1 {\n\tz-index:9999;\n\tbackground: #25d366;\n\tcolor: white;\n\tposition: fixed;\n\n\tbottom: 100px;\n\tright: 20px;\n\tfont-size: 40px;\n\tdisplay: flex;\n\tjustify-content: center;\n\talign-items: center;\n\twidth: 0;\n\theight: 0;\n\tpadding: 35px;\n\ttext-decoration: none;\n\tborder-radius: 50%;\n\tanimation-name: pulse;\n\tanimation-duration: 1.5s;\n\tanimation-timing-function: ease-out;\n\tanimation-iteration-count: infinite;\n}\n\n<\/style>\n\t\t<\/div>\n\t<\/div>\n<\/div><\/div><\/div><\/div>\n<\/div>","protected":false},"excerpt":{"rendered":"<p>\u0645\u0644\u0627\u062d\u0638\u0629 \u0627\u0644\u0627\u0633\u0639\u0627\u0631 \u0627\u0644\u0645\u0648\u062c\u0648\u062f\u0629 \u0645\u0646 \u0645\u0631\u0643\u0632 \u0645\u062f\u064a\u0646\u0629 \u0627\u0646\u0637\u0627\u0644\u064a\u0627<br \/>\n\u0648\u0628\u0627\u0642\u064a \u0627\u0644\u0627\u0645\u0627\u0643\u0646 \u064a\u062e\u062a\u0644\u0641 \u0627\u0644\u0627\u0633\u0639\u0627\u0631 \u0639\u0644 &#8230; <\/p>","protected":false},"featured_media":4849,"comment_status":"open","ping_status":"closed","template":"","meta":[],"product_cat":[83],"product_tag":[],"class_list":{"0":"post-2356","1":"product","2":"type-product","3":"status-publish","4":"has-post-thumbnail","6":"product_cat-83","8":"first","9":"instock","10":"shipping-taxable","11":"purchasable","12":"product-type-simple"},"_links":{"self":[{"href":"https:\/\/mousasky.com\/de\/wp-json\/wp\/v2\/product\/2356","targetHints":{"allow":["GET"]}}],"collection":[{"href":"https:\/\/mousasky.com\/de\/wp-json\/wp\/v2\/product"}],"about":[{"href":"https:\/\/mousasky.com\/de\/wp-json\/wp\/v2\/types\/product"}],"replies":[{"embeddable":true,"href":"https:\/\/mousasky.com\/de\/wp-json\/wp\/v2\/comments?post=2356"}],"wp:featuredmedia":[{"embeddable":true,"href":"https:\/\/mousasky.com\/de\/wp-json\/wp\/v2\/media\/4849"}],"wp:attachment":[{"href":"https:\/\/mousasky.com\/de\/wp-json\/wp\/v2\/media?parent=2356"}],"wp:term":[{"taxonomy":"product_cat","embeddable":true,"href":"https:\/\/mousasky.com\/de\/wp-json\/wp\/v2\/product_cat?post=2356"},{"taxonomy":"product_tag","embeddable":true,"href":"https:\/\/mousasky.com\/de\/wp-json\/wp\/v2\/product_tag?post=2356"}],"curies":[{"name":"wp","href":"https:\/\/api.w.org\/{rel}","templated":true}]}}